{"id":2576447,"date":"2025-09-03T01:56:30","date_gmt":"2025-09-02T23:56:30","guid":{"rendered":"https:\/\/streetmarkets.fr\/app\/produit\/pull-col-rond-raye-coeur-h25-femme-ecru\/"},"modified":"2026-03-05T00:51:09","modified_gmt":"2026-03-04T23:51:09","slug":"pull-col-rond-raye-coeur-h25-femme-ecru","status":"publish","type":"product","link":"https:\/\/streetmarkets.fr\/app\/produit\/pull-col-rond-raye-coeur-h25-femme-ecru\/","title":{"rendered":"Pull Col Rond Ray\u00e9 C\u0153ur (H25 \/ FEMME \/ Ecru)"},"content":{"rendered":"<p>&#8211; Pull marini\u00e8re en cachemire 4 fils certifi\u00e9 GCS\u00ae Femme <br \/>&#8211; Rayures <br \/>&#8211; C\u0153ur From Future en intarsia <br \/>&#8211; Col rond <br \/>&#8211; Manches longues <br \/>&#8211; Finitions c\u00f4tel\u00e9es <br \/>&#8211; Coupe regular <br \/>&#8211; Le Good Cashmere Standard\u00ae (GCS) est une norme ind\u00e9pendante pour un cachemire plus durable et plus responsable. Il vise \u00e0 am\u00e9liorer le bien-\u00eatre des ch\u00e8vres cachemire, les conditions de travail des \u00e9leveurs ainsi qu&#8217;\u00e0 prot\u00e9ger l&#8217;environnement.<\/p>\n","protected":false},"excerpt":{"rendered":"<p>&#8211; Pull marini\u00e8re en cachemire 4 fils certifi\u00e9 GCS\u00ae Femme &#8211; Rayures &#8211; C\u0153ur From Future en intarsia &#8211; Col rond &#8211; Manches longues &#8211; Finitions c\u00f4tel\u00e9es &#8211; Coupe regular &#8211; Le Good Cashmere Standard\u00ae (GCS) est une norme ind\u00e9pendante pour un cachemire plus durable et plus responsable. Il vise \u00e0 am\u00e9liorer le bien-\u00eatre des [&hellip;]<\/p>\n","protected":false},"featured_media":2576448,"comment_status":"open","ping_status":"closed","template":"","meta":[],"product_brand":[6868],"product_cat":[1756,1762],"product_tag":[2244],"acf":[],"_links":{"self":[{"href":"https:\/\/streetmarkets.fr\/app\/wp-json\/wp\/v2\/product\/2576447"}],"collection":[{"href":"https:\/\/streetmarkets.fr\/app\/wp-json\/wp\/v2\/product"}],"about":[{"href":"https:\/\/streetmarkets.fr\/app\/wp-json\/wp\/v2\/types\/product"}],"replies":[{"embeddable":true,"href":"https:\/\/streetmarkets.fr\/app\/wp-json\/wp\/v2\/comments?post=2576447"}],"wp:featuredmedia":[{"embeddable":true,"href":"https:\/\/streetmarkets.fr\/app\/wp-json\/wp\/v2\/media\/2576448"}],"wp:attachment":[{"href":"https:\/\/streetmarkets.fr\/app\/wp-json\/wp\/v2\/media?parent=2576447"}],"wp:term":[{"taxonomy":"product_brand","embeddable":true,"href":"https:\/\/streetmarkets.fr\/app\/wp-json\/wp\/v2\/product_brand?post=2576447"},{"taxonomy":"product_cat","embeddable":true,"href":"https:\/\/streetmarkets.fr\/app\/wp-json\/wp\/v2\/product_cat?post=2576447"},{"taxonomy":"product_tag","embeddable":true,"href":"https:\/\/streetmarkets.fr\/app\/wp-json\/wp\/v2\/product_tag?post=2576447"}],"curies":[{"name":"wp","href":"https:\/\/api.w.org\/{rel}","templated":true}]}}