{"id":2576382,"date":"2025-09-03T01:56:23","date_gmt":"2025-09-02T23:56:23","guid":{"rendered":"https:\/\/streetmarkets.fr\/app\/produit\/pull-gilet-h25-femme-candy-green\/"},"modified":"2026-01-29T00:55:07","modified_gmt":"2026-01-28T23:55:07","slug":"pull-gilet-h25-femme-candy-green","status":"publish","type":"product","link":"https:\/\/streetmarkets.fr\/app\/produit\/pull-gilet-h25-femme-candy-green\/","title":{"rendered":"Pull Gilet (H25 \/ FEMME \/ Candy Green)"},"content":{"rendered":"<p>&#8211; Gilet en cachemire \u00e0 c\u00f4tes 2 fils certifi\u00e9 GCS\u00ae Femme<br \/>\n<br \/>&#8211; Manches longues<br \/>\n<br \/>&#8211; Fermeture zipp\u00e9e dor\u00e9e \u00e0 double sens<br \/>\n<br \/>&#8211; Coupe courte et slim<br \/>\n<br \/>&#8211; Le Good Cashmere Standard\u00ae (GCS) est une norme ind\u00e9pendante pour un cachemire plus durable et plus responsable. Il vise \u00e0 am\u00e9liorer le bien-\u00eatre des ch\u00e8vres cachemire, les conditions de travail des \u00e9leveurs ainsi qu&#8217;\u00e0 prot\u00e9ger l&#8217;environnement.<\/p>\n","protected":false},"excerpt":{"rendered":"<p>&#8211; Gilet en cachemire \u00e0 c\u00f4tes 2 fils certifi\u00e9 GCS\u00ae Femme &#8211; Manches longues &#8211; Fermeture zipp\u00e9e dor\u00e9e \u00e0 double sens &#8211; Coupe courte et slim &#8211; Le Good Cashmere Standard\u00ae (GCS) est une norme ind\u00e9pendante pour un cachemire plus durable et plus responsable. Il vise \u00e0 am\u00e9liorer le bien-\u00eatre des ch\u00e8vres cachemire, les conditions [&hellip;]<\/p>\n","protected":false},"featured_media":2576383,"comment_status":"open","ping_status":"closed","template":"","meta":[],"product_brand":[6868],"product_cat":[1756,1762],"product_tag":[2244],"acf":[],"_links":{"self":[{"href":"https:\/\/streetmarkets.fr\/app\/wp-json\/wp\/v2\/product\/2576382"}],"collection":[{"href":"https:\/\/streetmarkets.fr\/app\/wp-json\/wp\/v2\/product"}],"about":[{"href":"https:\/\/streetmarkets.fr\/app\/wp-json\/wp\/v2\/types\/product"}],"replies":[{"embeddable":true,"href":"https:\/\/streetmarkets.fr\/app\/wp-json\/wp\/v2\/comments?post=2576382"}],"wp:featuredmedia":[{"embeddable":true,"href":"https:\/\/streetmarkets.fr\/app\/wp-json\/wp\/v2\/media\/2576383"}],"wp:attachment":[{"href":"https:\/\/streetmarkets.fr\/app\/wp-json\/wp\/v2\/media?parent=2576382"}],"wp:term":[{"taxonomy":"product_brand","embeddable":true,"href":"https:\/\/streetmarkets.fr\/app\/wp-json\/wp\/v2\/product_brand?post=2576382"},{"taxonomy":"product_cat","embeddable":true,"href":"https:\/\/streetmarkets.fr\/app\/wp-json\/wp\/v2\/product_cat?post=2576382"},{"taxonomy":"product_tag","embeddable":true,"href":"https:\/\/streetmarkets.fr\/app\/wp-json\/wp\/v2\/product_tag?post=2576382"}],"curies":[{"name":"wp","href":"https:\/\/api.w.org\/{rel}","templated":true}]}}