{"id":2567045,"date":"2025-09-02T00:59:36","date_gmt":"2025-09-01T22:59:36","guid":{"rendered":"https:\/\/streetmarkets.fr\/app\/produit\/pins-bouquet-jardin\/"},"modified":"2026-05-05T00:58:57","modified_gmt":"2026-05-04T22:58:57","slug":"pins-bouquet-jardin","status":"publish","type":"product","link":"https:\/\/streetmarkets.fr\/app\/produit\/pins-bouquet-jardin\/","title":{"rendered":"Pin&#8217;s Bouquet Jardin"},"content":{"rendered":"<p>Pin&#8217;s Bouquet Jardin : Feuillage en libert\u00e9 !\u00a0<br \/>Un petit bijou de caract\u00e8re pour habiller une veste ou un tote bag ! Le pin&#8217;s Bouquet Jardin fait rayonner cette plante : l\u2019Euphorbe, avec ses feuilles oblongues et son allure solaire. Ce mod\u00e8le dor\u00e9 \u00e0 l\u2019or fin joue sur les gravures et les pleins et d\u00e9li\u00e9s, comme un bouquet qui s\u2019ouvre au vent.<\/p>\n<p>On aime :<br data-start=\"464\" data-end=\"467\">\u2013 Le motif v\u00e9g\u00e9tal qui \u00e9voque les rivages charentais.<br data-start=\"519\" data-end=\"522\">\u2013 La finesse des gravures, comme des rayons de lumi\u00e8re.<br data-start=\"576\" data-end=\"579\">\u2013 Le format discret mais qui attire le regard.<br data-start=\"624\" data-end=\"627\">\u2013 L\u2019artisanat fran\u00e7ais au c\u0153ur de sa fabrication.<\/p>\n<p>On aime aussi\u00a0le d\u00e9tail original, plein de po\u00e9sie, qui twiste une tenue en un clin d\u2019\u0153il.<\/p>\n","protected":false},"excerpt":{"rendered":"<p>Pin&#8217;s Bouquet Jardin : Feuillage en libert\u00e9 !\u00a0Un petit bijou de caract\u00e8re pour habiller une veste ou un tote bag ! Le pin&#8217;s Bouquet Jardin fait rayonner cette plante : l\u2019Euphorbe, avec ses feuilles oblongues et son allure solaire. Ce mod\u00e8le dor\u00e9 \u00e0 l\u2019or fin joue sur les gravures et les pleins et d\u00e9li\u00e9s, comme [&hellip;]<\/p>\n","protected":false},"featured_media":2567046,"comment_status":"open","ping_status":"closed","template":"","meta":[],"product_brand":[],"product_cat":[1756,1764],"product_tag":[1813],"acf":[],"_links":{"self":[{"href":"https:\/\/streetmarkets.fr\/app\/wp-json\/wp\/v2\/product\/2567045"}],"collection":[{"href":"https:\/\/streetmarkets.fr\/app\/wp-json\/wp\/v2\/product"}],"about":[{"href":"https:\/\/streetmarkets.fr\/app\/wp-json\/wp\/v2\/types\/product"}],"replies":[{"embeddable":true,"href":"https:\/\/streetmarkets.fr\/app\/wp-json\/wp\/v2\/comments?post=2567045"}],"wp:featuredmedia":[{"embeddable":true,"href":"https:\/\/streetmarkets.fr\/app\/wp-json\/wp\/v2\/media\/2567046"}],"wp:attachment":[{"href":"https:\/\/streetmarkets.fr\/app\/wp-json\/wp\/v2\/media?parent=2567045"}],"wp:term":[{"taxonomy":"product_brand","embeddable":true,"href":"https:\/\/streetmarkets.fr\/app\/wp-json\/wp\/v2\/product_brand?post=2567045"},{"taxonomy":"product_cat","embeddable":true,"href":"https:\/\/streetmarkets.fr\/app\/wp-json\/wp\/v2\/product_cat?post=2567045"},{"taxonomy":"product_tag","embeddable":true,"href":"https:\/\/streetmarkets.fr\/app\/wp-json\/wp\/v2\/product_tag?post=2567045"}],"curies":[{"name":"wp","href":"https:\/\/api.w.org\/{rel}","templated":true}]}}