{"id":2566999,"date":"2025-09-01T06:53:57","date_gmt":"2025-09-01T04:53:57","guid":{"rendered":"https:\/\/streetmarkets.fr\/app\/produit\/regular-duca-corduroy-blazer\/"},"modified":"2026-03-16T05:49:11","modified_gmt":"2026-03-16T04:49:11","slug":"regular-duca-corduroy-blazer","status":"publish","type":"product","link":"https:\/\/streetmarkets.fr\/app\/produit\/regular-duca-corduroy-blazer\/","title":{"rendered":"Regular Duca Corduroy Blazer"},"content":{"rendered":"<p data-start=\"121\" data-end=\"480\">Adoptez le raffinement italien avec ce <strong data-start=\"160\" data-end=\"190\">blazer \u00e0 simple boutonnage<\/strong>, confectionn\u00e9 dans les prestigieux tissus de l\u2019embl\u00e9matique usine <strong data-start=\"257\" data-end=\"274\">Duca Visconti<\/strong>, r\u00e9put\u00e9e pour son savoir-faire dans le corduroy, la moleskine, le coton et le lin. Cette pi\u00e8ce habill\u00e9e allie une <strong data-start=\"389\" data-end=\"408\">coupe classique<\/strong> et un <strong data-start=\"415\" data-end=\"433\">design moderne<\/strong>, id\u00e9ale pour rehausser vos tenues formelles.<\/p>\n<p data-start=\"482\" data-end=\"723\">R\u00e9alis\u00e9 en <strong data-start=\"493\" data-end=\"513\">coton biologique<\/strong> de qualit\u00e9, il s\u00e9duit par sa texture \u00e9l\u00e9gante et sa confection soign\u00e9e. La <strong data-start=\"589\" data-end=\"611\">doublure int\u00e9grale<\/strong> assure confort et maintien, tandis que la <strong data-start=\"654\" data-end=\"677\">double fente au dos<\/strong> garantit une libert\u00e9 de mouvement optimale.<\/p>\n<p data-start=\"725\" data-end=\"1063\">Chaque d\u00e9tail t\u00e9moigne de son caract\u00e8re distinctif : <strong data-start=\"778\" data-end=\"812\">revers crant\u00e9 avec boutonni\u00e8re<\/strong>, <strong data-start=\"814\" data-end=\"844\">poche poitrine passepoil\u00e9e<\/strong>, <strong data-start=\"846\" data-end=\"870\">poches avant \u00e0 rabat<\/strong> et <strong data-start=\"874\" data-end=\"896\">poignets boutonn\u00e9s<\/strong>. \u00c9l\u00e9ment central d\u2019un ensemble assorti, il peut se porter avec le <strong data-start=\"963\" data-end=\"1010\">gilet et le pantalon en corduroy coordonn\u00e9s<\/strong> pour composer un costume trois-pi\u00e8ces sophistiqu\u00e9.<\/p>\n<p data-start=\"1065\" data-end=\"1227\">Fabriqu\u00e9 avec un minimum de <strong data-start=\"1093\" data-end=\"1121\">50 % de coton biologique<\/strong>, ce blazer conjugue \u00e9l\u00e9gance et engagement, en pr\u00e9servant les ressources naturelles et la biodiversit\u00e9.<\/p>\n","protected":false},"excerpt":{"rendered":"<p>Adoptez le raffinement italien avec ce blazer \u00e0 simple boutonnage, confectionn\u00e9 dans les prestigieux tissus de l\u2019embl\u00e9matique usine Duca Visconti, r\u00e9put\u00e9e pour son savoir-faire dans le corduroy, la moleskine, le coton et le lin. Cette pi\u00e8ce habill\u00e9e allie une coupe classique et un design moderne, id\u00e9ale pour rehausser vos tenues formelles. R\u00e9alis\u00e9 en coton biologique [&hellip;]<\/p>\n","protected":false},"featured_media":2567000,"comment_status":"open","ping_status":"closed","template":"","meta":[],"product_brand":[],"product_cat":[1756,1758],"product_tag":[2244],"acf":[],"_links":{"self":[{"href":"https:\/\/streetmarkets.fr\/app\/wp-json\/wp\/v2\/product\/2566999"}],"collection":[{"href":"https:\/\/streetmarkets.fr\/app\/wp-json\/wp\/v2\/product"}],"about":[{"href":"https:\/\/streetmarkets.fr\/app\/wp-json\/wp\/v2\/types\/product"}],"replies":[{"embeddable":true,"href":"https:\/\/streetmarkets.fr\/app\/wp-json\/wp\/v2\/comments?post=2566999"}],"wp:featuredmedia":[{"embeddable":true,"href":"https:\/\/streetmarkets.fr\/app\/wp-json\/wp\/v2\/media\/2567000"}],"wp:attachment":[{"href":"https:\/\/streetmarkets.fr\/app\/wp-json\/wp\/v2\/media?parent=2566999"}],"wp:term":[{"taxonomy":"product_brand","embeddable":true,"href":"https:\/\/streetmarkets.fr\/app\/wp-json\/wp\/v2\/product_brand?post=2566999"},{"taxonomy":"product_cat","embeddable":true,"href":"https:\/\/streetmarkets.fr\/app\/wp-json\/wp\/v2\/product_cat?post=2566999"},{"taxonomy":"product_tag","embeddable":true,"href":"https:\/\/streetmarkets.fr\/app\/wp-json\/wp\/v2\/product_tag?post=2566999"}],"curies":[{"name":"wp","href":"https:\/\/api.w.org\/{rel}","templated":true}]}}