{"id":2566951,"date":"2025-09-01T06:53:52","date_gmt":"2025-09-01T04:53:52","guid":{"rendered":"https:\/\/streetmarkets.fr\/app\/produit\/220-loose-finn-flex-pants\/"},"modified":"2026-03-16T05:49:11","modified_gmt":"2026-03-16T04:49:11","slug":"220-loose-finn-flex-pants","status":"publish","type":"product","link":"https:\/\/streetmarkets.fr\/app\/produit\/220-loose-finn-flex-pants\/","title":{"rendered":"220 Loose Finn Flex Pants"},"content":{"rendered":"<p data-start=\"147\" data-end=\"455\">Apportez une touche sophistiqu\u00e9e \u00e0 votre vestiaire professionnel avec ce pantalon \u00e0 la <strong data-start=\"234\" data-end=\"266\">coupe ample et contemporaine<\/strong>. Son style \u00e9l\u00e9gant, soulign\u00e9 par un <strong data-start=\"303\" data-end=\"320\">design pliss\u00e9<\/strong> et une <strong data-start=\"328\" data-end=\"347\">taille mi-haute<\/strong>, en fait une pi\u00e8ce intemporelle id\u00e9ale pour compl\u00e9ter vos tenues de bureau comme vos looks plus habill\u00e9s.<\/p>\n<p data-start=\"457\" data-end=\"756\">Confectionn\u00e9 dans une mati\u00e8re fluide et raffin\u00e9e, il associe confort et tenue impeccable. La <strong data-start=\"550\" data-end=\"600\">braguette zipp\u00e9e avec fermeture \u00e0 bouton rivet<\/strong>, les <strong data-start=\"606\" data-end=\"630\">passants de ceinture<\/strong> et les <strong data-start=\"638\" data-end=\"668\">poches lat\u00e9rales pratiques<\/strong> t\u00e9moignent d\u2019une conception soign\u00e9e, pens\u00e9e pour allier esth\u00e9tisme et fonctionnalit\u00e9.<\/p>\n<p data-start=\"758\" data-end=\"1034\">Ses <strong data-start=\"762\" data-end=\"788\">plis marqu\u00e9s \u00e0 l\u2019avant<\/strong> renforcent son allure \u00e9l\u00e9gante, tandis que sa coupe large assure un tomb\u00e9 moderne et confortable. Facile \u00e0 coordonner, ce pantalon se porte parfaitement avec une <strong data-start=\"951\" data-end=\"969\">chemise Oxford<\/strong> et des <strong data-start=\"977\" data-end=\"996\">brogues en cuir<\/strong> pour un look professionnel affirm\u00e9.<\/p>\n<p data-start=\"1036\" data-end=\"1185\">Fabriqu\u00e9 \u00e0 partir d\u2019un minimum de <strong data-start=\"1070\" data-end=\"1099\">50 % de polyester recycl\u00e9<\/strong>, il refl\u00e8te un choix responsable qui pr\u00e9serve les ressources et r\u00e9duit les d\u00e9chets.<\/p>\n","protected":false},"excerpt":{"rendered":"<p>Apportez une touche sophistiqu\u00e9e \u00e0 votre vestiaire professionnel avec ce pantalon \u00e0 la coupe ample et contemporaine. Son style \u00e9l\u00e9gant, soulign\u00e9 par un design pliss\u00e9 et une taille mi-haute, en fait une pi\u00e8ce intemporelle id\u00e9ale pour compl\u00e9ter vos tenues de bureau comme vos looks plus habill\u00e9s. Confectionn\u00e9 dans une mati\u00e8re fluide et raffin\u00e9e, il associe [&hellip;]<\/p>\n","protected":false},"featured_media":2566952,"comment_status":"open","ping_status":"closed","template":"","meta":[],"product_brand":[],"product_cat":[1756,1758],"product_tag":[2244],"acf":[],"_links":{"self":[{"href":"https:\/\/streetmarkets.fr\/app\/wp-json\/wp\/v2\/product\/2566951"}],"collection":[{"href":"https:\/\/streetmarkets.fr\/app\/wp-json\/wp\/v2\/product"}],"about":[{"href":"https:\/\/streetmarkets.fr\/app\/wp-json\/wp\/v2\/types\/product"}],"replies":[{"embeddable":true,"href":"https:\/\/streetmarkets.fr\/app\/wp-json\/wp\/v2\/comments?post=2566951"}],"wp:featuredmedia":[{"embeddable":true,"href":"https:\/\/streetmarkets.fr\/app\/wp-json\/wp\/v2\/media\/2566952"}],"wp:attachment":[{"href":"https:\/\/streetmarkets.fr\/app\/wp-json\/wp\/v2\/media?parent=2566951"}],"wp:term":[{"taxonomy":"product_brand","embeddable":true,"href":"https:\/\/streetmarkets.fr\/app\/wp-json\/wp\/v2\/product_brand?post=2566951"},{"taxonomy":"product_cat","embeddable":true,"href":"https:\/\/streetmarkets.fr\/app\/wp-json\/wp\/v2\/product_cat?post=2566951"},{"taxonomy":"product_tag","embeddable":true,"href":"https:\/\/streetmarkets.fr\/app\/wp-json\/wp\/v2\/product_tag?post=2566951"}],"curies":[{"name":"wp","href":"https:\/\/api.w.org\/{rel}","templated":true}]}}