{"id":2566878,"date":"2025-09-01T06:53:44","date_gmt":"2025-09-01T04:53:44","guid":{"rendered":"https:\/\/streetmarkets.fr\/app\/produit\/190-regular-tapered-leroy-wool-blend-pants\/"},"modified":"2026-03-16T05:49:11","modified_gmt":"2026-03-16T04:49:11","slug":"190-regular-tapered-leroy-wool-blend-pants","status":"publish","type":"product","link":"https:\/\/streetmarkets.fr\/app\/produit\/190-regular-tapered-leroy-wool-blend-pants\/","title":{"rendered":"190 Regular Tapered Leroy Wool Blend Pants"},"content":{"rendered":"<p data-start=\"207\" data-end=\"541\">Avec son design intemporel et sa coupe moderne, le <em data-start=\"258\" data-end=\"302\">190 Regular Tapered Leroy Wool Blend Pants<\/em> de <strong>Selected<\/strong> conjugue <strong data-start=\"324\" data-end=\"367\">\u00e9l\u00e9gance classique et confort quotidien<\/strong>. Confectionn\u00e9 dans un <strong data-start=\"390\" data-end=\"431\">m\u00e9lange de laine certifi\u00e9e RWS<\/strong>, de <strong data-start=\"436\" data-end=\"464\">polyester recycl\u00e9<\/strong>\u00a0et d\u2019une touche d\u2019\u00e9lasthanne, il associe chaleur, souplesse et durabilit\u00e9.<\/p>\n<p data-start=\"543\" data-end=\"861\">Sa <strong data-start=\"546\" data-end=\"571\">coupe regular tapered<\/strong>, l\u00e9g\u00e8rement fusel\u00e9e, affine la silhouette sans compromettre l\u2019aisance. Le pantalon se ferme par <strong data-start=\"668\" data-end=\"693\">bouton, cordon et zip<\/strong>, et s\u2019accompagne de <strong data-start=\"714\" data-end=\"744\">poches lat\u00e9rales pratiques<\/strong>. Un essentiel polyvalent, id\u00e9al aussi bien pour un look professionnel que pour une tenue \u00e9l\u00e9gante et d\u00e9contract\u00e9e.<\/p>\n<p data-start=\"863\" data-end=\"951\">Disponible chez <strong data-start=\"879\" data-end=\"889\">Harold<\/strong>, boutique de pr\u00eat-\u00e0-porter masculin dans le Marais \u00e0 Paris.<strong data-start=\"962\" data-end=\"996\"><\/strong><\/p>\n<ul data-start=\"1051\" data-end=\"1458\">\n<li data-start=\"1051\" data-end=\"1082\">\n<p data-start=\"1053\" data-end=\"1082\"><strong data-start=\"1053\" data-end=\"1063\">Type :<\/strong> pantalon habill\u00e9<\/p>\n<\/li>\n<li data-start=\"1083\" data-end=\"1134\">\n<p data-start=\"1085\" data-end=\"1134\"><strong data-start=\"1085\" data-end=\"1096\">Coupe :<\/strong> regular tapered fit (jambe fusel\u00e9e)<\/p>\n<\/li>\n<li data-start=\"1135\" data-end=\"1174\">\n<p data-start=\"1137\" data-end=\"1174\"><strong data-start=\"1137\" data-end=\"1152\">Fermeture :<\/strong> bouton, cordon, zip<\/p>\n<\/li>\n<li data-start=\"1175\" data-end=\"1201\">\n<p data-start=\"1177\" data-end=\"1201\"><strong data-start=\"1177\" data-end=\"1189\">Poches :<\/strong> lat\u00e9rales<\/p>\n<\/li>\n<li data-start=\"1175\" data-end=\"1201\">\n<p data-start=\"1177\" data-end=\"1201\"><strong data-start=\"1277\" data-end=\"1290\">Tissage :<\/strong> toile unie (<em data-start=\"1303\" data-end=\"1316\">plain weave<\/em>)<strong data-start=\"1322\" data-end=\"1333\"><\/strong><\/p>\n<\/li>\n<\/ul>\n","protected":false},"excerpt":{"rendered":"<p>Avec son design intemporel et sa coupe moderne, le 190 Regular Tapered Leroy Wool Blend Pants de Selected conjugue \u00e9l\u00e9gance classique et confort quotidien. Confectionn\u00e9 dans un m\u00e9lange de laine certifi\u00e9e RWS, de polyester recycl\u00e9\u00a0et d\u2019une touche d\u2019\u00e9lasthanne, il associe chaleur, souplesse et durabilit\u00e9. Sa coupe regular tapered, l\u00e9g\u00e8rement fusel\u00e9e, affine la silhouette sans compromettre [&hellip;]<\/p>\n","protected":false},"featured_media":2566879,"comment_status":"open","ping_status":"closed","template":"","meta":[],"product_brand":[],"product_cat":[1756,1758],"product_tag":[2244],"acf":[],"_links":{"self":[{"href":"https:\/\/streetmarkets.fr\/app\/wp-json\/wp\/v2\/product\/2566878"}],"collection":[{"href":"https:\/\/streetmarkets.fr\/app\/wp-json\/wp\/v2\/product"}],"about":[{"href":"https:\/\/streetmarkets.fr\/app\/wp-json\/wp\/v2\/types\/product"}],"replies":[{"embeddable":true,"href":"https:\/\/streetmarkets.fr\/app\/wp-json\/wp\/v2\/comments?post=2566878"}],"wp:featuredmedia":[{"embeddable":true,"href":"https:\/\/streetmarkets.fr\/app\/wp-json\/wp\/v2\/media\/2566879"}],"wp:attachment":[{"href":"https:\/\/streetmarkets.fr\/app\/wp-json\/wp\/v2\/media?parent=2566878"}],"wp:term":[{"taxonomy":"product_brand","embeddable":true,"href":"https:\/\/streetmarkets.fr\/app\/wp-json\/wp\/v2\/product_brand?post=2566878"},{"taxonomy":"product_cat","embeddable":true,"href":"https:\/\/streetmarkets.fr\/app\/wp-json\/wp\/v2\/product_cat?post=2566878"},{"taxonomy":"product_tag","embeddable":true,"href":"https:\/\/streetmarkets.fr\/app\/wp-json\/wp\/v2\/product_tag?post=2566878"}],"curies":[{"name":"wp","href":"https:\/\/api.w.org\/{rel}","templated":true}]}}