{"id":2566852,"date":"2025-09-01T06:53:41","date_gmt":"2025-09-01T04:53:41","guid":{"rendered":"https:\/\/streetmarkets.fr\/app\/produit\/tray-ls-merino-chunky-v-neck-cardigan\/"},"modified":"2026-03-16T05:49:11","modified_gmt":"2026-03-16T04:49:11","slug":"tray-ls-merino-chunky-v-neck-cardigan","status":"publish","type":"product","link":"https:\/\/streetmarkets.fr\/app\/produit\/tray-ls-merino-chunky-v-neck-cardigan\/","title":{"rendered":"Tray LS Merino Chunky V-Neck Cardigan"},"content":{"rendered":"<p data-start=\"215\" data-end=\"474\">Le <strong><em data-start=\"218\" data-end=\"257\">Tray LS Merino Chunky V-Neck Cardigan<\/em><\/strong> de <strong>Selected<\/strong> incarne le parfait \u00e9quilibre entre <strong data-start=\"305\" data-end=\"351\">\u00e9l\u00e9gance intemporelle et confort quotidien<\/strong>. Confectionn\u00e9 en <strong data-start=\"369\" data-end=\"406\">100 % laine m\u00e9rinos certifi\u00e9e RWS<\/strong>, il offre une maille naturellement douce, respirante et isolante.<\/p>\n<p data-start=\"476\" data-end=\"751\">Avec sa <strong data-start=\"484\" data-end=\"501\">coupe regular<\/strong>, son <strong data-start=\"507\" data-end=\"519\">col en V<\/strong> et ses <strong data-start=\"527\" data-end=\"555\">bords-c\u00f4tes aux poignets<\/strong>, ce cardigan s\u2019adapte aussi bien \u00e0 un port\u00e9 casual sur un t-shirt qu\u2019\u00e0 une tenue plus habill\u00e9e avec une chemise. Un essentiel du vestiaire masculin, pens\u00e9 pour traverser les saisons avec style.<\/p>\n<p data-start=\"753\" data-end=\"844\">Disponible chez <strong data-start=\"769\" data-end=\"779\">Harold<\/strong>, votre boutique de pr\u00eat-\u00e0-porter masculin au c\u0153ur du Marais \u00e0 Paris.<strong data-start=\"893\" data-end=\"938\"><\/strong><\/p>\n<ul data-start=\"942\" data-end=\"1275\">\n<li data-start=\"942\" data-end=\"975\">\n<p data-start=\"944\" data-end=\"975\"><strong data-start=\"944\" data-end=\"954\">Type :<\/strong> cardigan en maille<\/p>\n<\/li>\n<li data-start=\"976\" data-end=\"1003\">\n<p data-start=\"978\" data-end=\"1003\"><strong data-start=\"978\" data-end=\"989\">Coupe :<\/strong> regular fit<\/p>\n<\/li>\n<li data-start=\"1004\" data-end=\"1022\">\n<p data-start=\"1006\" data-end=\"1022\"><strong data-start=\"1006\" data-end=\"1015\">Col :<\/strong> en V<\/p>\n<\/li>\n<li data-start=\"1023\" data-end=\"1076\">\n<p data-start=\"1025\" data-end=\"1076\"><strong data-start=\"1025\" data-end=\"1038\">Manches :<\/strong> longues, finitions poignets c\u00f4tel\u00e9s<\/p>\n<\/li>\n<li data-start=\"1077\" data-end=\"1158\">\n<p data-start=\"1079\" data-end=\"1158\"><strong data-start=\"1079\" data-end=\"1092\">Mati\u00e8re :<\/strong> 100 % laine m\u00e9rinos (certifi\u00e9e RWS \u2013 Responsible Wool Standard)<\/p>\n<\/li>\n<li data-start=\"1159\" data-end=\"1207\">\n<p data-start=\"1161\" data-end=\"1207\"><strong data-start=\"1161\" data-end=\"1178\">Fabrication :<\/strong> maille plate (<em data-start=\"1193\" data-end=\"1204\">flat knit<\/em>)<\/p>\n<\/li>\n<\/ul>\n","protected":false},"excerpt":{"rendered":"<p>Le Tray LS Merino Chunky V-Neck Cardigan de Selected incarne le parfait \u00e9quilibre entre \u00e9l\u00e9gance intemporelle et confort quotidien. Confectionn\u00e9 en 100 % laine m\u00e9rinos certifi\u00e9e RWS, il offre une maille naturellement douce, respirante et isolante. Avec sa coupe regular, son col en V et ses bords-c\u00f4tes aux poignets, ce cardigan s\u2019adapte aussi bien \u00e0 [&hellip;]<\/p>\n","protected":false},"featured_media":2566853,"comment_status":"open","ping_status":"closed","template":"","meta":[],"product_brand":[],"product_cat":[1756,1758],"product_tag":[2244],"acf":[],"_links":{"self":[{"href":"https:\/\/streetmarkets.fr\/app\/wp-json\/wp\/v2\/product\/2566852"}],"collection":[{"href":"https:\/\/streetmarkets.fr\/app\/wp-json\/wp\/v2\/product"}],"about":[{"href":"https:\/\/streetmarkets.fr\/app\/wp-json\/wp\/v2\/types\/product"}],"replies":[{"embeddable":true,"href":"https:\/\/streetmarkets.fr\/app\/wp-json\/wp\/v2\/comments?post=2566852"}],"wp:featuredmedia":[{"embeddable":true,"href":"https:\/\/streetmarkets.fr\/app\/wp-json\/wp\/v2\/media\/2566853"}],"wp:attachment":[{"href":"https:\/\/streetmarkets.fr\/app\/wp-json\/wp\/v2\/media?parent=2566852"}],"wp:term":[{"taxonomy":"product_brand","embeddable":true,"href":"https:\/\/streetmarkets.fr\/app\/wp-json\/wp\/v2\/product_brand?post=2566852"},{"taxonomy":"product_cat","embeddable":true,"href":"https:\/\/streetmarkets.fr\/app\/wp-json\/wp\/v2\/product_cat?post=2566852"},{"taxonomy":"product_tag","embeddable":true,"href":"https:\/\/streetmarkets.fr\/app\/wp-json\/wp\/v2\/product_tag?post=2566852"}],"curies":[{"name":"wp","href":"https:\/\/api.w.org\/{rel}","templated":true}]}}