{"id":2562866,"date":"2025-09-01T02:09:07","date_gmt":"2025-09-01T00:09:07","guid":{"rendered":"https:\/\/streetmarkets.fr\/app\/produit\/nouveau-laurence-bras-pull-agrume-tender-pink\/"},"modified":"2026-05-11T01:59:36","modified_gmt":"2026-05-10T23:59:36","slug":"nouveau-laurence-bras-pull-agrume-tender-pink","status":"publish","type":"product","link":"https:\/\/streetmarkets.fr\/app\/produit\/nouveau-laurence-bras-pull-agrume-tender-pink\/","title":{"rendered":"LAURENCE BRAS Pull Agrume Tender Pink -60%"},"content":{"rendered":"<p class=\"\" data-rte-preserve-empty=\"true\">Pull en laine coupe ample et droite, encolure arrondie, manches longues et poignets resserr\u00e9s, \u00e0 porter avec ou sans les \u00e9paulettes ( d\u00e9tachables par petits boutons pressions ). <\/p>\n<p class=\"\" data-rte-preserve-empty=\"true\">D\u00e9tail : 100% laine<\/p>\n","protected":false},"excerpt":{"rendered":"<p>Pull en laine coupe ample et droite, encolure arrondie, manches longues et poignets resserr\u00e9s, \u00e0 porter avec ou sans les \u00e9paulettes ( d\u00e9tachables par petits boutons pressions ). D\u00e9tail : 100% laine<\/p>\n","protected":false},"featured_media":2562867,"comment_status":"open","ping_status":"closed","template":"","meta":[],"product_brand":[],"product_cat":[1756,1762],"product_tag":[2244],"acf":[],"_links":{"self":[{"href":"https:\/\/streetmarkets.fr\/app\/wp-json\/wp\/v2\/product\/2562866"}],"collection":[{"href":"https:\/\/streetmarkets.fr\/app\/wp-json\/wp\/v2\/product"}],"about":[{"href":"https:\/\/streetmarkets.fr\/app\/wp-json\/wp\/v2\/types\/product"}],"replies":[{"embeddable":true,"href":"https:\/\/streetmarkets.fr\/app\/wp-json\/wp\/v2\/comments?post=2562866"}],"wp:featuredmedia":[{"embeddable":true,"href":"https:\/\/streetmarkets.fr\/app\/wp-json\/wp\/v2\/media\/2562867"}],"wp:attachment":[{"href":"https:\/\/streetmarkets.fr\/app\/wp-json\/wp\/v2\/media?parent=2562866"}],"wp:term":[{"taxonomy":"product_brand","embeddable":true,"href":"https:\/\/streetmarkets.fr\/app\/wp-json\/wp\/v2\/product_brand?post=2562866"},{"taxonomy":"product_cat","embeddable":true,"href":"https:\/\/streetmarkets.fr\/app\/wp-json\/wp\/v2\/product_cat?post=2562866"},{"taxonomy":"product_tag","embeddable":true,"href":"https:\/\/streetmarkets.fr\/app\/wp-json\/wp\/v2\/product_tag?post=2562866"}],"curies":[{"name":"wp","href":"https:\/\/api.w.org\/{rel}","templated":true}]}}