{"id":2562859,"date":"2025-09-01T02:09:05","date_gmt":"2025-09-01T00:09:05","guid":{"rendered":"https:\/\/streetmarkets.fr\/app\/produit\/nouveau-laurence-bras-blouse-magritte-light-grey\/"},"modified":"2026-04-01T02:03:33","modified_gmt":"2026-04-01T00:03:33","slug":"nouveau-laurence-bras-blouse-magritte-light-grey","status":"publish","type":"product","link":"https:\/\/streetmarkets.fr\/app\/produit\/nouveau-laurence-bras-blouse-magritte-light-grey\/","title":{"rendered":"LAURENCE BRAS Blouse Magritte Light Grey -30%"},"content":{"rendered":"<p class=\"\" data-rte-preserve-empty=\"true\">Blouse en coton coupe ample, d\u00e9collet\u00e9 en v orn\u00e9 de fronces, manches longues et poignets resserr\u00e9s, emmanchure large. Le mod\u00e8le taille grand et se porte grand.<\/p>\n<p class=\"\" data-rte-preserve-empty=\"true\">D\u00e9tail : 100% coton<\/p>\n","protected":false},"excerpt":{"rendered":"<p>Blouse en coton coupe ample, d\u00e9collet\u00e9 en v orn\u00e9 de fronces, manches longues et poignets resserr\u00e9s, emmanchure large. Le mod\u00e8le taille grand et se porte grand. D\u00e9tail : 100% coton<\/p>\n","protected":false},"featured_media":2562860,"comment_status":"open","ping_status":"closed","template":"","meta":[],"product_brand":[],"product_cat":[1756,1762],"product_tag":[2244],"acf":[],"_links":{"self":[{"href":"https:\/\/streetmarkets.fr\/app\/wp-json\/wp\/v2\/product\/2562859"}],"collection":[{"href":"https:\/\/streetmarkets.fr\/app\/wp-json\/wp\/v2\/product"}],"about":[{"href":"https:\/\/streetmarkets.fr\/app\/wp-json\/wp\/v2\/types\/product"}],"replies":[{"embeddable":true,"href":"https:\/\/streetmarkets.fr\/app\/wp-json\/wp\/v2\/comments?post=2562859"}],"wp:featuredmedia":[{"embeddable":true,"href":"https:\/\/streetmarkets.fr\/app\/wp-json\/wp\/v2\/media\/2562860"}],"wp:attachment":[{"href":"https:\/\/streetmarkets.fr\/app\/wp-json\/wp\/v2\/media?parent=2562859"}],"wp:term":[{"taxonomy":"product_brand","embeddable":true,"href":"https:\/\/streetmarkets.fr\/app\/wp-json\/wp\/v2\/product_brand?post=2562859"},{"taxonomy":"product_cat","embeddable":true,"href":"https:\/\/streetmarkets.fr\/app\/wp-json\/wp\/v2\/product_cat?post=2562859"},{"taxonomy":"product_tag","embeddable":true,"href":"https:\/\/streetmarkets.fr\/app\/wp-json\/wp\/v2\/product_tag?post=2562859"}],"curies":[{"name":"wp","href":"https:\/\/api.w.org\/{rel}","templated":true}]}}