{"id":2562849,"date":"2025-09-01T02:04:50","date_gmt":"2025-09-01T00:04:50","guid":{"rendered":"https:\/\/streetmarkets.fr\/app\/produit\/nouveau-laurence-bras-foulard-louise-burgundy\/"},"modified":"2026-04-01T02:03:33","modified_gmt":"2026-04-01T00:03:33","slug":"nouveau-laurence-bras-foulard-louise-burgundy","status":"publish","type":"product","link":"https:\/\/streetmarkets.fr\/app\/produit\/nouveau-laurence-bras-foulard-louise-burgundy\/","title":{"rendered":"LAURENCE BRAS Foulard Louise Burgundy"},"content":{"rendered":"<p class=\"\" data-rte-preserve-empty=\"true\">Grand foulard en laine \u00e0 motifs points blancs, tout doux et chaud. \u00c9galement disponible dans la couleur Black. Ses dimensions : environ 115 \u00d7 115cm<\/p>\n<p class=\"\" data-rte-preserve-empty=\"true\">D\u00e9tail : 100% laine<\/p>\n","protected":false},"excerpt":{"rendered":"<p>Grand foulard en laine \u00e0 motifs points blancs, tout doux et chaud. \u00c9galement disponible dans la couleur Black. Ses dimensions : environ 115 \u00d7 115cm D\u00e9tail : 100% laine<\/p>\n","protected":false},"featured_media":2562850,"comment_status":"open","ping_status":"closed","template":"","meta":[],"product_brand":[],"product_cat":[1756,1764],"product_tag":[2244],"acf":[],"_links":{"self":[{"href":"https:\/\/streetmarkets.fr\/app\/wp-json\/wp\/v2\/product\/2562849"}],"collection":[{"href":"https:\/\/streetmarkets.fr\/app\/wp-json\/wp\/v2\/product"}],"about":[{"href":"https:\/\/streetmarkets.fr\/app\/wp-json\/wp\/v2\/types\/product"}],"replies":[{"embeddable":true,"href":"https:\/\/streetmarkets.fr\/app\/wp-json\/wp\/v2\/comments?post=2562849"}],"wp:featuredmedia":[{"embeddable":true,"href":"https:\/\/streetmarkets.fr\/app\/wp-json\/wp\/v2\/media\/2562850"}],"wp:attachment":[{"href":"https:\/\/streetmarkets.fr\/app\/wp-json\/wp\/v2\/media?parent=2562849"}],"wp:term":[{"taxonomy":"product_brand","embeddable":true,"href":"https:\/\/streetmarkets.fr\/app\/wp-json\/wp\/v2\/product_brand?post=2562849"},{"taxonomy":"product_cat","embeddable":true,"href":"https:\/\/streetmarkets.fr\/app\/wp-json\/wp\/v2\/product_cat?post=2562849"},{"taxonomy":"product_tag","embeddable":true,"href":"https:\/\/streetmarkets.fr\/app\/wp-json\/wp\/v2\/product_tag?post=2562849"}],"curies":[{"name":"wp","href":"https:\/\/api.w.org\/{rel}","templated":true}]}}