{"id":2562846,"date":"2025-09-01T02:04:50","date_gmt":"2025-09-01T00:04:50","guid":{"rendered":"https:\/\/streetmarkets.fr\/app\/produit\/nouveau-laurence-bras-echarpe-towel-taupe\/"},"modified":"2026-04-01T02:03:32","modified_gmt":"2026-04-01T00:03:32","slug":"nouveau-laurence-bras-echarpe-towel-taupe","status":"publish","type":"product","link":"https:\/\/streetmarkets.fr\/app\/produit\/nouveau-laurence-bras-echarpe-towel-taupe\/","title":{"rendered":"LAURENCE BRAS \u00c9charpe Towel Taupe"},"content":{"rendered":"<p class=\"\" data-rte-preserve-empty=\"true\">Grande \u00e9charpe en laine, souple et chaude, finition l\u00e9g\u00e8rement frang\u00e9e. \u00c9galement disponible dans la couleur Pink et Navy.<\/p>\n<p class=\"\" data-rte-preserve-empty=\"true\">D\u00e9tail : 100% laine<\/p>\n","protected":false},"excerpt":{"rendered":"<p>Grande \u00e9charpe en laine, souple et chaude, finition l\u00e9g\u00e8rement frang\u00e9e. \u00c9galement disponible dans la couleur Pink et Navy. D\u00e9tail : 100% laine<\/p>\n","protected":false},"featured_media":2562847,"comment_status":"open","ping_status":"closed","template":"","meta":[],"product_brand":[],"product_cat":[1756,1764],"product_tag":[2244],"acf":[],"_links":{"self":[{"href":"https:\/\/streetmarkets.fr\/app\/wp-json\/wp\/v2\/product\/2562846"}],"collection":[{"href":"https:\/\/streetmarkets.fr\/app\/wp-json\/wp\/v2\/product"}],"about":[{"href":"https:\/\/streetmarkets.fr\/app\/wp-json\/wp\/v2\/types\/product"}],"replies":[{"embeddable":true,"href":"https:\/\/streetmarkets.fr\/app\/wp-json\/wp\/v2\/comments?post=2562846"}],"wp:featuredmedia":[{"embeddable":true,"href":"https:\/\/streetmarkets.fr\/app\/wp-json\/wp\/v2\/media\/2562847"}],"wp:attachment":[{"href":"https:\/\/streetmarkets.fr\/app\/wp-json\/wp\/v2\/media?parent=2562846"}],"wp:term":[{"taxonomy":"product_brand","embeddable":true,"href":"https:\/\/streetmarkets.fr\/app\/wp-json\/wp\/v2\/product_brand?post=2562846"},{"taxonomy":"product_cat","embeddable":true,"href":"https:\/\/streetmarkets.fr\/app\/wp-json\/wp\/v2\/product_cat?post=2562846"},{"taxonomy":"product_tag","embeddable":true,"href":"https:\/\/streetmarkets.fr\/app\/wp-json\/wp\/v2\/product_tag?post=2562846"}],"curies":[{"name":"wp","href":"https:\/\/api.w.org\/{rel}","templated":true}]}}