{"id":2560889,"date":"2025-08-31T08:42:28","date_gmt":"2025-08-31T06:42:28","guid":{"rendered":"https:\/\/streetmarkets.fr\/app\/produit\/pantalon-brindisi-kaki-belle-piece\/"},"modified":"2026-05-12T08:38:58","modified_gmt":"2026-05-12T06:38:58","slug":"pantalon-brindisi-kaki-belle-piece","status":"publish","type":"product","link":"https:\/\/streetmarkets.fr\/app\/produit\/pantalon-brindisi-kaki-belle-piece\/","title":{"rendered":"Pantalon brindisi kaki &#8211; Belle Pi\u00e8ce"},"content":{"rendered":"<p><span>Pantalon en toile kaki l\u00e9g\u00e8rement flare<\/span><br \/><span>&#8211; Taille haute<\/span><br \/><span>&#8211; Pinces et poches passepoil\u00e9es au dos<\/span><\/p>\n<p><span>coloris kaki\u00a0<\/span><\/p>\n<p><span>Guide des tailles :\u00a0<\/span><\/p>\n<p><span>XS : 34\/36<\/span><\/p>\n<p><span>S : 36\/ 38<\/span><\/p>\n<p><span>M : 38\/40<\/span><\/p>\n","protected":false},"excerpt":{"rendered":"<p>Pantalon en toile kaki l\u00e9g\u00e8rement flare&#8211; Taille haute&#8211; Pinces et poches passepoil\u00e9es au dos coloris kaki\u00a0 Guide des tailles :\u00a0 XS : 34\/36 S : 36\/ 38 M : 38\/40<\/p>\n","protected":false},"featured_media":2560890,"comment_status":"open","ping_status":"closed","template":"","meta":[],"product_brand":[],"product_cat":[1756,1762],"product_tag":[2244],"acf":[],"_links":{"self":[{"href":"https:\/\/streetmarkets.fr\/app\/wp-json\/wp\/v2\/product\/2560889"}],"collection":[{"href":"https:\/\/streetmarkets.fr\/app\/wp-json\/wp\/v2\/product"}],"about":[{"href":"https:\/\/streetmarkets.fr\/app\/wp-json\/wp\/v2\/types\/product"}],"replies":[{"embeddable":true,"href":"https:\/\/streetmarkets.fr\/app\/wp-json\/wp\/v2\/comments?post=2560889"}],"wp:featuredmedia":[{"embeddable":true,"href":"https:\/\/streetmarkets.fr\/app\/wp-json\/wp\/v2\/media\/2560890"}],"wp:attachment":[{"href":"https:\/\/streetmarkets.fr\/app\/wp-json\/wp\/v2\/media?parent=2560889"}],"wp:term":[{"taxonomy":"product_brand","embeddable":true,"href":"https:\/\/streetmarkets.fr\/app\/wp-json\/wp\/v2\/product_brand?post=2560889"},{"taxonomy":"product_cat","embeddable":true,"href":"https:\/\/streetmarkets.fr\/app\/wp-json\/wp\/v2\/product_cat?post=2560889"},{"taxonomy":"product_tag","embeddable":true,"href":"https:\/\/streetmarkets.fr\/app\/wp-json\/wp\/v2\/product_tag?post=2560889"}],"curies":[{"name":"wp","href":"https:\/\/api.w.org\/{rel}","templated":true}]}}