{"id":2556769,"date":"2025-08-31T02:00:38","date_gmt":"2025-08-31T00:00:38","guid":{"rendered":"https:\/\/streetmarkets.fr\/app\/produit\/manteau-double-boutonnage-h25-femme-noir\/"},"modified":"2026-03-02T00:54:53","modified_gmt":"2026-03-01T23:54:53","slug":"manteau-double-boutonnage-h25-femme-noir","status":"publish","type":"product","link":"https:\/\/streetmarkets.fr\/app\/produit\/manteau-double-boutonnage-h25-femme-noir\/","title":{"rendered":"Manteau Double Boutonnage (H25 \/ FEMME \/ Noir)"},"content":{"rendered":"<p>Confectionn\u00e9 en laine, ce manteau long r\u00e9hausse vos tenues, des plus sophistiqu\u00e9es aux plus d\u00e9contract\u00e9es. Muni d&#8217;une fermeture \u00e0 double boutonnage, il affiche un col tailleur et deux poches passepoil\u00e9es pour une allure chic et structur\u00e9e.<\/p>\n<p>&#8211; Manteau long en laine Femme <br \/>&#8211; Col tailleur <br \/>&#8211; Fermeture \u00e0 double boutonnage <br \/>&#8211; 2 poches passepoil\u00e9es <br \/>&#8211; Manches longues <br \/>&#8211; Coupe Oversize<\/p>\n","protected":false},"excerpt":{"rendered":"<p>Confectionn\u00e9 en laine, ce manteau long r\u00e9hausse vos tenues, des plus sophistiqu\u00e9es aux plus d\u00e9contract\u00e9es. Muni d&#8217;une fermeture \u00e0 double boutonnage, il affiche un col tailleur et deux poches passepoil\u00e9es pour une allure chic et structur\u00e9e. &#8211; Manteau long en laine Femme &#8211; Col tailleur &#8211; Fermeture \u00e0 double boutonnage &#8211; 2 poches passepoil\u00e9es &#8211; [&hellip;]<\/p>\n","protected":false},"featured_media":2556770,"comment_status":"open","ping_status":"closed","template":"","meta":[],"product_brand":[6868],"product_cat":[1756,1762],"product_tag":[2244],"acf":[],"_links":{"self":[{"href":"https:\/\/streetmarkets.fr\/app\/wp-json\/wp\/v2\/product\/2556769"}],"collection":[{"href":"https:\/\/streetmarkets.fr\/app\/wp-json\/wp\/v2\/product"}],"about":[{"href":"https:\/\/streetmarkets.fr\/app\/wp-json\/wp\/v2\/types\/product"}],"replies":[{"embeddable":true,"href":"https:\/\/streetmarkets.fr\/app\/wp-json\/wp\/v2\/comments?post=2556769"}],"wp:featuredmedia":[{"embeddable":true,"href":"https:\/\/streetmarkets.fr\/app\/wp-json\/wp\/v2\/media\/2556770"}],"wp:attachment":[{"href":"https:\/\/streetmarkets.fr\/app\/wp-json\/wp\/v2\/media?parent=2556769"}],"wp:term":[{"taxonomy":"product_brand","embeddable":true,"href":"https:\/\/streetmarkets.fr\/app\/wp-json\/wp\/v2\/product_brand?post=2556769"},{"taxonomy":"product_cat","embeddable":true,"href":"https:\/\/streetmarkets.fr\/app\/wp-json\/wp\/v2\/product_cat?post=2556769"},{"taxonomy":"product_tag","embeddable":true,"href":"https:\/\/streetmarkets.fr\/app\/wp-json\/wp\/v2\/product_tag?post=2556769"}],"curies":[{"name":"wp","href":"https:\/\/api.w.org\/{rel}","templated":true}]}}