{"id":2549004,"date":"2025-08-30T02:03:22","date_gmt":"2025-08-30T00:03:22","guid":{"rendered":"https:\/\/streetmarkets.fr\/app\/produit\/t-shirt-manches-longues-p-6-logo-responsibili-tee-patagonia\/"},"modified":"2026-05-09T02:02:21","modified_gmt":"2026-05-09T00:02:21","slug":"t-shirt-manches-longues-p-6-logo-responsibili-tee-patagonia","status":"publish","type":"product","link":"https:\/\/streetmarkets.fr\/app\/produit\/t-shirt-manches-longues-p-6-logo-responsibili-tee-patagonia\/","title":{"rendered":"T-shirt Manches Longues P-6 Logo Responsibili-Tee\u00ae &#8211; Patagonia"},"content":{"rendered":"<h2>\n<span><\/span>T-shirt Manches Longues P-6 Logo Responsibili-Tee\u00ae &#8211; Patagonia<br \/>\n<\/h2>\n<p><img decoding=\"async\" alt=\"\" src=\"https:\/\/cdn.shopify.com\/s\/files\/1\/0593\/7093\/0335\/files\/Patagonia-logo_480x480.jpg?v=1678193525\"><img decoding=\"async\" src=\"https:\/\/cdn.shopify.com\/s\/files\/1\/0593\/7093\/0335\/files\/Picto_Mode_Textile_480x480.jpg?v=1677763747\" alt=\"\"><img decoding=\"async\" src=\"https:\/\/cdn.shopify.com\/s\/files\/1\/0593\/7093\/0335\/files\/Picto_Fair_Trade_480x480.jpg?v=1677763747\" alt=\"\"><img decoding=\"async\" alt=\"\" src=\"https:\/\/cdn.shopify.com\/s\/files\/1\/0593\/7093\/0335\/files\/Picto_Matieres_recyclees_480x480.jpg?v=1677763747\"><\/p>\n<p data-start=\"322\" data-end=\"593\">Con\u00e7u pour r\u00e9duire au maximum son impact sur la plan\u00e8te, ce t-shirt Patagonia iconique est fabriqu\u00e9 \u00e0 partir de mati\u00e8res 100 % recycl\u00e9es. Issu de chutes de coton et de bouteilles plastiques post-consommation, il allie engagement environnemental et confort au quotidien.<\/p>\n<p data-start=\"595\" data-end=\"829\">Avec sa coupe classique, ses manches longues et son col ras-du-cou, il s\u2019adapte \u00e0 toutes les saisons et \u00e0 toutes les situations. Son grand logo P-6 au dos et sa fabrication \u00e9quitable en font un essentiel du vestiaire \u00e9coresponsable.<\/p>\n<p class=\"\" data-end=\"1301\" data-start=\"1071\"><strong data-start=\"1119\" data-end=\"1143\">\u2728 Pourquoi l\u2019adopter<\/strong><br data-start=\"1143\" data-end=\"1146\">\u267b 100 % recycl\u00e9 : coton et polyester post-consommation, sans mati\u00e8res vierges<br data-start=\"1223\" data-end=\"1226\">\ud83c\udf0d Impact r\u00e9duit : tissu issu de chutes de coton et bouteilles plastiques recycl\u00e9es<br data-start=\"1309\" data-end=\"1312\">\ud83d\udc55 Col ras-du-cou classique : polyvalent et confortable, coupe droite<br data-start=\"1381\" data-end=\"1384\">\u2702\ufe0f Finitions renforc\u00e9es : coutures \u00e9paules \u00e9tanch\u00e9es pour un maintien durable<br data-start=\"1461\" data-end=\"1464\">\ud83c\uddf2\ud83c\uddfd Fabrication \u00e9quitable : confection Fair Trade Certified\u2122 au Mexique<br data-start=\"1536\" data-end=\"1539\">\ud83e\uddf5 Mati\u00e8re certifi\u00e9e bluesign\u00ae : s\u00e9curit\u00e9, tra\u00e7abilit\u00e9 et impact r\u00e9duit<\/p>\n<p><strong>Mati\u00e8re 100% recycl\u00e9e<\/strong><br \/>T-shirt en jersey doux 50% coton recycl\u00e9 et 50% polyester recycl\u00e9 post-consommation<\/p>\n<p><strong>Mod\u00e8le polyvalent \u00e0 col ras-du-cou et manches longues<\/strong><br \/>Mod\u00e8le ras-du-cou \u00e0 manches longues classique et polyvalent, id\u00e9al dans presque toutes les situations<\/p>\n<p><strong>Confort et tenue<\/strong><br \/>Encolure \u00e0 bords c\u00f4tel\u00e9s et coutures \u00e9tanch\u00e9es aux \u00e9paules pour plus de confort et une meilleure tenue<\/p>\n<p><strong>Bas de v\u00eatement<\/strong><br \/>Bas de v\u00eatement droit qui peut \u00eatre rentr\u00e9 dans le pantalon<\/p>\n<p><strong data-start=\"2104\" data-end=\"2120\">\ud83e\uddfc Entretien<\/strong><br data-start=\"2120\" data-end=\"2123\">Lavage en machine \u00e0 froid avec des couleurs similaires. S\u00e9cher \u00e0 basse temp\u00e9rature. Ne pas repasser le logo imprim\u00e9. \u00c9viter l\u2019adoucissant pour pr\u00e9server la performance du tissu recycl\u00e9.<\/p>\n<h3>PATAGONIA<\/h3>\n<p><span><em>\u00ab Acheter pour vivre, au lieu de vivre pour acheter \u00bb, cette phrase\u00a0<\/em>d&#8217;Yvon Chouinard, fondateur peu conventionnel de la marque Patagonia illustre bien le positionnement de la marque.<\/span><\/p>\n<p><span>Depuis 1973, Patagonia propose des v\u00eatements techniques \u00e9co-con\u00e7us de sports de montagne, de surf,\u00a0pour d\u00e9couvrir les grands espaces naturels sauvages.\u00a0Pour concevoir ses v\u00eatements, Patagonia utilise uniquement du coton biologique et des chlorofibres (mati\u00e8res recycl\u00e9es). On pourrait r\u00e9sumer ainsi la philosophie de\u00a0PATAGONIA\u00a0:<em> &#8220;Fabriquer les meilleurs produits en causant le moindre impact environnemental, utiliser le monde des affaires pour inspirer et mettre en place des solutions \u00e0 la crise environnementale.&#8221;<\/em><\/span><\/p>\n<h3>INFORMATIONS<\/h3>\n<p>Mati\u00e8res : jersey 50 % coton recycl\u00e9 et 50 % polyester recycl\u00e9 post-consommation, 186 g\/m\u00b2<br \/>Mati\u00e8re certifi\u00e9e bluesign\u00ae<br \/>Mod\u00e8le confectionn\u00e9 dans un atelier Fair Trade Certified\u2122<br data-start=\"2603\" data-end=\"2606\">Coupe : droite, col ras-du-cou, manches longues<br data-start=\"2653\" data-end=\"2656\">Poids : 255 g<br data-start=\"2669\" data-end=\"2672\">Pays d\u2019origine : fabriqu\u00e9 au Mexique<\/p>\n","protected":false},"excerpt":{"rendered":"<p>T-shirt Manches Longues P-6 Logo Responsibili-Tee\u00ae &#8211; Patagonia Con\u00e7u pour r\u00e9duire au maximum son impact sur la plan\u00e8te, ce t-shirt Patagonia iconique est fabriqu\u00e9 \u00e0 partir de mati\u00e8res 100 % recycl\u00e9es. Issu de chutes de coton et de bouteilles plastiques post-consommation, il allie engagement environnemental et confort au quotidien. Avec sa coupe classique, ses manches [&hellip;]<\/p>\n","protected":false},"featured_media":2549005,"comment_status":"open","ping_status":"closed","template":"","meta":[],"product_brand":[7133],"product_cat":[1756,1762],"product_tag":[1810],"acf":[],"_links":{"self":[{"href":"https:\/\/streetmarkets.fr\/app\/wp-json\/wp\/v2\/product\/2549004"}],"collection":[{"href":"https:\/\/streetmarkets.fr\/app\/wp-json\/wp\/v2\/product"}],"about":[{"href":"https:\/\/streetmarkets.fr\/app\/wp-json\/wp\/v2\/types\/product"}],"replies":[{"embeddable":true,"href":"https:\/\/streetmarkets.fr\/app\/wp-json\/wp\/v2\/comments?post=2549004"}],"wp:featuredmedia":[{"embeddable":true,"href":"https:\/\/streetmarkets.fr\/app\/wp-json\/wp\/v2\/media\/2549005"}],"wp:attachment":[{"href":"https:\/\/streetmarkets.fr\/app\/wp-json\/wp\/v2\/media?parent=2549004"}],"wp:term":[{"taxonomy":"product_brand","embeddable":true,"href":"https:\/\/streetmarkets.fr\/app\/wp-json\/wp\/v2\/product_brand?post=2549004"},{"taxonomy":"product_cat","embeddable":true,"href":"https:\/\/streetmarkets.fr\/app\/wp-json\/wp\/v2\/product_cat?post=2549004"},{"taxonomy":"product_tag","embeddable":true,"href":"https:\/\/streetmarkets.fr\/app\/wp-json\/wp\/v2\/product_tag?post=2549004"}],"curies":[{"name":"wp","href":"https:\/\/api.w.org\/{rel}","templated":true}]}}