{"id":2548634,"date":"2025-08-30T00:58:35","date_gmt":"2025-08-29T22:58:35","guid":{"rendered":"https:\/\/streetmarkets.fr\/app\/produit\/gilet-sans-manche-orange-ginia\/"},"modified":"2026-05-11T00:55:48","modified_gmt":"2026-05-10T22:55:48","slug":"gilet-sans-manche-orange-ginia","status":"publish","type":"product","link":"https:\/\/streetmarkets.fr\/app\/produit\/gilet-sans-manche-orange-ginia\/","title":{"rendered":"Gilet sans manche orange &#8211; Ginia"},"content":{"rendered":"<p>Ce gilet sans manche illumine instantan\u00e9ment votre look avec sa teinte orange solaire. Port\u00e9 seul \u00e0 m\u00eame la peau ou superpos\u00e9 sur une chemise, Ginia dynamise vos looks avec une touche r\u00e9tro assum\u00e9e.<\/p>\n<p>Confectionn\u00e9 au Portugal<\/p>\n<p>D\u00c9TAILS<\/p>\n<ul>\n<li>Encolure en V.<\/li>\n<li>Finition bord c\u00f4te sur le bas.<\/li>\n<li>Ouverture par boutons au milieu devant.<\/li>\n<li>Broderie &#8220;pois bleu&#8221; en bas.\n<\/li>\n<\/ul>\n<p>COMPOSITION<\/p>\n<ul>\n<li>40% acrylique 30% mohair 30% polyamide\n<\/li>\n<\/ul>\n<p>LE CONSEIL D&#8217;ASTRID<\/p>\n<p>Portez ce gilet sans manche sur une chemise blanche pour un look plus casual.<\/p>\n<p><span>CONSEIL D&#8217;ENTRETIEN<\/span><\/p>\n<p>Lavage d\u00e9licat 30\u00b0 avec des coloris similaires, pas de s\u00e8che-linge<\/p>\n<p>LA MARQUE<\/p>\n<p>&#8211; Des v\u00eatements vitamin\u00e9s et con\u00e7us pour durer &#8211; \u00a0<\/p>\n<p>Ars\u00e8ne et les Pipelettes cr\u00e9e des v\u00eatements modernes, aux imprim\u00e9s et couleurs exclusives, pour un vestiaire joyeux et raffin\u00e9. La marque allie \u00e9co-responsabilit\u00e9 avec des pi\u00e8ces cr\u00e9atives qui sont faites pour durer.<\/p>\n","protected":false},"excerpt":{"rendered":"<p>Ce gilet sans manche illumine instantan\u00e9ment votre look avec sa teinte orange solaire. Port\u00e9 seul \u00e0 m\u00eame la peau ou superpos\u00e9 sur une chemise, Ginia dynamise vos looks avec une touche r\u00e9tro assum\u00e9e. Confectionn\u00e9 au Portugal D\u00c9TAILS Encolure en V. Finition bord c\u00f4te sur le bas. Ouverture par boutons au milieu devant. Broderie &#8220;pois bleu&#8221; [&hellip;]<\/p>\n","protected":false},"featured_media":2548635,"comment_status":"open","ping_status":"closed","template":"","meta":[],"product_brand":[],"product_cat":[1756,1762],"product_tag":[1813],"acf":[],"_links":{"self":[{"href":"https:\/\/streetmarkets.fr\/app\/wp-json\/wp\/v2\/product\/2548634"}],"collection":[{"href":"https:\/\/streetmarkets.fr\/app\/wp-json\/wp\/v2\/product"}],"about":[{"href":"https:\/\/streetmarkets.fr\/app\/wp-json\/wp\/v2\/types\/product"}],"replies":[{"embeddable":true,"href":"https:\/\/streetmarkets.fr\/app\/wp-json\/wp\/v2\/comments?post=2548634"}],"wp:featuredmedia":[{"embeddable":true,"href":"https:\/\/streetmarkets.fr\/app\/wp-json\/wp\/v2\/media\/2548635"}],"wp:attachment":[{"href":"https:\/\/streetmarkets.fr\/app\/wp-json\/wp\/v2\/media?parent=2548634"}],"wp:term":[{"taxonomy":"product_brand","embeddable":true,"href":"https:\/\/streetmarkets.fr\/app\/wp-json\/wp\/v2\/product_brand?post=2548634"},{"taxonomy":"product_cat","embeddable":true,"href":"https:\/\/streetmarkets.fr\/app\/wp-json\/wp\/v2\/product_cat?post=2548634"},{"taxonomy":"product_tag","embeddable":true,"href":"https:\/\/streetmarkets.fr\/app\/wp-json\/wp\/v2\/product_tag?post=2548634"}],"curies":[{"name":"wp","href":"https:\/\/api.w.org\/{rel}","templated":true}]}}