{"id":2548524,"date":"2025-08-29T08:42:09","date_gmt":"2025-08-29T06:42:09","guid":{"rendered":"https:\/\/streetmarkets.fr\/app\/produit\/cardigan-ali-noir-laurence-bras\/"},"modified":"2026-05-08T08:38:45","modified_gmt":"2026-05-08T06:38:45","slug":"cardigan-ali-noir-laurence-bras","status":"publish","type":"product","link":"https:\/\/streetmarkets.fr\/app\/produit\/cardigan-ali-noir-laurence-bras\/","title":{"rendered":"Cardigan Ali noir &#8211; Laurence Bras"},"content":{"rendered":"<p data-is-only-node=\"\" data-is-last-node=\"\" data-end=\"203\" data-start=\"0\">Cardigan coupe droite en maille fine finition c\u00f4tel\u00e9e \u00e0 l\u2019ourlet et aux poignets<br data-end=\"83\" data-start=\"80\"><\/p>\n<p data-is-only-node=\"\" data-is-last-node=\"\" data-end=\"203\" data-start=\"0\">Col rond ras-du-cou<br data-end=\"105\" data-start=\"102\"><\/p>\n<p data-is-only-node=\"\" data-is-last-node=\"\" data-end=\"203\" data-start=\"0\">Manches longues sans poches<br data-end=\"135\" data-start=\"132\"><\/p>\n<p data-is-only-node=\"\" data-is-last-node=\"\" data-end=\"203\" data-start=\"0\">Boutons dor\u00e9s d\u00e9coratifs \u00e0 relief<\/p>\n<p data-is-only-node=\"\" data-is-last-node=\"\" data-end=\"203\" data-start=\"0\"><\/p>\n","protected":false},"excerpt":{"rendered":"<p>Cardigan coupe droite en maille fine finition c\u00f4tel\u00e9e \u00e0 l\u2019ourlet et aux poignets Col rond ras-du-cou Manches longues sans poches Boutons dor\u00e9s d\u00e9coratifs \u00e0 relief<\/p>\n","protected":false},"featured_media":2548525,"comment_status":"open","ping_status":"closed","template":"","meta":[],"product_brand":[],"product_cat":[1756,1762],"product_tag":[2244],"acf":[],"_links":{"self":[{"href":"https:\/\/streetmarkets.fr\/app\/wp-json\/wp\/v2\/product\/2548524"}],"collection":[{"href":"https:\/\/streetmarkets.fr\/app\/wp-json\/wp\/v2\/product"}],"about":[{"href":"https:\/\/streetmarkets.fr\/app\/wp-json\/wp\/v2\/types\/product"}],"replies":[{"embeddable":true,"href":"https:\/\/streetmarkets.fr\/app\/wp-json\/wp\/v2\/comments?post=2548524"}],"wp:featuredmedia":[{"embeddable":true,"href":"https:\/\/streetmarkets.fr\/app\/wp-json\/wp\/v2\/media\/2548525"}],"wp:attachment":[{"href":"https:\/\/streetmarkets.fr\/app\/wp-json\/wp\/v2\/media?parent=2548524"}],"wp:term":[{"taxonomy":"product_brand","embeddable":true,"href":"https:\/\/streetmarkets.fr\/app\/wp-json\/wp\/v2\/product_brand?post=2548524"},{"taxonomy":"product_cat","embeddable":true,"href":"https:\/\/streetmarkets.fr\/app\/wp-json\/wp\/v2\/product_cat?post=2548524"},{"taxonomy":"product_tag","embeddable":true,"href":"https:\/\/streetmarkets.fr\/app\/wp-json\/wp\/v2\/product_tag?post=2548524"}],"curies":[{"name":"wp","href":"https:\/\/api.w.org\/{rel}","templated":true}]}}