{"id":2548521,"date":"2025-08-29T08:42:09","date_gmt":"2025-08-29T06:42:09","guid":{"rendered":"https:\/\/streetmarkets.fr\/app\/produit\/sac-banane-coachella-black-rose-marie-martens\/"},"modified":"2026-04-12T08:39:17","modified_gmt":"2026-04-12T06:39:17","slug":"sac-banane-coachella-black-rose-marie-martens","status":"publish","type":"product","link":"https:\/\/streetmarkets.fr\/app\/produit\/sac-banane-coachella-black-rose-marie-martens\/","title":{"rendered":"Sac banane coachella black ros\u00e9 &#8211; Marie Martens"},"content":{"rendered":"<p>Banane en cuir coloris argent, matelass\u00e9, qui se porte aussi bien \u00e0 la taille ou qu&#8217;en bandouli\u00e8re. Garder les mains libres en toutes cisconstances (v\u00e9lo, scooter&#8230;)<\/p>\n<p>&#8211; Fermeture zip, Int\u00e9rieur en coton rose.<\/p>\n<p>&#8211; Chaine ajustable avec ceinture &amp; cha\u00eene argent de 40 cm amovible.<\/p>\n<p>Fabrication francaise<\/p>\n<p>Retrouvez sur notre eshop une s\u00e9lection des plus belles cr\u00e9ations de sacs de la nouvelle collection de <a href=\"https:\/\/www.joee.fr\/concept-store-marie-martens-paris\" target=\"_blank\" rel=\"noopener\">Marie Martens.<\/a><\/p>\n<p><\/p>\n","protected":false},"excerpt":{"rendered":"<p>Banane en cuir coloris argent, matelass\u00e9, qui se porte aussi bien \u00e0 la taille ou qu&#8217;en bandouli\u00e8re. Garder les mains libres en toutes cisconstances (v\u00e9lo, scooter&#8230;) &#8211; Fermeture zip, Int\u00e9rieur en coton rose. &#8211; Chaine ajustable avec ceinture &amp; cha\u00eene argent de 40 cm amovible. Fabrication francaise Retrouvez sur notre eshop une s\u00e9lection des plus [&hellip;]<\/p>\n","protected":false},"featured_media":2548522,"comment_status":"open","ping_status":"closed","template":"","meta":[],"product_brand":[],"product_cat":[1756,1764],"product_tag":[2244],"acf":[],"_links":{"self":[{"href":"https:\/\/streetmarkets.fr\/app\/wp-json\/wp\/v2\/product\/2548521"}],"collection":[{"href":"https:\/\/streetmarkets.fr\/app\/wp-json\/wp\/v2\/product"}],"about":[{"href":"https:\/\/streetmarkets.fr\/app\/wp-json\/wp\/v2\/types\/product"}],"replies":[{"embeddable":true,"href":"https:\/\/streetmarkets.fr\/app\/wp-json\/wp\/v2\/comments?post=2548521"}],"wp:featuredmedia":[{"embeddable":true,"href":"https:\/\/streetmarkets.fr\/app\/wp-json\/wp\/v2\/media\/2548522"}],"wp:attachment":[{"href":"https:\/\/streetmarkets.fr\/app\/wp-json\/wp\/v2\/media?parent=2548521"}],"wp:term":[{"taxonomy":"product_brand","embeddable":true,"href":"https:\/\/streetmarkets.fr\/app\/wp-json\/wp\/v2\/product_brand?post=2548521"},{"taxonomy":"product_cat","embeddable":true,"href":"https:\/\/streetmarkets.fr\/app\/wp-json\/wp\/v2\/product_cat?post=2548521"},{"taxonomy":"product_tag","embeddable":true,"href":"https:\/\/streetmarkets.fr\/app\/wp-json\/wp\/v2\/product_tag?post=2548521"}],"curies":[{"name":"wp","href":"https:\/\/api.w.org\/{rel}","templated":true}]}}