{"id":2548501,"date":"2025-08-29T08:42:07","date_gmt":"2025-08-29T06:42:07","guid":{"rendered":"https:\/\/streetmarkets.fr\/app\/produit\/foulard-saccade-noir-bleu-ma-poesie\/"},"modified":"2026-05-08T08:38:44","modified_gmt":"2026-05-08T06:38:44","slug":"foulard-saccade-noir-bleu-ma-poesie","status":"publish","type":"product","link":"https:\/\/streetmarkets.fr\/app\/produit\/foulard-saccade-noir-bleu-ma-poesie\/","title":{"rendered":"Foulard saccade noir bleu &#8211; Ma Po\u00e9sie"},"content":{"rendered":"<p>Imprim\u00e9 sur une nouvelle qualit\u00e9 de laine, le foulard Saccade se distingue par son tissage en chevron fluide et doux.\u00a0<\/p>\n<p>Parfait pour mettre en valeur les couleurs d\u00e9licates de son design.<\/p>\n","protected":false},"excerpt":{"rendered":"<p>Imprim\u00e9 sur une nouvelle qualit\u00e9 de laine, le foulard Saccade se distingue par son tissage en chevron fluide et doux.\u00a0 Parfait pour mettre en valeur les couleurs d\u00e9licates de son design.<\/p>\n","protected":false},"featured_media":2548502,"comment_status":"open","ping_status":"closed","template":"","meta":[],"product_brand":[],"product_cat":[1756,1764],"product_tag":[2244],"acf":[],"_links":{"self":[{"href":"https:\/\/streetmarkets.fr\/app\/wp-json\/wp\/v2\/product\/2548501"}],"collection":[{"href":"https:\/\/streetmarkets.fr\/app\/wp-json\/wp\/v2\/product"}],"about":[{"href":"https:\/\/streetmarkets.fr\/app\/wp-json\/wp\/v2\/types\/product"}],"replies":[{"embeddable":true,"href":"https:\/\/streetmarkets.fr\/app\/wp-json\/wp\/v2\/comments?post=2548501"}],"wp:featuredmedia":[{"embeddable":true,"href":"https:\/\/streetmarkets.fr\/app\/wp-json\/wp\/v2\/media\/2548502"}],"wp:attachment":[{"href":"https:\/\/streetmarkets.fr\/app\/wp-json\/wp\/v2\/media?parent=2548501"}],"wp:term":[{"taxonomy":"product_brand","embeddable":true,"href":"https:\/\/streetmarkets.fr\/app\/wp-json\/wp\/v2\/product_brand?post=2548501"},{"taxonomy":"product_cat","embeddable":true,"href":"https:\/\/streetmarkets.fr\/app\/wp-json\/wp\/v2\/product_cat?post=2548501"},{"taxonomy":"product_tag","embeddable":true,"href":"https:\/\/streetmarkets.fr\/app\/wp-json\/wp\/v2\/product_tag?post=2548501"}],"curies":[{"name":"wp","href":"https:\/\/api.w.org\/{rel}","templated":true}]}}