{"id":2548493,"date":"2025-08-29T08:42:06","date_gmt":"2025-08-29T06:42:06","guid":{"rendered":"https:\/\/streetmarkets.fr\/app\/produit\/jupe-romeo-astre-bleu-vert-ma-poesie\/"},"modified":"2026-05-08T08:38:44","modified_gmt":"2026-05-08T06:38:44","slug":"jupe-romeo-astre-bleu-vert-ma-poesie","status":"publish","type":"product","link":"https:\/\/streetmarkets.fr\/app\/produit\/jupe-romeo-astre-bleu-vert-ma-poesie\/","title":{"rendered":"Jupe Romeo astre bleu vert &#8211; Ma Po\u00e9sie"},"content":{"rendered":"<div>\n<\/div>\n<div>\n<p>Jupe ultra fluide en viscose imprim\u00e9e du motif\u00a0Astre<\/p>\n<p>La coupe est ample et la taille \u00e9lastique<br \/>Poches sur les c\u00f4t\u00e9s et fentes c\u00f4t\u00e9s sur le bas<\/p>\n<p>Guide des tailles : taille Unique allant du 36 au 42<\/p>\n<\/div>\n<div>\n\u00a0\n<\/div>\n<div>\n \n<\/div>\n<p>\u00a0<\/p>\n","protected":false},"excerpt":{"rendered":"<p>Jupe ultra fluide en viscose imprim\u00e9e du motif\u00a0Astre La coupe est ample et la taille \u00e9lastiquePoches sur les c\u00f4t\u00e9s et fentes c\u00f4t\u00e9s sur le bas Guide des tailles : taille Unique allant du 36 au 42 \u00a0 \u00a0<\/p>\n","protected":false},"featured_media":2548494,"comment_status":"open","ping_status":"closed","template":"","meta":[],"product_brand":[],"product_cat":[1756,1762],"product_tag":[2244],"acf":[],"_links":{"self":[{"href":"https:\/\/streetmarkets.fr\/app\/wp-json\/wp\/v2\/product\/2548493"}],"collection":[{"href":"https:\/\/streetmarkets.fr\/app\/wp-json\/wp\/v2\/product"}],"about":[{"href":"https:\/\/streetmarkets.fr\/app\/wp-json\/wp\/v2\/types\/product"}],"replies":[{"embeddable":true,"href":"https:\/\/streetmarkets.fr\/app\/wp-json\/wp\/v2\/comments?post=2548493"}],"wp:featuredmedia":[{"embeddable":true,"href":"https:\/\/streetmarkets.fr\/app\/wp-json\/wp\/v2\/media\/2548494"}],"wp:attachment":[{"href":"https:\/\/streetmarkets.fr\/app\/wp-json\/wp\/v2\/media?parent=2548493"}],"wp:term":[{"taxonomy":"product_brand","embeddable":true,"href":"https:\/\/streetmarkets.fr\/app\/wp-json\/wp\/v2\/product_brand?post=2548493"},{"taxonomy":"product_cat","embeddable":true,"href":"https:\/\/streetmarkets.fr\/app\/wp-json\/wp\/v2\/product_cat?post=2548493"},{"taxonomy":"product_tag","embeddable":true,"href":"https:\/\/streetmarkets.fr\/app\/wp-json\/wp\/v2\/product_tag?post=2548493"}],"curies":[{"name":"wp","href":"https:\/\/api.w.org\/{rel}","templated":true}]}}