{"id":2542259,"date":"2025-08-28T06:52:08","date_gmt":"2025-08-28T04:52:08","guid":{"rendered":"https:\/\/streetmarkets.fr\/app\/produit\/hugo-leather-kiltie-tassel-loafer\/"},"modified":"2026-03-16T05:48:49","modified_gmt":"2026-03-16T04:48:49","slug":"hugo-leather-kiltie-tassel-loafer","status":"publish","type":"product","link":"https:\/\/streetmarkets.fr\/app\/produit\/hugo-leather-kiltie-tassel-loafer\/","title":{"rendered":"Hugo Leather Kiltie Tassel Loafer"},"content":{"rendered":"<p data-start=\"212\" data-end=\"532\">Les <strong><em data-start=\"216\" data-end=\"252\">Hugo Leather Kiltie Tassel Loafers<\/em> <\/strong>de Selected s\u2019inspirent du style traditionnel britannique avec une touche contemporaine. Confectionn\u00e9s en <strong data-start=\"359\" data-end=\"377\">cuir noir poli<\/strong>, ils se distinguent par leur <strong data-start=\"407\" data-end=\"433\">patte frang\u00e9e (kiltie)<\/strong> et leurs <strong data-start=\"443\" data-end=\"468\">pampilles d\u00e9coratives<\/strong>, qui ajoutent du relief et du caract\u00e8re \u00e0 une silhouette sobre.<\/p>\n<p data-start=\"534\" data-end=\"770\">\u00c9l\u00e9gants sans \u00eatre formels, ces mocassins apportent une sophistication discr\u00e8te \u00e0 vos tenues. Ils s\u2019associent aussi bien \u00e0 un pantalon habill\u00e9 qu\u2019\u00e0 un jean brut ou un chino cropped. Une pi\u00e8ce forte pour les amateurs de d\u00e9tails raffin\u00e9s.<\/p>\n<p data-start=\"772\" data-end=\"926\">\u00c0 retrouver chez <strong data-start=\"789\" data-end=\"799\">Harold<\/strong>, boutique de pr\u00eat-\u00e0-porter masculin dans le Marais \u00e0 Paris \u2014 o\u00f9 les classiques sont choisis avec soin et revisit\u00e9s avec style.<\/p>\n","protected":false},"excerpt":{"rendered":"<p>Les Hugo Leather Kiltie Tassel Loafers de Selected s\u2019inspirent du style traditionnel britannique avec une touche contemporaine. Confectionn\u00e9s en cuir noir poli, ils se distinguent par leur patte frang\u00e9e (kiltie) et leurs pampilles d\u00e9coratives, qui ajoutent du relief et du caract\u00e8re \u00e0 une silhouette sobre. \u00c9l\u00e9gants sans \u00eatre formels, ces mocassins apportent une sophistication discr\u00e8te [&hellip;]<\/p>\n","protected":false},"featured_media":2542260,"comment_status":"open","ping_status":"closed","template":"","meta":[],"product_brand":[],"product_cat":[1756,1759],"product_tag":[2244],"acf":[],"_links":{"self":[{"href":"https:\/\/streetmarkets.fr\/app\/wp-json\/wp\/v2\/product\/2542259"}],"collection":[{"href":"https:\/\/streetmarkets.fr\/app\/wp-json\/wp\/v2\/product"}],"about":[{"href":"https:\/\/streetmarkets.fr\/app\/wp-json\/wp\/v2\/types\/product"}],"replies":[{"embeddable":true,"href":"https:\/\/streetmarkets.fr\/app\/wp-json\/wp\/v2\/comments?post=2542259"}],"wp:featuredmedia":[{"embeddable":true,"href":"https:\/\/streetmarkets.fr\/app\/wp-json\/wp\/v2\/media\/2542260"}],"wp:attachment":[{"href":"https:\/\/streetmarkets.fr\/app\/wp-json\/wp\/v2\/media?parent=2542259"}],"wp:term":[{"taxonomy":"product_brand","embeddable":true,"href":"https:\/\/streetmarkets.fr\/app\/wp-json\/wp\/v2\/product_brand?post=2542259"},{"taxonomy":"product_cat","embeddable":true,"href":"https:\/\/streetmarkets.fr\/app\/wp-json\/wp\/v2\/product_cat?post=2542259"},{"taxonomy":"product_tag","embeddable":true,"href":"https:\/\/streetmarkets.fr\/app\/wp-json\/wp\/v2\/product_tag?post=2542259"}],"curies":[{"name":"wp","href":"https:\/\/api.w.org\/{rel}","templated":true}]}}