{"id":2542249,"date":"2025-08-28T06:52:06","date_gmt":"2025-08-28T04:52:06","guid":{"rendered":"https:\/\/streetmarkets.fr\/app\/produit\/otis-leather-toe-cap-shoe\/"},"modified":"2026-03-16T05:48:48","modified_gmt":"2026-03-16T04:48:48","slug":"otis-leather-toe-cap-shoe","status":"publish","type":"product","link":"https:\/\/streetmarkets.fr\/app\/produit\/otis-leather-toe-cap-shoe\/","title":{"rendered":"Otis Leather Toe-Cap Shoe"},"content":{"rendered":"<p data-start=\"201\" data-end=\"483\">Classiques et intemporelles, les chaussures<em data-start=\"245\" data-end=\"251\">\u00a0<strong>Otis Leather Toe-Cap Shoe<\/strong><\/em> de <strong>Selected<\/strong> revisitent l&#8217;\u00e9l\u00e9gance formelle avec sobri\u00e9t\u00e9 et justesse. Confectionn\u00e9es en <strong data-start=\"340\" data-end=\"358\">cuir v\u00e9ritable<\/strong>, elles se distinguent par leur <strong data-start=\"390\" data-end=\"414\">bout droit (toe-cap)<\/strong> soigneusement dessin\u00e9, signature d\u2019un soulier raffin\u00e9 et polyvalent.<\/p>\n<p data-start=\"485\" data-end=\"764\"><strong>Parfaites pour accompagner un costume de ville ou structurer un look casual chic<\/strong>, les Otis offrent un excellent \u00e9quilibre entre confort, maintien et finitions soign\u00e9es. Leur semelle discr\u00e8tement contrast\u00e9e et leur ligne \u00e9lanc\u00e9e en font une pi\u00e8ce essentielle du vestiaire habill\u00e9.<\/p>\n<p data-start=\"766\" data-end=\"909\">\u00c0 retrouver chez <strong data-start=\"783\" data-end=\"793\">Harold<\/strong>, boutique de pr\u00eat-\u00e0-porter pour homme dans le Marais \u00e0 Paris \u2013 o\u00f9 le d\u00e9tail fait la diff\u00e9rence, jusqu\u2019aux souliers.<\/p>\n","protected":false},"excerpt":{"rendered":"<p>Classiques et intemporelles, les chaussures\u00a0Otis Leather Toe-Cap Shoe de Selected revisitent l&#8217;\u00e9l\u00e9gance formelle avec sobri\u00e9t\u00e9 et justesse. Confectionn\u00e9es en cuir v\u00e9ritable, elles se distinguent par leur bout droit (toe-cap) soigneusement dessin\u00e9, signature d\u2019un soulier raffin\u00e9 et polyvalent. Parfaites pour accompagner un costume de ville ou structurer un look casual chic, les Otis offrent un excellent [&hellip;]<\/p>\n","protected":false},"featured_media":2542250,"comment_status":"open","ping_status":"closed","template":"","meta":[],"product_brand":[],"product_cat":[1756,1759],"product_tag":[2244],"acf":[],"_links":{"self":[{"href":"https:\/\/streetmarkets.fr\/app\/wp-json\/wp\/v2\/product\/2542249"}],"collection":[{"href":"https:\/\/streetmarkets.fr\/app\/wp-json\/wp\/v2\/product"}],"about":[{"href":"https:\/\/streetmarkets.fr\/app\/wp-json\/wp\/v2\/types\/product"}],"replies":[{"embeddable":true,"href":"https:\/\/streetmarkets.fr\/app\/wp-json\/wp\/v2\/comments?post=2542249"}],"wp:featuredmedia":[{"embeddable":true,"href":"https:\/\/streetmarkets.fr\/app\/wp-json\/wp\/v2\/media\/2542250"}],"wp:attachment":[{"href":"https:\/\/streetmarkets.fr\/app\/wp-json\/wp\/v2\/media?parent=2542249"}],"wp:term":[{"taxonomy":"product_brand","embeddable":true,"href":"https:\/\/streetmarkets.fr\/app\/wp-json\/wp\/v2\/product_brand?post=2542249"},{"taxonomy":"product_cat","embeddable":true,"href":"https:\/\/streetmarkets.fr\/app\/wp-json\/wp\/v2\/product_cat?post=2542249"},{"taxonomy":"product_tag","embeddable":true,"href":"https:\/\/streetmarkets.fr\/app\/wp-json\/wp\/v2\/product_tag?post=2542249"}],"curies":[{"name":"wp","href":"https:\/\/api.w.org\/{rel}","templated":true}]}}