{"id":2542241,"date":"2025-08-28T06:52:06","date_gmt":"2025-08-28T04:52:06","guid":{"rendered":"https:\/\/streetmarkets.fr\/app\/produit\/zipped-overshirt-3948\/"},"modified":"2026-03-16T05:48:48","modified_gmt":"2026-03-16T04:48:48","slug":"zipped-overshirt-3948","status":"publish","type":"product","link":"https:\/\/streetmarkets.fr\/app\/produit\/zipped-overshirt-3948\/","title":{"rendered":"Zipped Overshirt 3948"},"content":{"rendered":"<p><!--td {border: 1px solid #cccccc;}br {mso-data-placement:same-cell;}--><\/p>\n<p><span data-sheets-root=\"1\">D\u00e9couvrez la chemise \u00e0 manches longues <strong>Zipped Overshirt 3948<\/strong> de <strong>Revolution<\/strong> en marron clair. Cette chemise \u00e0 <strong>motif tiss\u00e9 inspir\u00e9 des Azt\u00e8ques<\/strong> est dot\u00e9e de poches passepoil\u00e9es et d&#8217;une fermeture \u00e9clair en m\u00e9tal.<\/p>\n<p>Apportez une touche d&#8217;<strong>originalit\u00e9<\/strong> \u00e0 votre tenue avec cette chemise \u00e0 motif tiss\u00e9, tandis que la fermeture \u00e9clair en m\u00e9tal offre un contraste moderne.<\/p>\n<p>Optez pour le <strong>Zipped Overshirt 3948<\/strong> pour un look d\u00e9contract\u00e9 et tendance. Disponible d\u00e8s maintenant dans notre <strong>boutique Harold<\/strong>, au coeur du marais, ou sur notre boutique en ligne.<\/span><\/p>\n","protected":false},"excerpt":{"rendered":"<p>D\u00e9couvrez la chemise \u00e0 manches longues Zipped Overshirt 3948 de Revolution en marron clair. Cette chemise \u00e0 motif tiss\u00e9 inspir\u00e9 des Azt\u00e8ques est dot\u00e9e de poches passepoil\u00e9es et d&#8217;une fermeture \u00e9clair en m\u00e9tal. Apportez une touche d&#8217;originalit\u00e9 \u00e0 votre tenue avec cette chemise \u00e0 motif tiss\u00e9, tandis que la fermeture \u00e9clair en m\u00e9tal offre un [&hellip;]<\/p>\n","protected":false},"featured_media":2542242,"comment_status":"open","ping_status":"closed","template":"","meta":[],"product_brand":[],"product_cat":[1756,1758],"product_tag":[2244],"acf":[],"_links":{"self":[{"href":"https:\/\/streetmarkets.fr\/app\/wp-json\/wp\/v2\/product\/2542241"}],"collection":[{"href":"https:\/\/streetmarkets.fr\/app\/wp-json\/wp\/v2\/product"}],"about":[{"href":"https:\/\/streetmarkets.fr\/app\/wp-json\/wp\/v2\/types\/product"}],"replies":[{"embeddable":true,"href":"https:\/\/streetmarkets.fr\/app\/wp-json\/wp\/v2\/comments?post=2542241"}],"wp:featuredmedia":[{"embeddable":true,"href":"https:\/\/streetmarkets.fr\/app\/wp-json\/wp\/v2\/media\/2542242"}],"wp:attachment":[{"href":"https:\/\/streetmarkets.fr\/app\/wp-json\/wp\/v2\/media?parent=2542241"}],"wp:term":[{"taxonomy":"product_brand","embeddable":true,"href":"https:\/\/streetmarkets.fr\/app\/wp-json\/wp\/v2\/product_brand?post=2542241"},{"taxonomy":"product_cat","embeddable":true,"href":"https:\/\/streetmarkets.fr\/app\/wp-json\/wp\/v2\/product_cat?post=2542241"},{"taxonomy":"product_tag","embeddable":true,"href":"https:\/\/streetmarkets.fr\/app\/wp-json\/wp\/v2\/product_tag?post=2542241"}],"curies":[{"name":"wp","href":"https:\/\/api.w.org\/{rel}","templated":true}]}}