{"id":2524782,"date":"2025-08-25T06:52:45","date_gmt":"2025-08-25T04:52:45","guid":{"rendered":"https:\/\/streetmarkets.fr\/app\/produit\/river-socks\/"},"modified":"2026-03-16T05:48:48","modified_gmt":"2026-03-16T04:48:48","slug":"river-socks","status":"publish","type":"product","link":"https:\/\/streetmarkets.fr\/app\/produit\/river-socks\/","title":{"rendered":"River Socks"},"content":{"rendered":"<p>Alliez confort et style avec les <strong>River Socks<\/strong> de <strong>Selected<\/strong>, des chaussettes polyvalentes con\u00e7ues pour accompagner votre quotidien avec \u00e9l\u00e9gance.<\/p>\n<p>Dot\u00e9es de <strong>revers c\u00f4tel\u00e9s<\/strong>, elles assurent un maintien parfait tout au long de la journ\u00e9e. Le <strong>talon et l\u2019orteil renforc\u00e9s<\/strong> garantissent une durabilit\u00e9 accrue, tandis que leur design disponible en <strong>plusieurs couleurs<\/strong> s\u2019adapte \u00e0 toutes vos tenues. En <strong>taille unique<\/strong>, elles offrent un ajustement optimal pour un confort maximal.<\/p>\n<p>Un indispensable \u00e0 retrouver chez <strong>Harold, <\/strong>votre boutique de <strong>pr\u00eat-\u00e0-porter homme <\/strong>\u00e0 <strong>Paris<\/strong>.<\/p>\n","protected":false},"excerpt":{"rendered":"<p>Alliez confort et style avec les River Socks de Selected, des chaussettes polyvalentes con\u00e7ues pour accompagner votre quotidien avec \u00e9l\u00e9gance. Dot\u00e9es de revers c\u00f4tel\u00e9s, elles assurent un maintien parfait tout au long de la journ\u00e9e. Le talon et l\u2019orteil renforc\u00e9s garantissent une durabilit\u00e9 accrue, tandis que leur design disponible en plusieurs couleurs s\u2019adapte \u00e0 toutes [&hellip;]<\/p>\n","protected":false},"featured_media":2524783,"comment_status":"open","ping_status":"closed","template":"","meta":[],"product_brand":[],"product_cat":[1756,1760],"product_tag":[2244],"acf":[],"_links":{"self":[{"href":"https:\/\/streetmarkets.fr\/app\/wp-json\/wp\/v2\/product\/2524782"}],"collection":[{"href":"https:\/\/streetmarkets.fr\/app\/wp-json\/wp\/v2\/product"}],"about":[{"href":"https:\/\/streetmarkets.fr\/app\/wp-json\/wp\/v2\/types\/product"}],"replies":[{"embeddable":true,"href":"https:\/\/streetmarkets.fr\/app\/wp-json\/wp\/v2\/comments?post=2524782"}],"wp:featuredmedia":[{"embeddable":true,"href":"https:\/\/streetmarkets.fr\/app\/wp-json\/wp\/v2\/media\/2524783"}],"wp:attachment":[{"href":"https:\/\/streetmarkets.fr\/app\/wp-json\/wp\/v2\/media?parent=2524782"}],"wp:term":[{"taxonomy":"product_brand","embeddable":true,"href":"https:\/\/streetmarkets.fr\/app\/wp-json\/wp\/v2\/product_brand?post=2524782"},{"taxonomy":"product_cat","embeddable":true,"href":"https:\/\/streetmarkets.fr\/app\/wp-json\/wp\/v2\/product_cat?post=2524782"},{"taxonomy":"product_tag","embeddable":true,"href":"https:\/\/streetmarkets.fr\/app\/wp-json\/wp\/v2\/product_tag?post=2524782"}],"curies":[{"name":"wp","href":"https:\/\/api.w.org\/{rel}","templated":true}]}}