{"id":2524773,"date":"2025-08-25T06:52:45","date_gmt":"2025-08-25T04:52:45","guid":{"rendered":"https:\/\/streetmarkets.fr\/app\/produit\/nash-sock\/"},"modified":"2026-03-16T05:48:48","modified_gmt":"2026-03-16T04:48:48","slug":"nash-sock","status":"publish","type":"product","link":"https:\/\/streetmarkets.fr\/app\/produit\/nash-sock\/","title":{"rendered":"Nash Sock"},"content":{"rendered":"<p data-start=\"200\" data-end=\"469\">\u00c9l\u00e9ment essentiel du vestiaire quotidien, les <em data-start=\"246\" data-end=\"258\">Nash Socks<\/em> de Selected allient <strong data-start=\"279\" data-end=\"323\">sobri\u00e9t\u00e9 intemporelle et confort durable<\/strong>. Confectionn\u00e9es en <strong data-start=\"343\" data-end=\"371\">maille jersey circulaire<\/strong>, elles garantissent un ajustement optimal et une sensation agr\u00e9able tout au long de la journ\u00e9e.<\/p>\n<p data-start=\"471\" data-end=\"693\">Polyvalentes et discr\u00e8tes, elles s\u2019int\u00e8grent parfaitement \u00e0 toutes vos tenues, des looks casual aux silhouettes plus habill\u00e9es. Une paire indispensable, pens\u00e9e pour compl\u00e9ter avec \u00e9l\u00e9gance un vestiaire masculin exigeant.<\/p>\n<p data-start=\"695\" data-end=\"832\">Disponibles chez <strong data-start=\"712\" data-end=\"722\">Harold<\/strong>, boutique de pr\u00eat-\u00e0-porter masculin dans le Marais \u00e0 Paris \u2014 parce que l\u2019\u00e9l\u00e9gance commence par les d\u00e9tails.<\/p>\n","protected":false},"excerpt":{"rendered":"<p>\u00c9l\u00e9ment essentiel du vestiaire quotidien, les Nash Socks de Selected allient sobri\u00e9t\u00e9 intemporelle et confort durable. Confectionn\u00e9es en maille jersey circulaire, elles garantissent un ajustement optimal et une sensation agr\u00e9able tout au long de la journ\u00e9e. Polyvalentes et discr\u00e8tes, elles s\u2019int\u00e8grent parfaitement \u00e0 toutes vos tenues, des looks casual aux silhouettes plus habill\u00e9es. Une paire [&hellip;]<\/p>\n","protected":false},"featured_media":2524774,"comment_status":"open","ping_status":"closed","template":"","meta":[],"product_brand":[],"product_cat":[1756,1760],"product_tag":[2244],"acf":[],"_links":{"self":[{"href":"https:\/\/streetmarkets.fr\/app\/wp-json\/wp\/v2\/product\/2524773"}],"collection":[{"href":"https:\/\/streetmarkets.fr\/app\/wp-json\/wp\/v2\/product"}],"about":[{"href":"https:\/\/streetmarkets.fr\/app\/wp-json\/wp\/v2\/types\/product"}],"replies":[{"embeddable":true,"href":"https:\/\/streetmarkets.fr\/app\/wp-json\/wp\/v2\/comments?post=2524773"}],"wp:featuredmedia":[{"embeddable":true,"href":"https:\/\/streetmarkets.fr\/app\/wp-json\/wp\/v2\/media\/2524774"}],"wp:attachment":[{"href":"https:\/\/streetmarkets.fr\/app\/wp-json\/wp\/v2\/media?parent=2524773"}],"wp:term":[{"taxonomy":"product_brand","embeddable":true,"href":"https:\/\/streetmarkets.fr\/app\/wp-json\/wp\/v2\/product_brand?post=2524773"},{"taxonomy":"product_cat","embeddable":true,"href":"https:\/\/streetmarkets.fr\/app\/wp-json\/wp\/v2\/product_cat?post=2524773"},{"taxonomy":"product_tag","embeddable":true,"href":"https:\/\/streetmarkets.fr\/app\/wp-json\/wp\/v2\/product_tag?post=2524773"}],"curies":[{"name":"wp","href":"https:\/\/api.w.org\/{rel}","templated":true}]}}