{"id":2524694,"date":"2025-08-25T06:52:36","date_gmt":"2025-08-25T04:52:36","guid":{"rendered":"https:\/\/streetmarkets.fr\/app\/produit\/marchall-corduroy-coach-jacket\/"},"modified":"2026-03-16T05:48:48","modified_gmt":"2026-03-16T04:48:48","slug":"marchall-corduroy-coach-jacket","status":"publish","type":"product","link":"https:\/\/streetmarkets.fr\/app\/produit\/marchall-corduroy-coach-jacket\/","title":{"rendered":"Marchall Corduroy Coach Jacket"},"content":{"rendered":"<p data-start=\"170\" data-end=\"467\">Le <strong data-start=\"173\" data-end=\"207\">Marchall Corduroy Coach Jacket<\/strong> est fabriqu\u00e9e en <strong data-start=\"225\" data-end=\"260\">velours c\u00f4tel\u00e9 de coton 8 c\u00f4tes<\/strong> avec un <strong data-start=\"269\" data-end=\"293\">rev\u00eatement d\u00e9perlant<\/strong>, conjuguant texture riche et protection fonctionnelle. Sa coupe <strong data-start=\"358\" data-end=\"382\">structur\u00e9e et \u00e9pur\u00e9e<\/strong> met en valeur des <strong data-start=\"401\" data-end=\"419\">d\u00e9tails pr\u00e9cis<\/strong> qui assurent une finition soign\u00e9e et durable.<\/p>\n<p data-start=\"469\" data-end=\"914\">La veste se distingue par son <strong data-start=\"499\" data-end=\"516\">col classique<\/strong>, sa <strong data-start=\"521\" data-end=\"576\">fermeture \u00e9clair m\u00e9tallique en relief \u00e0 double sens<\/strong>, ainsi que ses <strong data-start=\"592\" data-end=\"615\">poches passepoil\u00e9es<\/strong> pratiques. Les <strong data-start=\"631\" data-end=\"653\">poignets \u00e0 boutons<\/strong> et la <strong data-start=\"660\" data-end=\"709\">couture centrale dans le dos sans empi\u00e8cement<\/strong> renforcent sa construction sobre et affirm\u00e9e. Con\u00e7ue pour \u00eatre port\u00e9e seule ou en ensemble, elle s\u2019associe parfaitement au <strong data-start=\"833\" data-end=\"874\">pantalon en velours c\u00f4tel\u00e9 \u00e9pais Kody<\/strong> pour une tenue compl\u00e8te et coh\u00e9rente.<\/p>\n<ul data-start=\"930\" data-end=\"1274\">\n<li data-start=\"930\" data-end=\"949\">\n<p data-start=\"932\" data-end=\"949\"><strong data-start=\"932\" data-end=\"947\">100 % Coton<\/strong><\/p>\n<\/li>\n<li data-start=\"950\" data-end=\"986\">\n<p data-start=\"952\" data-end=\"986\"><strong data-start=\"952\" data-end=\"984\">Velours c\u00f4tel\u00e9 \u00e9pais 8 c\u00f4tes<\/strong><\/p>\n<\/li>\n<li data-start=\"1016\" data-end=\"1037\">\n<p data-start=\"1018\" data-end=\"1037\"><strong data-start=\"1018\" data-end=\"1035\">Col classique<\/strong><\/p>\n<\/li>\n<li data-start=\"1038\" data-end=\"1097\">\n<p data-start=\"1040\" data-end=\"1097\"><strong data-start=\"1040\" data-end=\"1095\">Fermeture \u00e9clair m\u00e9tallique en relief \u00e0 double sens<\/strong><\/p>\n<\/li>\n<li data-start=\"1098\" data-end=\"1136\">\n<p data-start=\"1100\" data-end=\"1136\"><strong data-start=\"1100\" data-end=\"1134\">Poches passepoil\u00e9es classiques<\/strong><\/p>\n<\/li>\n<li data-start=\"1218\" data-end=\"1274\">\n<p data-start=\"1220\" data-end=\"1274\">Assorti au <strong data-start=\"1231\" data-end=\"1272\">Pantalon en Velours c\u00f4tel\u00e9 \u00e9pais Kody<\/strong><\/p>\n<\/li>\n<\/ul>\n<p data-start=\"1358\" data-end=\"1489\"><\/p>\n","protected":false},"excerpt":{"rendered":"<p>Le Marchall Corduroy Coach Jacket est fabriqu\u00e9e en velours c\u00f4tel\u00e9 de coton 8 c\u00f4tes avec un rev\u00eatement d\u00e9perlant, conjuguant texture riche et protection fonctionnelle. Sa coupe structur\u00e9e et \u00e9pur\u00e9e met en valeur des d\u00e9tails pr\u00e9cis qui assurent une finition soign\u00e9e et durable. La veste se distingue par son col classique, sa fermeture \u00e9clair m\u00e9tallique en [&hellip;]<\/p>\n","protected":false},"featured_media":2524695,"comment_status":"open","ping_status":"closed","template":"","meta":[],"product_brand":[],"product_cat":[1756,1758],"product_tag":[2244],"acf":[],"_links":{"self":[{"href":"https:\/\/streetmarkets.fr\/app\/wp-json\/wp\/v2\/product\/2524694"}],"collection":[{"href":"https:\/\/streetmarkets.fr\/app\/wp-json\/wp\/v2\/product"}],"about":[{"href":"https:\/\/streetmarkets.fr\/app\/wp-json\/wp\/v2\/types\/product"}],"replies":[{"embeddable":true,"href":"https:\/\/streetmarkets.fr\/app\/wp-json\/wp\/v2\/comments?post=2524694"}],"wp:featuredmedia":[{"embeddable":true,"href":"https:\/\/streetmarkets.fr\/app\/wp-json\/wp\/v2\/media\/2524695"}],"wp:attachment":[{"href":"https:\/\/streetmarkets.fr\/app\/wp-json\/wp\/v2\/media?parent=2524694"}],"wp:term":[{"taxonomy":"product_brand","embeddable":true,"href":"https:\/\/streetmarkets.fr\/app\/wp-json\/wp\/v2\/product_brand?post=2524694"},{"taxonomy":"product_cat","embeddable":true,"href":"https:\/\/streetmarkets.fr\/app\/wp-json\/wp\/v2\/product_cat?post=2524694"},{"taxonomy":"product_tag","embeddable":true,"href":"https:\/\/streetmarkets.fr\/app\/wp-json\/wp\/v2\/product_tag?post=2524694"}],"curies":[{"name":"wp","href":"https:\/\/api.w.org\/{rel}","templated":true}]}}