{"id":2524607,"date":"2025-08-25T06:52:12","date_gmt":"2025-08-25T04:52:12","guid":{"rendered":"https:\/\/streetmarkets.fr\/app\/produit\/alvin-waffle-crewneck-knit\/"},"modified":"2026-03-16T05:48:48","modified_gmt":"2026-03-16T04:48:48","slug":"alvin-waffle-crewneck-knit","status":"publish","type":"product","link":"https:\/\/streetmarkets.fr\/app\/produit\/alvin-waffle-crewneck-knit\/","title":{"rendered":"Alvin Waffle Crewneck Knit"},"content":{"rendered":"<p data-start=\"174\" data-end=\"434\">Avec son <strong data-start=\"183\" data-end=\"201\">tissage gaufr\u00e9<\/strong> distinctif et sa coupe d\u00e9contract\u00e9e, le <em data-start=\"242\" data-end=\"265\">Alvin Waffle Crewneck<\/em> de Les Deux est une maille textur\u00e9e pens\u00e9e pour accompagner toutes les saisons. Confectionn\u00e9 en <strong data-start=\"362\" data-end=\"377\">100 % coton<\/strong>, il associe confort respirant et allure contemporaine.<\/p>\n<p data-start=\"436\" data-end=\"771\">Ses d\u00e9tails soign\u00e9s \u2014 <strong data-start=\"458\" data-end=\"509\">lettrage au point de cha\u00eenette pr\u00e8s de l\u2019ourlet<\/strong>, <strong data-start=\"511\" data-end=\"536\">col ras du cou c\u00f4tel\u00e9<\/strong> et <strong data-start=\"540\" data-end=\"561\">\u00e9paules tombantes<\/strong> \u2014 apportent relief et caract\u00e8re \u00e0 une silhouette casual, tout en restant facile \u00e0 int\u00e9grer dans un vestiaire quotidien. Sa <strong data-start=\"685\" data-end=\"712\">maille de calibre moyen<\/strong> lui assure polyvalence et confort en toute circonstance.<\/p>\n<p data-start=\"773\" data-end=\"928\">\u00c0 retrouver chez <strong data-start=\"790\" data-end=\"800\">Harold<\/strong>, boutique de pr\u00eat-\u00e0-porter masculin au c\u0153ur du Marais \u00e0 Paris \u2014 une s\u00e9lection de pi\u00e8ces modernes, textur\u00e9es et intemporelles.<\/p>\n<ul>\n<li data-start=\"198\" data-end=\"246\">\n<p data-start=\"200\" data-end=\"246\"><strong data-start=\"200\" data-end=\"213\">Texture :<\/strong> tissage gaufr\u00e9 caract\u00e9ristique<\/p>\n<\/li>\n<li data-start=\"247\" data-end=\"303\">\n<p data-start=\"249\" data-end=\"303\"><strong data-start=\"249\" data-end=\"260\">Coupe :<\/strong> col ras du cou c\u00f4tel\u00e9, \u00e9paules tombantes<\/p>\n<\/li>\n<li data-start=\"304\" data-end=\"364\">\n<p data-start=\"306\" data-end=\"364\"><strong data-start=\"306\" data-end=\"318\">Maille :<\/strong> calibre moyen, adapt\u00e9e \u00e0 toutes les saisons<\/p>\n<\/li>\n<\/ul>\n","protected":false},"excerpt":{"rendered":"<p>Avec son tissage gaufr\u00e9 distinctif et sa coupe d\u00e9contract\u00e9e, le Alvin Waffle Crewneck de Les Deux est une maille textur\u00e9e pens\u00e9e pour accompagner toutes les saisons. Confectionn\u00e9 en 100 % coton, il associe confort respirant et allure contemporaine. Ses d\u00e9tails soign\u00e9s \u2014 lettrage au point de cha\u00eenette pr\u00e8s de l\u2019ourlet, col ras du cou c\u00f4tel\u00e9 [&hellip;]<\/p>\n","protected":false},"featured_media":2524608,"comment_status":"open","ping_status":"closed","template":"","meta":[],"product_brand":[],"product_cat":[1756,1758],"product_tag":[2244],"acf":[],"_links":{"self":[{"href":"https:\/\/streetmarkets.fr\/app\/wp-json\/wp\/v2\/product\/2524607"}],"collection":[{"href":"https:\/\/streetmarkets.fr\/app\/wp-json\/wp\/v2\/product"}],"about":[{"href":"https:\/\/streetmarkets.fr\/app\/wp-json\/wp\/v2\/types\/product"}],"replies":[{"embeddable":true,"href":"https:\/\/streetmarkets.fr\/app\/wp-json\/wp\/v2\/comments?post=2524607"}],"wp:featuredmedia":[{"embeddable":true,"href":"https:\/\/streetmarkets.fr\/app\/wp-json\/wp\/v2\/media\/2524608"}],"wp:attachment":[{"href":"https:\/\/streetmarkets.fr\/app\/wp-json\/wp\/v2\/media?parent=2524607"}],"wp:term":[{"taxonomy":"product_brand","embeddable":true,"href":"https:\/\/streetmarkets.fr\/app\/wp-json\/wp\/v2\/product_brand?post=2524607"},{"taxonomy":"product_cat","embeddable":true,"href":"https:\/\/streetmarkets.fr\/app\/wp-json\/wp\/v2\/product_cat?post=2524607"},{"taxonomy":"product_tag","embeddable":true,"href":"https:\/\/streetmarkets.fr\/app\/wp-json\/wp\/v2\/product_tag?post=2524607"}],"curies":[{"name":"wp","href":"https:\/\/api.w.org\/{rel}","templated":true}]}}