{"id":2507016,"date":"2025-08-22T08:44:29","date_gmt":"2025-08-22T06:44:29","guid":{"rendered":"https:\/\/streetmarkets.fr\/app\/produit\/cardigan-avec-capuche-black-navy-ref-ct25328-ct-plage\/"},"modified":"2026-04-21T08:38:50","modified_gmt":"2026-04-21T06:38:50","slug":"cardigan-avec-capuche-black-navy-ref-ct25328-ct-plage","status":"publish","type":"product","link":"https:\/\/streetmarkets.fr\/app\/produit\/cardigan-avec-capuche-black-navy-ref-ct25328-ct-plage\/","title":{"rendered":"Veste \u00e0 capuche black navy &#8211; ref CT25328 &#8211; CT PLAGE"},"content":{"rendered":"<p data-mce-fragment=\"1\">Cardigan \u00e0 capuche coloris BLACK NAVY avec col ch\u00e2le et capuche. Fermeture avec un bouton, 2 poches fendues dans les coutures de c\u00f4t\u00e9.\u00a0<\/p>\n<p data-mce-fragment=\"1\">Cette ann\u00e9e, ce mod\u00e8le est compos\u00e9 d&#8217;un m\u00e9lange de mati\u00e8res : laine raccoon, fox et polyamide.\u00a0<\/p>\n<p data-mce-fragment=\"1\">Guide des tailles\u00a0: \u00a0Le mannequin fait une taille 36 et mesure 1m79.\u00a0<br data-mce-fragment=\"1\"><\/p>\n<p data-mce-fragment=\"1\">Prenez votre taille habituelle<\/p>\n<p data-mce-fragment=\"1\">Entretien :\u00a0lavage en machine possible avec un programme\u00a0d\u00e9licat et essorage<\/p>\n<p data-mce-fragment=\"1\">\u00a0<\/p>\n","protected":false},"excerpt":{"rendered":"<p>Cardigan \u00e0 capuche coloris BLACK NAVY avec col ch\u00e2le et capuche. Fermeture avec un bouton, 2 poches fendues dans les coutures de c\u00f4t\u00e9.\u00a0 Cette ann\u00e9e, ce mod\u00e8le est compos\u00e9 d&#8217;un m\u00e9lange de mati\u00e8res : laine raccoon, fox et polyamide.\u00a0 Guide des tailles\u00a0: \u00a0Le mannequin fait une taille 36 et mesure 1m79.\u00a0 Prenez votre taille habituelle [&hellip;]<\/p>\n","protected":false},"featured_media":2507017,"comment_status":"open","ping_status":"closed","template":"","meta":[],"product_brand":[],"product_cat":[1756,1762],"product_tag":[2244],"acf":[],"_links":{"self":[{"href":"https:\/\/streetmarkets.fr\/app\/wp-json\/wp\/v2\/product\/2507016"}],"collection":[{"href":"https:\/\/streetmarkets.fr\/app\/wp-json\/wp\/v2\/product"}],"about":[{"href":"https:\/\/streetmarkets.fr\/app\/wp-json\/wp\/v2\/types\/product"}],"replies":[{"embeddable":true,"href":"https:\/\/streetmarkets.fr\/app\/wp-json\/wp\/v2\/comments?post=2507016"}],"wp:featuredmedia":[{"embeddable":true,"href":"https:\/\/streetmarkets.fr\/app\/wp-json\/wp\/v2\/media\/2507017"}],"wp:attachment":[{"href":"https:\/\/streetmarkets.fr\/app\/wp-json\/wp\/v2\/media?parent=2507016"}],"wp:term":[{"taxonomy":"product_brand","embeddable":true,"href":"https:\/\/streetmarkets.fr\/app\/wp-json\/wp\/v2\/product_brand?post=2507016"},{"taxonomy":"product_cat","embeddable":true,"href":"https:\/\/streetmarkets.fr\/app\/wp-json\/wp\/v2\/product_cat?post=2507016"},{"taxonomy":"product_tag","embeddable":true,"href":"https:\/\/streetmarkets.fr\/app\/wp-json\/wp\/v2\/product_tag?post=2507016"}],"curies":[{"name":"wp","href":"https:\/\/api.w.org\/{rel}","templated":true}]}}