{"id":2507002,"date":"2025-08-22T08:44:27","date_gmt":"2025-08-22T06:44:27","guid":{"rendered":"https:\/\/streetmarkets.fr\/app\/produit\/pull-sans-manches-col-v-camel-ref-ct-25103-ct-plage\/"},"modified":"2026-05-05T08:38:49","modified_gmt":"2026-05-05T06:38:49","slug":"pull-sans-manches-col-v-camel-ref-ct-25103-ct-plage","status":"publish","type":"product","link":"https:\/\/streetmarkets.fr\/app\/produit\/pull-sans-manches-col-v-camel-ref-ct-25103-ct-plage\/","title":{"rendered":"Pull sans manches col V Camel ref CT 25103 &#8211; CT Plage"},"content":{"rendered":"<p>Ce pull sans manches couleur CAMEL peut \u00eatre port\u00e9 sur une chemise ou sur un pull l\u00e9ger.\u00a0<\/p>\n<p>Ultra doux, il sera parfait en d\u00e9marrage de saison.\u00a0\u00a0<\/p>\n<p>Conseil taille : le 36 correspond \u00e0 une taille 36\/38 et le 38 correspond \u00e0 une taille 38\/40<\/p>\n","protected":false},"excerpt":{"rendered":"<p>Ce pull sans manches couleur CAMEL peut \u00eatre port\u00e9 sur une chemise ou sur un pull l\u00e9ger.\u00a0 Ultra doux, il sera parfait en d\u00e9marrage de saison.\u00a0\u00a0 Conseil taille : le 36 correspond \u00e0 une taille 36\/38 et le 38 correspond \u00e0 une taille 38\/40<\/p>\n","protected":false},"featured_media":2507003,"comment_status":"open","ping_status":"closed","template":"","meta":[],"product_brand":[],"product_cat":[1756,1762],"product_tag":[2244],"acf":[],"_links":{"self":[{"href":"https:\/\/streetmarkets.fr\/app\/wp-json\/wp\/v2\/product\/2507002"}],"collection":[{"href":"https:\/\/streetmarkets.fr\/app\/wp-json\/wp\/v2\/product"}],"about":[{"href":"https:\/\/streetmarkets.fr\/app\/wp-json\/wp\/v2\/types\/product"}],"replies":[{"embeddable":true,"href":"https:\/\/streetmarkets.fr\/app\/wp-json\/wp\/v2\/comments?post=2507002"}],"wp:featuredmedia":[{"embeddable":true,"href":"https:\/\/streetmarkets.fr\/app\/wp-json\/wp\/v2\/media\/2507003"}],"wp:attachment":[{"href":"https:\/\/streetmarkets.fr\/app\/wp-json\/wp\/v2\/media?parent=2507002"}],"wp:term":[{"taxonomy":"product_brand","embeddable":true,"href":"https:\/\/streetmarkets.fr\/app\/wp-json\/wp\/v2\/product_brand?post=2507002"},{"taxonomy":"product_cat","embeddable":true,"href":"https:\/\/streetmarkets.fr\/app\/wp-json\/wp\/v2\/product_cat?post=2507002"},{"taxonomy":"product_tag","embeddable":true,"href":"https:\/\/streetmarkets.fr\/app\/wp-json\/wp\/v2\/product_tag?post=2507002"}],"curies":[{"name":"wp","href":"https:\/\/api.w.org\/{rel}","templated":true}]}}