{"id":2485567,"date":"2025-08-18T07:37:13","date_gmt":"2025-08-18T05:37:13","guid":{"rendered":"https:\/\/streetmarkets.fr\/app\/produit\/pantalon-cachemire-madluv-street-3\/"},"modified":"2026-05-08T07:37:36","modified_gmt":"2026-05-08T05:37:36","slug":"pantalon-cachemire-madluv-street-3","status":"publish","type":"product","link":"https:\/\/streetmarkets.fr\/app\/produit\/pantalon-cachemire-madluv-street-3\/","title":{"rendered":"Pantalon Cachemire Madluv Street"},"content":{"rendered":"<p>PANTALON STREET :Pantalon Gris \u00e0 bandes grises claires, et ouvert par le bas. Le lacet est jaune fluo.100% cachemire &#8211; 2 Tailles T1 et T2Existe aussi en Gris bandes vertes, en Noir bandes blanches, en Beige bandes roses p\u00e2les, en Vert bandes blanchesLa taille T1 corresponds \u00e0 la taille 36-38La taille T2 corresponds \u00e0 la taille 40-42La livraison est offerte pour la France M\u00e9tropolitaine<\/p>\n","protected":false},"excerpt":{"rendered":"<p>PANTALON STREET :Pantalon Gris \u00e0 bandes grises claires, et ouvert par le bas. Le lacet est jaune fluo.100% cachemire &#8211; 2 Tailles T1 et T2Existe aussi en Gris bandes vertes, en Noir bandes blanches, en Beige bandes roses p\u00e2les, en Vert bandes blanchesLa taille T1 corresponds \u00e0 la taille 36-38La taille T2 corresponds \u00e0 la [&hellip;]<\/p>\n","protected":false},"featured_media":2485568,"comment_status":"open","ping_status":"closed","template":"","meta":[],"product_brand":[],"product_cat":[1756,1762],"product_tag":[2244],"acf":[],"_links":{"self":[{"href":"https:\/\/streetmarkets.fr\/app\/wp-json\/wp\/v2\/product\/2485567"}],"collection":[{"href":"https:\/\/streetmarkets.fr\/app\/wp-json\/wp\/v2\/product"}],"about":[{"href":"https:\/\/streetmarkets.fr\/app\/wp-json\/wp\/v2\/types\/product"}],"replies":[{"embeddable":true,"href":"https:\/\/streetmarkets.fr\/app\/wp-json\/wp\/v2\/comments?post=2485567"}],"wp:featuredmedia":[{"embeddable":true,"href":"https:\/\/streetmarkets.fr\/app\/wp-json\/wp\/v2\/media\/2485568"}],"wp:attachment":[{"href":"https:\/\/streetmarkets.fr\/app\/wp-json\/wp\/v2\/media?parent=2485567"}],"wp:term":[{"taxonomy":"product_brand","embeddable":true,"href":"https:\/\/streetmarkets.fr\/app\/wp-json\/wp\/v2\/product_brand?post=2485567"},{"taxonomy":"product_cat","embeddable":true,"href":"https:\/\/streetmarkets.fr\/app\/wp-json\/wp\/v2\/product_cat?post=2485567"},{"taxonomy":"product_tag","embeddable":true,"href":"https:\/\/streetmarkets.fr\/app\/wp-json\/wp\/v2\/product_tag?post=2485567"}],"curies":[{"name":"wp","href":"https:\/\/api.w.org\/{rel}","templated":true}]}}