{"id":2485561,"date":"2025-08-18T07:37:09","date_gmt":"2025-08-18T05:37:09","guid":{"rendered":"https:\/\/streetmarkets.fr\/app\/produit\/pantalon-cachemire-madluv-street-2\/"},"modified":"2026-04-24T07:37:27","modified_gmt":"2026-04-24T05:37:27","slug":"pantalon-cachemire-madluv-street-2","status":"publish","type":"product","link":"https:\/\/streetmarkets.fr\/app\/produit\/pantalon-cachemire-madluv-street-2\/","title":{"rendered":"Pantalon Cachemire Madluv Street"},"content":{"rendered":"<p>PANTALON STREET :Pantalon Vert \u00e0 bandes blanches, et ouvert par le bas. Le lacet est blanc.100% cachemire &#8211; 2 Tailles T1 et T2Existe aussi en Gris bandes vertes, en Noir bandes blanches, en Gris bandes grises claires, en Beige \u00e0 bandes roses p\u00e2lesLa taille T1 corresponds \u00e0 la taille 36-38La taille T2 corresponds \u00e0 la taille 40-42La livraison est offerte pour la France M\u00e9tropolitaine<\/p>\n","protected":false},"excerpt":{"rendered":"<p>PANTALON STREET :Pantalon Vert \u00e0 bandes blanches, et ouvert par le bas. Le lacet est blanc.100% cachemire &#8211; 2 Tailles T1 et T2Existe aussi en Gris bandes vertes, en Noir bandes blanches, en Gris bandes grises claires, en Beige \u00e0 bandes roses p\u00e2lesLa taille T1 corresponds \u00e0 la taille 36-38La taille T2 corresponds \u00e0 la [&hellip;]<\/p>\n","protected":false},"featured_media":2485562,"comment_status":"open","ping_status":"closed","template":"","meta":[],"product_brand":[],"product_cat":[1756,1762],"product_tag":[2244],"acf":[],"_links":{"self":[{"href":"https:\/\/streetmarkets.fr\/app\/wp-json\/wp\/v2\/product\/2485561"}],"collection":[{"href":"https:\/\/streetmarkets.fr\/app\/wp-json\/wp\/v2\/product"}],"about":[{"href":"https:\/\/streetmarkets.fr\/app\/wp-json\/wp\/v2\/types\/product"}],"replies":[{"embeddable":true,"href":"https:\/\/streetmarkets.fr\/app\/wp-json\/wp\/v2\/comments?post=2485561"}],"wp:featuredmedia":[{"embeddable":true,"href":"https:\/\/streetmarkets.fr\/app\/wp-json\/wp\/v2\/media\/2485562"}],"wp:attachment":[{"href":"https:\/\/streetmarkets.fr\/app\/wp-json\/wp\/v2\/media?parent=2485561"}],"wp:term":[{"taxonomy":"product_brand","embeddable":true,"href":"https:\/\/streetmarkets.fr\/app\/wp-json\/wp\/v2\/product_brand?post=2485561"},{"taxonomy":"product_cat","embeddable":true,"href":"https:\/\/streetmarkets.fr\/app\/wp-json\/wp\/v2\/product_cat?post=2485561"},{"taxonomy":"product_tag","embeddable":true,"href":"https:\/\/streetmarkets.fr\/app\/wp-json\/wp\/v2\/product_tag?post=2485561"}],"curies":[{"name":"wp","href":"https:\/\/api.w.org\/{rel}","templated":true}]}}