{"id":2476134,"date":"2025-08-17T00:28:17","date_gmt":"2025-08-16T22:28:17","guid":{"rendered":"https:\/\/streetmarkets.fr\/app\/produit\/boutique-cacharel-jupe-crayon-midi-100-lin-jaune-poussin-taille-xs\/"},"modified":"2026-05-14T00:26:46","modified_gmt":"2026-05-13T22:26:46","slug":"boutique-cacharel-jupe-crayon-midi-100-lin-jaune-poussin-taille-xs","status":"publish","type":"product","link":"https:\/\/streetmarkets.fr\/app\/produit\/boutique-cacharel-jupe-crayon-midi-100-lin-jaune-poussin-taille-xs\/","title":{"rendered":"Boutique CACHAREL Jupe crayon midi 100% lin jaune poussin Taille XS"},"content":{"rendered":"<p>El\u00e9gante\u00a0jupe\u00a0en lin de la Maison de Couture\u00a0parisienne\u00a0CACHAREL.V\u00eatement luxueux, fabriqu\u00e9 en France.Confectionn\u00e9e\u00a0dans un luxueux lin jaune poussin, cette jupe midi est une pi\u00e8ce\u00a0lumineuse et ensoleillera vos tenues.Coup\u00e9e taille haute elle souligne la finesse de la taille et tombe avec douceur.Elle est agr\u00e9able \u00e0 porter.\u00a0Portez-la au quotidien, avec des talons ou des chaussures plates, un haut en soie ou un pull en cachemire\u00a0pour cr\u00e9er une silhouette f\u00e9minine et gracieuse dans l&#8217;esprit de la Maison de Couture CACHAREL.100% lin, enti\u00e8rement doubl\u00e9e.Couleur jaune poussin.Taille haute, fermeture \u00e9clair et boutonJupe crayon, longueur midi, fente au dos.Taille XS ou 34.Largeur taille 34cm, longueur c\u00f4t\u00e9 80cm.Excellent \u00e9tat.  Je (Elo\u00efse, fondatrice du site) authentifie toutes les pi\u00e8ces. Mon experience dans le luxe et ma passion pour cet univers m&#8217;ont permis d&#8217;acqu\u00e9rir une excellente connaissance des produits.Toutes les pi\u00e8ces transitent par le showroom pour que je puisse en \u00e9valuer l&#8217;authenticit\u00e9. Je prends tout le temps necessaire pour \u00e9tudier la pi\u00e8ce dans les moindres d\u00e9tails et contacte directement les Maisons de Couture si j&#8217;ai le moindre doute.Les pi\u00e8ces proviennent des dressings de particuliers. Je les rach\u00e8te \u00e0 des personnes qui travaillent dans des Maisons de couture parisiennes ou \u00e0 des accros du shopping.Je n\u2019exige pas les certificats d\u2019authenticit\u00e9 et je ne les fournis pas non plus ou rarement.Les certificats ne sont pas d&#8217;une grande utilit\u00e9 car ils sont tr\u00e8s facilement falsifiables, il est beaucoup plus facile de contrefaire une carte qu&#8217;un sac complet et nous noterez par exemple que les contrefa\u00e7ons de sacs de luxe vendues sur ebay ont toutes des certificats d&#8217;authenticit\u00e9.De mani\u00e8re g\u00e9n\u00e9rale, il est tr\u00e8s facile de distinguer une contrefa\u00e7on d&#8217;un produit authentique, les pi\u00e8ces de luxe sont ch\u00e8res car cela co\u00fbte cher de les fabriquer.Il est ais\u00e9 de copier le design mais pour arriver au m\u00eame r\u00e9sultat il faut avoir des mati\u00e8res premi\u00e8res de qualit\u00e9 et le savoir faire qui permet d&#8217;obtenir des finitions proches de la perfection, ce qui n&#8217;est JAMAIS le cas des contrefa\u00e7ons.N&#8217;h\u00e9sitez pas \u00e0 me contacter contact@louiseparis.fr si vous avez des questions, je vous r\u00e9pondrai avec plaisir.Contactez-nous Vos commandes sont exp\u00e9di\u00e9es depuis notre showrooms \u00e0 Paris chaque lundi.Nous proposons deux modes de livraisonsen France:- Colissimo recommand\u00e9 par La Poste en 48h, 10\u20ac.- Retrait de votre commande au showroom \u00e0 Paris, surRENDEZ-VOUS UNIQUEMENT, notre adresse mail pour prendre rdvcontact@louiseparis.fr, gratuit.Nous proposons la livraison\u00e0 l&#8217;Internationalen colissimo recommand\u00e9.- Europe : 20\u20ac- Am\u00e9rique du Nord, Asie, Oc\u00e9anie, Am\u00e9rique centrale et Antille : 25\u20ac- Am\u00e9rique du sud : 30\u20ac. Nous vous recevons sur rendez-vous du lundi au dimanche de 9h \u00e0 21h pour essayer les pi\u00e8ces vendues sur Louise Paris ainsi que les robes de soir\u00e9es \u00e0 la location. Vous pouvez contacter Elo\u00efse par mail \u00e0 contact@louiseparis.fr ou par t\u00e9l\u00e9phone au 06 64 86 08 03 \/ 01 80 06 25 95 pour prendre rendez-vous.<\/p>\n","protected":false},"excerpt":{"rendered":"<p>El\u00e9gante\u00a0jupe\u00a0en lin de la Maison de Couture\u00a0parisienne\u00a0CACHAREL.V\u00eatement luxueux, fabriqu\u00e9 en France.Confectionn\u00e9e\u00a0dans un luxueux lin jaune poussin, cette jupe midi est une pi\u00e8ce\u00a0lumineuse et ensoleillera vos tenues.Coup\u00e9e taille haute elle souligne la finesse de la taille et tombe avec douceur.Elle est agr\u00e9able \u00e0 porter.\u00a0Portez-la au quotidien, avec des talons ou des chaussures plates, un haut en [&hellip;]<\/p>\n","protected":false},"featured_media":2476135,"comment_status":"open","ping_status":"closed","template":"","meta":[],"product_brand":[],"product_cat":[1756,1762],"product_tag":[2122],"acf":[],"_links":{"self":[{"href":"https:\/\/streetmarkets.fr\/app\/wp-json\/wp\/v2\/product\/2476134"}],"collection":[{"href":"https:\/\/streetmarkets.fr\/app\/wp-json\/wp\/v2\/product"}],"about":[{"href":"https:\/\/streetmarkets.fr\/app\/wp-json\/wp\/v2\/types\/product"}],"replies":[{"embeddable":true,"href":"https:\/\/streetmarkets.fr\/app\/wp-json\/wp\/v2\/comments?post=2476134"}],"wp:featuredmedia":[{"embeddable":true,"href":"https:\/\/streetmarkets.fr\/app\/wp-json\/wp\/v2\/media\/2476135"}],"wp:attachment":[{"href":"https:\/\/streetmarkets.fr\/app\/wp-json\/wp\/v2\/media?parent=2476134"}],"wp:term":[{"taxonomy":"product_brand","embeddable":true,"href":"https:\/\/streetmarkets.fr\/app\/wp-json\/wp\/v2\/product_brand?post=2476134"},{"taxonomy":"product_cat","embeddable":true,"href":"https:\/\/streetmarkets.fr\/app\/wp-json\/wp\/v2\/product_cat?post=2476134"},{"taxonomy":"product_tag","embeddable":true,"href":"https:\/\/streetmarkets.fr\/app\/wp-json\/wp\/v2\/product_tag?post=2476134"}],"curies":[{"name":"wp","href":"https:\/\/api.w.org\/{rel}","templated":true}]}}