{"id":2460038,"date":"2025-08-15T01:53:08","date_gmt":"2025-08-14T23:53:08","guid":{"rendered":"https:\/\/streetmarkets.fr\/app\/produit\/top-polo-maille-noir\/"},"modified":"2025-08-17T01:47:31","modified_gmt":"2025-08-16T23:47:31","slug":"top-polo-maille-noir","status":"publish","type":"product","link":"https:\/\/streetmarkets.fr\/app\/produit\/top-polo-maille-noir\/","title":{"rendered":"Top Polo Maille Noir"},"content":{"rendered":"<p>Top noir en maille c\u00f4tel\u00e9e \u00e0 la coupe ajust\u00e9e et col polo. Un petit haut cool \u00e0 porter avec un jean taille haute pour les jours o\u00f9 le noir est votre couleur!<\/p>\n<ul>\n<li style=\"text-align:justify\">Top ajust\u00e9 noir<\/li>\n<li style=\"text-align:justify\">Manches longues, col polo<\/li>\n<li style=\"text-align:justify\">Maille c\u00f4tel\u00e9e<\/li>\n<li style=\"text-align:justify\">Jersey de coton biologique tr\u00e8s doux<\/li>\n<\/ul>\n<p><strong><em>Composition<\/em>:<\/strong><\/p>\n<ul>\n<li>100 % coton biologique<\/li>\n<li><em>Le coton biologique certifi\u00e9 GOTS contribue \u00e0 \u00e9conomiser de l\u2019eau, \u00e0 pr\u00e9server la sant\u00e9 des travailleurs ainsi que la biodiversit\u00e9, pour les g\u00e9n\u00e9rations \u00e0 venir.<\/em><\/li>\n<\/ul>\n<p><em><\/em><\/p>\n<p><em><strong>Fabrication<\/strong><\/em>:<\/p>\n<ul>\n<li>Fabriqu\u00e9 \u00e9thiquement en Inde<\/li>\n<\/ul>\n<p><em><strong>Label(s)<\/strong><\/em>:\u00a0<\/p>\n<ul>\n<li style=\"text-align:left\"><b>Fairtrade<\/b><\/li>\n<li style=\"text-align:left\"><b>GOTS\u00a0<\/b>(Global Organic Textile Standard) sur tout la cha\u00eene de production, de la culture du coton aux finitions.<\/li>\n<\/ul>\n<p><em><strong>Conseil taille<\/strong><\/em>: ce mod\u00e8le taille normalement, prenez votre taille habituelle.<\/p>\n<p><strong><em>Entretien<\/em><\/strong>: lavez 30\u00b0C en machine.<\/p>\n","protected":false},"excerpt":{"rendered":"<p>Top noir en maille c\u00f4tel\u00e9e \u00e0 la coupe ajust\u00e9e et col polo. Un petit haut cool \u00e0 porter avec un jean taille haute pour les jours o\u00f9 le noir est votre couleur! Top ajust\u00e9 noir Manches longues, col polo Maille c\u00f4tel\u00e9e Jersey de coton biologique tr\u00e8s doux Composition: 100 % coton biologique Le coton biologique [&hellip;]<\/p>\n","protected":false},"featured_media":2460039,"comment_status":"open","ping_status":"closed","template":"","meta":[],"product_brand":[],"product_cat":[1756,1762],"product_tag":[1810],"acf":[],"_links":{"self":[{"href":"https:\/\/streetmarkets.fr\/app\/wp-json\/wp\/v2\/product\/2460038"}],"collection":[{"href":"https:\/\/streetmarkets.fr\/app\/wp-json\/wp\/v2\/product"}],"about":[{"href":"https:\/\/streetmarkets.fr\/app\/wp-json\/wp\/v2\/types\/product"}],"replies":[{"embeddable":true,"href":"https:\/\/streetmarkets.fr\/app\/wp-json\/wp\/v2\/comments?post=2460038"}],"wp:featuredmedia":[{"embeddable":true,"href":"https:\/\/streetmarkets.fr\/app\/wp-json\/wp\/v2\/media\/2460039"}],"wp:attachment":[{"href":"https:\/\/streetmarkets.fr\/app\/wp-json\/wp\/v2\/media?parent=2460038"}],"wp:term":[{"taxonomy":"product_brand","embeddable":true,"href":"https:\/\/streetmarkets.fr\/app\/wp-json\/wp\/v2\/product_brand?post=2460038"},{"taxonomy":"product_cat","embeddable":true,"href":"https:\/\/streetmarkets.fr\/app\/wp-json\/wp\/v2\/product_cat?post=2460038"},{"taxonomy":"product_tag","embeddable":true,"href":"https:\/\/streetmarkets.fr\/app\/wp-json\/wp\/v2\/product_tag?post=2460038"}],"curies":[{"name":"wp","href":"https:\/\/api.w.org\/{rel}","templated":true}]}}