{"id":2460022,"date":"2025-08-15T01:53:06","date_gmt":"2025-08-14T23:53:06","guid":{"rendered":"https:\/\/streetmarkets.fr\/app\/produit\/jean-droit-shady-sadie-dry-indigo\/"},"modified":"2025-08-17T01:47:31","modified_gmt":"2025-08-16T23:47:31","slug":"jean-droit-shady-sadie-dry-indigo","status":"publish","type":"product","link":"https:\/\/streetmarkets.fr\/app\/produit\/jean-droit-shady-sadie-dry-indigo\/","title":{"rendered":"Jean Droit Shady Sadie Dry Indigo"},"content":{"rendered":"<p>Jean bleu &#8220;<em>dry indigo<\/em>&#8221; coupe droite <em>Shady Sadie<\/em>. Sa taille basse se pose sur les hanches, pour un maximum de confort. Lorsque l&#8217;on \u00e9voque un &#8220;<em>dry denim<\/em>&#8221; ou <em>denim brut<\/em>, on parle d&#8217;une toile jean qui n&#8217;a pas \u00e9t\u00e9 lav\u00e9e. C&#8217;est-\u00e0-dire que la toile sera plus rigide \u00e0 cause de l&#8217;amidon appliqu\u00e9 sur les fils du tissage du denim. Pas de panique, la toile va s&#8217;assouplir au port\u00e9 et en plus, le d\u00e9lavage va r\u00e9ellement se faire \u00e0 votre fa\u00e7on de vous mouvoir et \u00e0 votre corps. Votre jean sera unique! Pour cela nous vous recommandons vivement de porter votre jean au moins 6 mois avant le premier passage en machine.<\/p>\n<p>Le must : cette pi\u00e8ce est r\u00e9parable au fil des ann\u00e9es. Si vous souhaitez une retouche li\u00e9e \u00e0 l&#8217;usure, contactez-nous !<\/p>\n<ul>\n<li><span style=\"text-align:justify\">Jean coupe droite<\/span><\/li>\n<li><span style=\"text-align:justify\">Taille basse<\/span><span style=\"text-align:justify\"><\/span><\/li>\n<li><span style=\"text-align:justify\">Teinture <\/span><span style=\"text-align:justify\">indigo brut<\/span><\/li>\n<li>Cinq poches<\/li>\n<li><span style=\"text-align:justify\">Fermeture \u00e0 boutons<\/span><\/li>\n<li><span style=\"text-align:justify\">Boutons et rivets en cuivre<\/span><\/li>\n<li><span style=\"text-align:justify\">Si la toile est un peu rigide au d\u00e9but, elle s&#8217;assouplie dans le temps<\/span><\/li>\n<li><span style=\"text-align:justify\">Ce jean a n\u00e9cessit\u00e9 l&#8217;utilisation d&#8217;environ 510L d&#8217;eau pour sa fabrication\u00a0<\/span><\/li>\n<\/ul>\n<p><strong><em><\/em><\/strong><\/p>\n<p><strong><em>Composition<\/em>:<\/strong><\/p>\n<ul>\n<li>100% coton biologique certifi\u00e9 GOTS<\/li>\n<li>Le coton biologique certifi\u00e9 GOTS contribue \u00e0 \u00e9conomiser de l\u2019eau, \u00e0 pr\u00e9server la sant\u00e9 des travailleurs ainsi que la biodiversit\u00e9, pour les g\u00e9n\u00e9rations \u00e0 venir.<\/li>\n<\/ul>\n<p><em><strong>Fabrication<\/strong><\/em>:<\/p>\n<ul>\n<li>Fabriqu\u00e9 \u00e9thiquement en Tunisie \u00e0 Ras Jebel, par l\u2019usine Denim Authority S.A<\/li>\n<\/ul>\n<p><em><strong>Label(s)<\/strong><\/em>:\u00a0<\/p>\n<ul>\n<li><strong>GOTS<\/strong>\u00a0(Global Organic Textile Standard) sur tout la cha\u00eene de production, de la culture du coton aux finitions.<em><strong><\/strong><\/em><\/li>\n<li><strong>Fairtrade<\/strong><\/li>\n<\/ul>\n<p><em><strong>Conseil taille<\/strong><\/em>: ce mod\u00e8le taille un peu petit. Si vous \u00eates entre deux tailles, optez pour la plus grande. Par exemple si vous faites une taille 38 habituellement, optez ici pour du W29.<\/p>\n<p><strong><em><\/em><\/strong><\/p>\n<p><strong><em>Entretien<\/em><\/strong>: Lavez votre jean le moins souvent possible. Si vous le pouvez, <strong>attendez de le porter au moins 6 mois<\/strong>\u00a0avant un premier lavage, la couleur va se fixer et se d\u00e9laver de la meilleure des fa\u00e7ons. Laver \u00e0 30\u00b0C en machine, sur l&#8217;envers. Ce jean peut d\u00e9teindre et r\u00e9tr\u00e9cir de 3% max lors du lavage. Vous pouvez \u00e9tirer le jean lorsqu&#8217;il est encore humide, notamment au niveau de la taille.<\/p>\n","protected":false},"excerpt":{"rendered":"<p>Jean bleu &#8220;dry indigo&#8221; coupe droite Shady Sadie. Sa taille basse se pose sur les hanches, pour un maximum de confort. Lorsque l&#8217;on \u00e9voque un &#8220;dry denim&#8221; ou denim brut, on parle d&#8217;une toile jean qui n&#8217;a pas \u00e9t\u00e9 lav\u00e9e. C&#8217;est-\u00e0-dire que la toile sera plus rigide \u00e0 cause de l&#8217;amidon appliqu\u00e9 sur les fils [&hellip;]<\/p>\n","protected":false},"featured_media":2460023,"comment_status":"open","ping_status":"closed","template":"","meta":[],"product_brand":[],"product_cat":[1756,1762],"product_tag":[1810],"acf":[],"_links":{"self":[{"href":"https:\/\/streetmarkets.fr\/app\/wp-json\/wp\/v2\/product\/2460022"}],"collection":[{"href":"https:\/\/streetmarkets.fr\/app\/wp-json\/wp\/v2\/product"}],"about":[{"href":"https:\/\/streetmarkets.fr\/app\/wp-json\/wp\/v2\/types\/product"}],"replies":[{"embeddable":true,"href":"https:\/\/streetmarkets.fr\/app\/wp-json\/wp\/v2\/comments?post=2460022"}],"wp:featuredmedia":[{"embeddable":true,"href":"https:\/\/streetmarkets.fr\/app\/wp-json\/wp\/v2\/media\/2460023"}],"wp:attachment":[{"href":"https:\/\/streetmarkets.fr\/app\/wp-json\/wp\/v2\/media?parent=2460022"}],"wp:term":[{"taxonomy":"product_brand","embeddable":true,"href":"https:\/\/streetmarkets.fr\/app\/wp-json\/wp\/v2\/product_brand?post=2460022"},{"taxonomy":"product_cat","embeddable":true,"href":"https:\/\/streetmarkets.fr\/app\/wp-json\/wp\/v2\/product_cat?post=2460022"},{"taxonomy":"product_tag","embeddable":true,"href":"https:\/\/streetmarkets.fr\/app\/wp-json\/wp\/v2\/product_tag?post=2460022"}],"curies":[{"name":"wp","href":"https:\/\/api.w.org\/{rel}","templated":true}]}}