{"id":2460003,"date":"2025-08-15T01:53:03","date_gmt":"2025-08-14T23:53:03","guid":{"rendered":"https:\/\/streetmarkets.fr\/app\/produit\/short-jean-noir-demi\/"},"modified":"2025-08-17T01:47:31","modified_gmt":"2025-08-16T23:47:31","slug":"short-jean-noir-demi","status":"publish","type":"product","link":"https:\/\/streetmarkets.fr\/app\/produit\/short-jean-noir-demi\/","title":{"rendered":"Short Jean Noir Demi"},"content":{"rendered":"<p>Le classique short en jean noir, avec la coupe de notre <em>bestseller<\/em> jean <em>mom<\/em> pour la partie taille et hanche: une taille haute et les cuisses plut\u00f4t amples. On aime porter ce jean avec ou sans le bord ourl\u00e9.\u00a0<\/p>\n<ul>\n<li><span style=\"text-align:justify\">Short en jean noir<\/span><\/li>\n<li><span style=\"text-align:justify\">Taille haute<\/span><span style=\"text-align:justify\"><\/span><\/li>\n<li><span style=\"text-align:justify\">Coupe\u00a0<em>mom<\/em>: ajust\u00e9 \u00e0 la taille, d\u00e9tendu sur la cuisse\u00a0<\/span><\/li>\n<li style=\"border:0px;font-style:inherit;font-weight:inherit;margin:0px;padding:0px;vertical-align:baseline\">Le patch \u00e0 l\u2019arri\u00e8re du jean est principalement compos\u00e9 de d\u00e9chets de ma\u00efs, ce qui rend ce jean 100% vegan<\/li>\n<li><span style=\"text-align:justify\">Cinq poches<\/span><\/li>\n<li><span style=\"text-align:justify\">Fermeture zipp\u00e9e<\/span><\/li>\n<\/ul>\n<p><strong><em>Composition<\/em>:<\/strong><\/p>\n<ul>\n<li>100 % coton biologique<\/li>\n<li>Le coton biologique certifi\u00e9 GOTS contribue \u00e0 \u00e9conomiser de l\u2019eau, \u00e0 pr\u00e9server la sant\u00e9 des travailleurs ainsi que la biodiversit\u00e9, pour les g\u00e9n\u00e9rations \u00e0 venir.<\/li>\n<\/ul>\n<p><em><strong>Fabrication<\/strong><\/em>:<\/p>\n<ul>\n<li>Fabriqu\u00e9\u00a0\u00e9thiquement en Turquie, toute la fabrication est issue de la m\u00eame usine : Sarp Jeans<\/li>\n<li>Sarp est une usine haut-de-gamme, et reconnue pour ses pratiques \u00e9thiques et sociales labellis\u00e9es. Elle emploie notamment des personnes en r\u00e9insertion.<\/li>\n<li>Le tissu est fabriqu\u00e9 par l&#8217;entreprise Bossa.<a href=\"https:\/\/www.petafrance.com\/\" style=\"color:#333333\"><\/a><\/li>\n<\/ul>\n<p><em><strong>Label(s)<\/strong><\/em>:\u00a0<\/p>\n<ul>\n<li><strong>GOTS<\/strong> (Global Organic Textile Standard) sur tout la cha\u00eene de production, de la culture du coton aux finitions.<\/li>\n<li>Vegan\u00a0<\/li>\n<\/ul>\n<p><em><strong>Conseil taille<\/strong><\/em>: ce mod\u00e8le taille normalement, optez pour votre taille habituelle. Par exemple si vous faites une taille 38 habituellement, optez ici pour du W28. La mannequin mesure 1m70 et porte la taille 27.<\/p>\n<\/p>\n<p><strong><em><\/em><\/strong><\/p>\n<p><strong><em>Entretien<\/em><\/strong>: lavez \u00e0 30\u00b0C en machine, le moins souvent possible.<\/p>\n","protected":false},"excerpt":{"rendered":"<p>Le classique short en jean noir, avec la coupe de notre bestseller jean mom pour la partie taille et hanche: une taille haute et les cuisses plut\u00f4t amples. On aime porter ce jean avec ou sans le bord ourl\u00e9.\u00a0 Short en jean noir Taille haute Coupe\u00a0mom: ajust\u00e9 \u00e0 la taille, d\u00e9tendu sur la cuisse\u00a0 Le [&hellip;]<\/p>\n","protected":false},"featured_media":2460004,"comment_status":"open","ping_status":"closed","template":"","meta":[],"product_brand":[],"product_cat":[1756,1762],"product_tag":[1810],"acf":[],"_links":{"self":[{"href":"https:\/\/streetmarkets.fr\/app\/wp-json\/wp\/v2\/product\/2460003"}],"collection":[{"href":"https:\/\/streetmarkets.fr\/app\/wp-json\/wp\/v2\/product"}],"about":[{"href":"https:\/\/streetmarkets.fr\/app\/wp-json\/wp\/v2\/types\/product"}],"replies":[{"embeddable":true,"href":"https:\/\/streetmarkets.fr\/app\/wp-json\/wp\/v2\/comments?post=2460003"}],"wp:featuredmedia":[{"embeddable":true,"href":"https:\/\/streetmarkets.fr\/app\/wp-json\/wp\/v2\/media\/2460004"}],"wp:attachment":[{"href":"https:\/\/streetmarkets.fr\/app\/wp-json\/wp\/v2\/media?parent=2460003"}],"wp:term":[{"taxonomy":"product_brand","embeddable":true,"href":"https:\/\/streetmarkets.fr\/app\/wp-json\/wp\/v2\/product_brand?post=2460003"},{"taxonomy":"product_cat","embeddable":true,"href":"https:\/\/streetmarkets.fr\/app\/wp-json\/wp\/v2\/product_cat?post=2460003"},{"taxonomy":"product_tag","embeddable":true,"href":"https:\/\/streetmarkets.fr\/app\/wp-json\/wp\/v2\/product_tag?post=2460003"}],"curies":[{"name":"wp","href":"https:\/\/api.w.org\/{rel}","templated":true}]}}