{"id":2459997,"date":"2025-08-15T01:53:02","date_gmt":"2025-08-14T23:53:02","guid":{"rendered":"https:\/\/streetmarkets.fr\/app\/produit\/bague-amalfi\/"},"modified":"2025-08-17T01:47:31","modified_gmt":"2025-08-16T23:47:31","slug":"bague-amalfi","status":"publish","type":"product","link":"https:\/\/streetmarkets.fr\/app\/produit\/bague-amalfi\/","title":{"rendered":"Bague Amalfi"},"content":{"rendered":"<p>La bague Amalfi est une chevali\u00e8re surmont\u00e9e d&#8217;un cristal bleu turquoise, couleur de l&#8217;oc\u00e9an. Bain d&#8217;or 24k 3 micron. Fabrication espagnole.<\/p>\n<p>La bague Amalfi est une chevali\u00e8re \u00e0 la surface irr\u00e9guli\u00e8re, surmont\u00e9e d&#8217;un magnifique cristal taill\u00e9 bleu turquoise, couleur oc\u00e9an. Les \u00e9nergies li\u00e9es \u00e0 cette couleur sont la cr\u00e9ativit\u00e9 et l&#8217;amour. Pour les personnes qui y sont sensibles, le bleu oc\u00e9an r\u00e9duit le stress.<\/p>\n<ul>\n<li style=\"text-align:justify\">Bague chevali\u00e8re Amalfi<\/li>\n<li style=\"border:0px;font-style:inherit;font-weight:inherit;margin:0px;padding:0px;vertical-align:baseline\">La surface est irr\u00e9guli\u00e8re<\/li>\n<li style=\"border:0px;font-style:inherit;font-weight:inherit;margin:0px;padding:0px;vertical-align:baseline\">Cristal taill\u00e9 bleu turquoise<\/li>\n<\/ul>\n<p><strong><em>Composition<\/em>:<\/strong><\/p>\n<ul>\n<li>Laiton baign\u00e9 dans un bain (\u00e7a veut dire &#8220;plaqu\u00e9&#8221; mais un bain c&#8217;est plus po\u00e9tique) d&#8217;or 24k 3 microns<\/li>\n<li style=\"border:0px;font-style:inherit;font-weight:inherit;margin:0px;padding:0px;vertical-align:baseline\">Cristal<\/li>\n<li style=\"border:0px;font-style:inherit;font-weight:inherit;margin:0px;padding:0px;vertical-align:baseline\"><span style=\"color:#333333\">Mat\u00e9riaux r\u00e9sistants, \u00e9viter de les mettre au contact du chlore et du sel de mer<\/span><\/li>\n<\/ul>\n<p><span style=\"color:#333333\"><\/span><\/p>\n<p><span style=\"color:#333333\"><\/span><\/p>\n<p><em><strong>Fabrication<\/strong><\/em>:<\/p>\n<ul>\n<li>Ce bijoux est fabriqu\u00e9 en Espagne, dans une usine respectant les codes de conduites \u00e9thiques et certifi\u00e9e RJC<\/li>\n<\/ul>\n<p><em><strong>Label(s)<\/strong><\/em>:\u00a0<\/p>\n<\/p>\n<p><em><strong>Taille<\/strong><\/em>:\u00a0<\/p>\n<ul>\n<li>Taille S: diam\u00e8tre 1,65 cm<\/li>\n<li style=\"border:0px;font-style:inherit;font-weight:inherit;margin:0px;padding:0px;vertical-align:baseline\">Taille L: diam\u00e8tre 1,72 cm<\/li>\n<li style=\"border:0px;font-style:inherit;font-weight:inherit;margin:0px;padding:0px;vertical-align:baseline\">Ces deux tailles sont les plus communes pour que la bague soit port\u00e9e sur l\u2019index, le majeur ou l\u2019annulaire pour les femmes et sur l\u2019annulaire pour les hommes\u00a0<\/li>\n<\/ul>\n","protected":false},"excerpt":{"rendered":"<p>La bague Amalfi est une chevali\u00e8re surmont\u00e9e d&#8217;un cristal bleu turquoise, couleur de l&#8217;oc\u00e9an. Bain d&#8217;or 24k 3 micron. Fabrication espagnole. La bague Amalfi est une chevali\u00e8re \u00e0 la surface irr\u00e9guli\u00e8re, surmont\u00e9e d&#8217;un magnifique cristal taill\u00e9 bleu turquoise, couleur oc\u00e9an. Les \u00e9nergies li\u00e9es \u00e0 cette couleur sont la cr\u00e9ativit\u00e9 et l&#8217;amour. Pour les personnes qui [&hellip;]<\/p>\n","protected":false},"featured_media":2459998,"comment_status":"open","ping_status":"closed","template":"","meta":[],"product_brand":[],"product_cat":[1807,1756],"product_tag":[1810],"acf":[],"_links":{"self":[{"href":"https:\/\/streetmarkets.fr\/app\/wp-json\/wp\/v2\/product\/2459997"}],"collection":[{"href":"https:\/\/streetmarkets.fr\/app\/wp-json\/wp\/v2\/product"}],"about":[{"href":"https:\/\/streetmarkets.fr\/app\/wp-json\/wp\/v2\/types\/product"}],"replies":[{"embeddable":true,"href":"https:\/\/streetmarkets.fr\/app\/wp-json\/wp\/v2\/comments?post=2459997"}],"wp:featuredmedia":[{"embeddable":true,"href":"https:\/\/streetmarkets.fr\/app\/wp-json\/wp\/v2\/media\/2459998"}],"wp:attachment":[{"href":"https:\/\/streetmarkets.fr\/app\/wp-json\/wp\/v2\/media?parent=2459997"}],"wp:term":[{"taxonomy":"product_brand","embeddable":true,"href":"https:\/\/streetmarkets.fr\/app\/wp-json\/wp\/v2\/product_brand?post=2459997"},{"taxonomy":"product_cat","embeddable":true,"href":"https:\/\/streetmarkets.fr\/app\/wp-json\/wp\/v2\/product_cat?post=2459997"},{"taxonomy":"product_tag","embeddable":true,"href":"https:\/\/streetmarkets.fr\/app\/wp-json\/wp\/v2\/product_tag?post=2459997"}],"curies":[{"name":"wp","href":"https:\/\/api.w.org\/{rel}","templated":true}]}}