{"id":2459917,"date":"2025-08-15T01:52:27","date_gmt":"2025-08-14T23:52:27","guid":{"rendered":"https:\/\/streetmarkets.fr\/app\/produit\/jean-wide-leg-clean-eileen-classic-blue\/"},"modified":"2025-08-17T01:47:20","modified_gmt":"2025-08-16T23:47:20","slug":"jean-wide-leg-clean-eileen-classic-blue","status":"publish","type":"product","link":"https:\/\/streetmarkets.fr\/app\/produit\/jean-wide-leg-clean-eileen-classic-blue\/","title":{"rendered":"Jean Wide Leg Clean Eileen Classic Blue"},"content":{"rendered":"<p>Jean Clean Eileen, coupe wide leg, taille haute. Toile 100 % coton biologique GOTS, teinte classic blue. Jean confortable et r\u00e9parable au fil des ann\u00e9es!<\/p>\n<p>LE jean taille haute et <em>wide leg<\/em> de vos r\u00eaves ! Sa coupe ample, taille haute et ses jambes larges en font un jean Wahou pour les jours o\u00f9 vous avez besoin d&#8217;affirmer votre style. Ce bleu indigo est le r\u00e9sultat d&#8217;un rin\u00e7age plut\u00f4t qu&#8217;un d\u00e9lavage ce qui donne ce rendu lumineux et cette si belle texture \u00e0 la toile denim.\u00a0<\/p>\n<p>Le must : cette pi\u00e8ce est r\u00e9parable au fil des ann\u00e9es. Si vous souhaitez une retouche li\u00e9e \u00e0 l&#8217;usure, contactez-nous.<\/p>\n<p><em>Best-seller Coco Friendly !<\/em><\/p>\n<ul>\n<li><span style=\"text-align:justify\">Jean <em>Clean Eileen<\/em> coupe jambe large<\/span><\/li>\n<li><span style=\"text-align:justify\">Taille haute<\/span><span style=\"text-align:justify\"><\/span><\/li>\n<li><span style=\"text-align:justify\">Toile bleu indigo, <em>classic blue<\/em><\/span><\/li>\n<li><span style=\"text-align:justify\">Surpiqures couleur ocre<\/span><\/li>\n<li>Cinq poches<\/li>\n<li><span style=\"text-align:justify\">Fermeture zipp\u00e9e<\/span><\/li>\n<li><span style=\"text-align:justify\">Bouton et rivets d&#8217;inspiration vintage en laiton<\/span><\/li>\n<li><span style=\"text-align:justify\">Si la toile est un peu rigide au d\u00e9but, elle s&#8217;assouplie dans le temps<\/span><\/li>\n<li><span style=\"text-align:justify\">La fabrication de ce jean a n\u00e9cessit\u00e9 en moyenne 410L d&#8217;eau<\/span><\/li>\n<\/ul>\n<p><strong><em>Composition<\/em>:<\/strong><\/p>\n<ul>\n<li>100% coton biologique certifi\u00e9 GOTS<\/li>\n<li>Le coton biologique certifi\u00e9 GOTS contribue \u00e0 \u00e9conomiser de l\u2019eau, \u00e0 pr\u00e9server la sant\u00e9 des travailleurs ainsi que la biodiversit\u00e9, pour les g\u00e9n\u00e9rations \u00e0 venir.<\/li>\n<\/ul>\n<p><em><strong>Fabrication<\/strong><\/em>:<\/p>\n<ul>\n<li>Fabriqu\u00e9 \u00e9thiquement en Tunisie par l&#8217;entreprise Denim Autority S.A<\/li>\n<\/ul>\n<p><em><strong>Label(s)<\/strong><\/em>:\u00a0<\/p>\n<ul>\n<li><strong>GOTS<\/strong>\u00a0(Global Organic Textile Standard) sur tout la cha\u00eene de production, de la culture du coton aux finitions.<em><strong><\/strong><\/em><\/li>\n<\/ul>\n<p><em><strong>Conseil taille<\/strong><\/em>: ce mod\u00e8le taille normalement, optez pour votre taille habituelle. Par exemple si vous faites une taille 38 habituellement, optez ici pour du W28.\u00a0<\/p>\n<p><strong><em><\/em><\/strong><\/p>\n<p><strong><em>Entretien<\/em><\/strong>: lavez ce jean uniquement quand cela est n\u00e9cessaire, \u00e0 30\u00b0C en machine. L&#8217;id\u00e9al est de <span style=\"text-decoration:underline\"><strong>porter votre jean pendant 6 mois avant le premier lavage<\/strong><\/span>, ainsi la couleur se fixe plus durablement et le d\u00e9lavage se fera naturellement. La plupart du temps il suffit d&#8217;a\u00e9rer le jean et si c&#8217;est votre pr\u00e9f\u00e9r\u00e9, portez-le un jour sur deux pour qu&#8217;il puisse se reposer entre deux \ud83d\ude42\u00a0<\/p>\n","protected":false},"excerpt":{"rendered":"<p>Jean Clean Eileen, coupe wide leg, taille haute. Toile 100 % coton biologique GOTS, teinte classic blue. Jean confortable et r\u00e9parable au fil des ann\u00e9es! LE jean taille haute et wide leg de vos r\u00eaves ! Sa coupe ample, taille haute et ses jambes larges en font un jean Wahou pour les jours o\u00f9 vous [&hellip;]<\/p>\n","protected":false},"featured_media":2459918,"comment_status":"open","ping_status":"closed","template":"","meta":[],"product_brand":[],"product_cat":[1756,1762],"product_tag":[1810],"acf":[],"_links":{"self":[{"href":"https:\/\/streetmarkets.fr\/app\/wp-json\/wp\/v2\/product\/2459917"}],"collection":[{"href":"https:\/\/streetmarkets.fr\/app\/wp-json\/wp\/v2\/product"}],"about":[{"href":"https:\/\/streetmarkets.fr\/app\/wp-json\/wp\/v2\/types\/product"}],"replies":[{"embeddable":true,"href":"https:\/\/streetmarkets.fr\/app\/wp-json\/wp\/v2\/comments?post=2459917"}],"wp:featuredmedia":[{"embeddable":true,"href":"https:\/\/streetmarkets.fr\/app\/wp-json\/wp\/v2\/media\/2459918"}],"wp:attachment":[{"href":"https:\/\/streetmarkets.fr\/app\/wp-json\/wp\/v2\/media?parent=2459917"}],"wp:term":[{"taxonomy":"product_brand","embeddable":true,"href":"https:\/\/streetmarkets.fr\/app\/wp-json\/wp\/v2\/product_brand?post=2459917"},{"taxonomy":"product_cat","embeddable":true,"href":"https:\/\/streetmarkets.fr\/app\/wp-json\/wp\/v2\/product_cat?post=2459917"},{"taxonomy":"product_tag","embeddable":true,"href":"https:\/\/streetmarkets.fr\/app\/wp-json\/wp\/v2\/product_tag?post=2459917"}],"curies":[{"name":"wp","href":"https:\/\/api.w.org\/{rel}","templated":true}]}}