{"id":2459903,"date":"2025-08-15T01:52:27","date_gmt":"2025-08-14T23:52:27","guid":{"rendered":"https:\/\/streetmarkets.fr\/app\/produit\/top-sauge-lin\/"},"modified":"2025-08-17T01:47:20","modified_gmt":"2025-08-16T23:47:20","slug":"top-sauge-lin","status":"publish","type":"product","link":"https:\/\/streetmarkets.fr\/app\/produit\/top-sauge-lin\/","title":{"rendered":"Top Sauge Lin"},"content":{"rendered":"<p>Best seller Coco Friendly depuis plusieurs \u00e9t\u00e9s, ce top en lin et coton biologique couleur sauge est super l\u00e9ger, beau et agr\u00e9able \u00e0 porter!\u00a0<\/p>\n<ul>\n<li>Top en lin sauge<\/li>\n<li>Col V<\/li>\n<li>Manches kimono courtes<\/li>\n<li>Longueur <em>cropped<\/em><\/li>\n<\/ul>\n<p><span style=\"text-align:justify\"><\/span><\/p>\n<p><strong><em>Composition<\/em>:<\/strong><\/p>\n<ul>\n<li>58 % coton biologique certifi\u00e9 GOTS<\/li>\n<li>42% lin<\/li>\n<li>Le coton biologique certifi\u00e9 GOTS contribue \u00e0 \u00e9conomiser de l\u2019eau, \u00e0 pr\u00e9server la sant\u00e9 des travailleurs ainsi que la biodiversit\u00e9, pour les g\u00e9n\u00e9rations \u00e0 venir.<\/li>\n<li>Le lin est l\u2019une des fibres la plus \u00e9co-responsable qui existe. La culture du lin ne n\u00e9cessite pas de pesticides, l\u2019eau de pluie suffit \u00e0 faire pousser cette plante. La fibre textile est connue pour sa r\u00e9sistance, ses propri\u00e9t\u00e9s antibact\u00e9riennes et thermor\u00e9gulatrices.\u00a0<\/li>\n<\/ul>\n<p><em><strong>Fabrication<\/strong><\/em>:<\/p>\n<ul>\n<li>Fabriqu\u00e9 \u00e9thiquement en Turquie par l&#8217;entreprise Merger. Le tissu est fabriqu\u00e9 par l&#8217;entreprise Hisar. Le lin provient de champs cultiv\u00e9s en Europe.<\/li>\n<\/ul>\n<p><em><strong>Label(s)<\/strong><\/em>:\u00a0<\/p>\n<\/p>\n<p><em><strong>Conseil taille<\/strong><\/em>: ce mod\u00e8le taille normalement, nous vous conseillons de prendre votre taille habituelle.<\/p>\n<p><strong><em>Entretien<\/em><\/strong>: lavez \u00e0 30\u00b0C en machine.<\/p>\n","protected":false},"excerpt":{"rendered":"<p>Best seller Coco Friendly depuis plusieurs \u00e9t\u00e9s, ce top en lin et coton biologique couleur sauge est super l\u00e9ger, beau et agr\u00e9able \u00e0 porter!\u00a0 Top en lin sauge Col V Manches kimono courtes Longueur cropped Composition: 58 % coton biologique certifi\u00e9 GOTS 42% lin Le coton biologique certifi\u00e9 GOTS contribue \u00e0 \u00e9conomiser de l\u2019eau, \u00e0 [&hellip;]<\/p>\n","protected":false},"featured_media":2459904,"comment_status":"open","ping_status":"closed","template":"","meta":[],"product_brand":[],"product_cat":[1756,1762],"product_tag":[1810],"acf":[],"_links":{"self":[{"href":"https:\/\/streetmarkets.fr\/app\/wp-json\/wp\/v2\/product\/2459903"}],"collection":[{"href":"https:\/\/streetmarkets.fr\/app\/wp-json\/wp\/v2\/product"}],"about":[{"href":"https:\/\/streetmarkets.fr\/app\/wp-json\/wp\/v2\/types\/product"}],"replies":[{"embeddable":true,"href":"https:\/\/streetmarkets.fr\/app\/wp-json\/wp\/v2\/comments?post=2459903"}],"wp:featuredmedia":[{"embeddable":true,"href":"https:\/\/streetmarkets.fr\/app\/wp-json\/wp\/v2\/media\/2459904"}],"wp:attachment":[{"href":"https:\/\/streetmarkets.fr\/app\/wp-json\/wp\/v2\/media?parent=2459903"}],"wp:term":[{"taxonomy":"product_brand","embeddable":true,"href":"https:\/\/streetmarkets.fr\/app\/wp-json\/wp\/v2\/product_brand?post=2459903"},{"taxonomy":"product_cat","embeddable":true,"href":"https:\/\/streetmarkets.fr\/app\/wp-json\/wp\/v2\/product_cat?post=2459903"},{"taxonomy":"product_tag","embeddable":true,"href":"https:\/\/streetmarkets.fr\/app\/wp-json\/wp\/v2\/product_tag?post=2459903"}],"curies":[{"name":"wp","href":"https:\/\/api.w.org\/{rel}","templated":true}]}}