{"id":2459878,"date":"2025-08-15T01:52:24","date_gmt":"2025-08-14T23:52:24","guid":{"rendered":"https:\/\/streetmarkets.fr\/app\/produit\/pantalon-droit-velours-imprime-lorea\/"},"modified":"2025-08-17T01:47:20","modified_gmt":"2025-08-16T23:47:20","slug":"pantalon-droit-velours-imprime-lorea","status":"publish","type":"product","link":"https:\/\/streetmarkets.fr\/app\/produit\/pantalon-droit-velours-imprime-lorea\/","title":{"rendered":"Pantalon Droit Velours Imprim\u00e9 Lorea"},"content":{"rendered":"<p>Pantalon imprim\u00e9 floral <em>Lorea<\/em> en velours \u00e0 fines c\u00f4tes, cette jolie pi\u00e8ce \u00e9l\u00e9gante sera tr\u00e8s belle port\u00e9e avec d&#8217;autres couleurs ou avec une maille plus sobre. <em>Existe \u00e9galement en vert intense<\/em>.<\/p>\n<ul>\n<li style=\"text-align:justify\">Pantalon en velours fines c\u00f4tes imprim\u00e9 floral <em>Lorea<\/em><\/li>\n<li style=\"text-align:justify\">Taille mi-haute, normale<\/li>\n<li style=\"text-align:justify\">Coupe droite<\/li>\n<li style=\"text-align:justify\">Passants pour ceinture<\/li>\n<li><span style=\"text-align:justify\">2 poches plaqu\u00e9es devant<\/span><\/li>\n<li><span style=\"text-align:justify\">Ouverture par zip et bouton<\/span><\/li>\n<li><span style=\"text-align:justify\">Longueur cheville<\/span><\/li>\n<\/ul>\n<p><span style=\"text-align:justify\"><\/span><\/p>\n<p><strong><em>Composition<\/em>:<\/strong><\/p>\n<ul>\n<li>98 % coton biologique certifi\u00e9 GOTS<\/li>\n<li>2 % \u00e9lasthanne<\/li>\n<li>Le coton biologique certifi\u00e9 GOTS contribue \u00e0 \u00e9conomiser de l\u2019eau, \u00e0 pr\u00e9server la sant\u00e9 des travailleurs ainsi que la biodiversit\u00e9, pour les g\u00e9n\u00e9rations \u00e0 venir.<\/li>\n<\/ul>\n<p><em><strong>Fabrication<\/strong><\/em>:<\/p>\n<ul>\n<li>Fabriqu\u00e9 \u00e9thiquement en Inde<\/li>\n<\/ul>\n<p><em><strong>Label(s)<\/strong><\/em>:\u00a0<\/p>\n<ul>\n<li style=\"text-align:left\"><strong>GOTS<\/strong>\u00a0(Global Organic Textile Standard) sur tout la cha\u00eene de production, de la culture du coton aux finitions.<\/li>\n<\/ul>\n<p><em><strong>Conseil taille<\/strong><\/em>: ce mod\u00e8le taille normalement, prenez votre taille habituelle. Toutefois si vous \u00eates entre deux tailles, optez pour la taille du dessus.<\/p>\n<p><strong><em>Entretien<\/em><\/strong>: lavez \u00e0 30\u00b0C en machine, sur l&#8217;envers.<a href=\"https:\/\/thinkingmu.com\/en\/\" style=\"background-color:transparent;color:#b1c2b2\"><\/a><\/p>\n","protected":false},"excerpt":{"rendered":"<p>Pantalon imprim\u00e9 floral Lorea en velours \u00e0 fines c\u00f4tes, cette jolie pi\u00e8ce \u00e9l\u00e9gante sera tr\u00e8s belle port\u00e9e avec d&#8217;autres couleurs ou avec une maille plus sobre. Existe \u00e9galement en vert intense. Pantalon en velours fines c\u00f4tes imprim\u00e9 floral Lorea Taille mi-haute, normale Coupe droite Passants pour ceinture 2 poches plaqu\u00e9es devant Ouverture par zip et [&hellip;]<\/p>\n","protected":false},"featured_media":2459879,"comment_status":"open","ping_status":"closed","template":"","meta":[],"product_brand":[],"product_cat":[1756,1762],"product_tag":[1810],"acf":[],"_links":{"self":[{"href":"https:\/\/streetmarkets.fr\/app\/wp-json\/wp\/v2\/product\/2459878"}],"collection":[{"href":"https:\/\/streetmarkets.fr\/app\/wp-json\/wp\/v2\/product"}],"about":[{"href":"https:\/\/streetmarkets.fr\/app\/wp-json\/wp\/v2\/types\/product"}],"replies":[{"embeddable":true,"href":"https:\/\/streetmarkets.fr\/app\/wp-json\/wp\/v2\/comments?post=2459878"}],"wp:featuredmedia":[{"embeddable":true,"href":"https:\/\/streetmarkets.fr\/app\/wp-json\/wp\/v2\/media\/2459879"}],"wp:attachment":[{"href":"https:\/\/streetmarkets.fr\/app\/wp-json\/wp\/v2\/media?parent=2459878"}],"wp:term":[{"taxonomy":"product_brand","embeddable":true,"href":"https:\/\/streetmarkets.fr\/app\/wp-json\/wp\/v2\/product_brand?post=2459878"},{"taxonomy":"product_cat","embeddable":true,"href":"https:\/\/streetmarkets.fr\/app\/wp-json\/wp\/v2\/product_cat?post=2459878"},{"taxonomy":"product_tag","embeddable":true,"href":"https:\/\/streetmarkets.fr\/app\/wp-json\/wp\/v2\/product_tag?post=2459878"}],"curies":[{"name":"wp","href":"https:\/\/api.w.org\/{rel}","templated":true}]}}