{"id":2459844,"date":"2025-08-15T01:52:21","date_gmt":"2025-08-14T23:52:21","guid":{"rendered":"https:\/\/streetmarkets.fr\/app\/produit\/combinaison-marron-cafe\/"},"modified":"2025-08-17T01:47:19","modified_gmt":"2025-08-16T23:47:19","slug":"combinaison-marron-cafe","status":"publish","type":"product","link":"https:\/\/streetmarkets.fr\/app\/produit\/combinaison-marron-cafe\/","title":{"rendered":"Combinaison Marron Caf\u00e9"},"content":{"rendered":"<p>Ultra confort, cette combinaison marron caf\u00e9 inspir\u00e9e du vestiaire <em>workwear<\/em> est super cool! On appr\u00e9cie les d\u00e9tails tels que le col chemise, les deux poches \u00e0 rabat et la taille marqu\u00e9e (par un \u00e9lastique, on vous rassure, \u00e7a reste confortable!).<\/p>\n<p>Une id\u00e9e de look d\u00e9contract\u00e9 ? La combinaison port\u00e9e avec vos baskets pr\u00e9f\u00e9r\u00e9es, une veste en jean oversize, une casquette et des gros bijoux color\u00e9s.<\/p>\n<p>Plut\u00f4t un look du soir ? On imagine bien cette combinaison port\u00e9e avec des bottes (le tissu de la combi rentr\u00e9 dans les bottes), une ceinture bijou, un trench et un petit foulard nou\u00e9 au cou pour un look pointu et d\u00e9cal\u00e9.<\/p>\n<p>Il fait froid ? Vous pouvez facilement glisser des sous-v\u00eatements thermiques dessous!<\/p>\n<ul>\n<li style=\"text-align:justify\">Combinaison\u00a0<em>workwear<\/em> marron caf\u00e9<\/li>\n<li style=\"border:0px;font-style:inherit;font-weight:inherit;margin:0px;padding:0px;vertical-align:baseline\">Coupe plut\u00f4t cintr\u00e9e avec la taille marqu\u00e9e par un \u00e9lastique<\/li>\n<li style=\"border:0px;font-style:inherit;font-weight:inherit;margin:0px;padding:0px;vertical-align:baseline\">Col chemise pour le chic, deux poches poitrine\u00a0<\/li>\n<li style=\"border:0px;font-style:inherit;font-weight:inherit;margin:0px;padding:0px;vertical-align:baseline\">S\u2019enfile gr\u00e2ce \u00e0 une ouverture boutonn\u00e9e devant<\/li>\n<li style=\"border:0px;font-style:inherit;font-weight:inherit;margin:0px;padding:0px;vertical-align:baseline\">Toile 100% coton biologique tr\u00e8s douce<\/li>\n<li style=\"border:0px;font-style:inherit;font-weight:inherit;margin:0px;padding:0px;vertical-align:baseline\"><em>Thinking Mu<\/em> brod\u00e9 dans le haut du dos<\/li>\n<li style=\"border:0px;font-style:inherit;font-weight:inherit;margin:0px;padding:0px;vertical-align:baseline\">Longueur pour la taille S: 76 cm du bas \u00e0 l&#8217;entrejambe, 105 cm du bas \u00e0 la taille<\/li>\n<\/ul>\n<p><strong><em>Composition<\/em>:<\/strong><\/p>\n<ul>\n<li>100 % coton biologique certifi\u00e9 GOTS<\/li>\n<li>Le coton biologique certifi\u00e9 GOTS contribue \u00e0 \u00e9conomiser de l\u2019eau, \u00e0 pr\u00e9server la sant\u00e9 des travailleurs ainsi que la biodiversit\u00e9, pour les g\u00e9n\u00e9rations \u00e0 venir.<\/li>\n<\/ul>\n<p><em><strong>Fabrication<\/strong><\/em>:<\/p>\n<ul>\n<li>Fabriqu\u00e9e \u00e9thiquement en Chine<\/li>\n<\/ul>\n<p><em><strong>Label(s)<\/strong><\/em>:\u00a0<\/p>\n<ul>\n<li style=\"text-align:left\"><strong>GOTS<\/strong>\u00a0(Global Organic Textile Standard) sur tout la cha\u00eene de production, de la culture du coton aux finitions.<\/li>\n<\/ul>\n<p><em><strong>Conseil taille<\/strong><\/em>: ce mod\u00e8le taille normalement, prenez votre taille habituelle. La mannequin mesure 1m77 et porte une taille S.<\/p>\n<p><strong><em>Entretien<\/em><\/strong>: lavez \u00e0 30\u00b0C en machine.<\/p>\n","protected":false},"excerpt":{"rendered":"<p>Ultra confort, cette combinaison marron caf\u00e9 inspir\u00e9e du vestiaire workwear est super cool! On appr\u00e9cie les d\u00e9tails tels que le col chemise, les deux poches \u00e0 rabat et la taille marqu\u00e9e (par un \u00e9lastique, on vous rassure, \u00e7a reste confortable!). Une id\u00e9e de look d\u00e9contract\u00e9 ? La combinaison port\u00e9e avec vos baskets pr\u00e9f\u00e9r\u00e9es, une veste [&hellip;]<\/p>\n","protected":false},"featured_media":2459845,"comment_status":"open","ping_status":"closed","template":"","meta":[],"product_brand":[],"product_cat":[1756,1762],"product_tag":[1810],"acf":[],"_links":{"self":[{"href":"https:\/\/streetmarkets.fr\/app\/wp-json\/wp\/v2\/product\/2459844"}],"collection":[{"href":"https:\/\/streetmarkets.fr\/app\/wp-json\/wp\/v2\/product"}],"about":[{"href":"https:\/\/streetmarkets.fr\/app\/wp-json\/wp\/v2\/types\/product"}],"replies":[{"embeddable":true,"href":"https:\/\/streetmarkets.fr\/app\/wp-json\/wp\/v2\/comments?post=2459844"}],"wp:featuredmedia":[{"embeddable":true,"href":"https:\/\/streetmarkets.fr\/app\/wp-json\/wp\/v2\/media\/2459845"}],"wp:attachment":[{"href":"https:\/\/streetmarkets.fr\/app\/wp-json\/wp\/v2\/media?parent=2459844"}],"wp:term":[{"taxonomy":"product_brand","embeddable":true,"href":"https:\/\/streetmarkets.fr\/app\/wp-json\/wp\/v2\/product_brand?post=2459844"},{"taxonomy":"product_cat","embeddable":true,"href":"https:\/\/streetmarkets.fr\/app\/wp-json\/wp\/v2\/product_cat?post=2459844"},{"taxonomy":"product_tag","embeddable":true,"href":"https:\/\/streetmarkets.fr\/app\/wp-json\/wp\/v2\/product_tag?post=2459844"}],"curies":[{"name":"wp","href":"https:\/\/api.w.org\/{rel}","templated":true}]}}