{"id":2459796,"date":"2025-08-15T01:52:16","date_gmt":"2025-08-14T23:52:16","guid":{"rendered":"https:\/\/streetmarkets.fr\/app\/produit\/veste-herringbone-bleue\/"},"modified":"2025-08-17T01:47:18","modified_gmt":"2025-08-16T23:47:18","slug":"veste-herringbone-bleue","status":"publish","type":"product","link":"https:\/\/streetmarkets.fr\/app\/produit\/veste-herringbone-bleue\/","title":{"rendered":"Veste Herringbone Bleue"},"content":{"rendered":"<p>Veste surchemise workwear en toile de coton biologique GOTS et Fairtrade. Coupe droite, \u00e0 porter et reporter chaque saison.<\/p>\n<p>Cette superbe veste inspir\u00e9e des v\u00eatements de travail \u00e0 la coupe droite nous s\u00e9duit par sa simplicit\u00e9 et la qualit\u00e9 de l&#8217;\u00e9toffe dans laquelle elle est confectionn\u00e9e: le serg\u00e9 chevron. En anglais ce type de serg\u00e9 est appel\u00e9 &#8220;herringbone&#8221; d&#8217;apr\u00e8s la structure osseuse des harengs! On retrouve ce genre de tissu, plut\u00f4t robuste, particuli\u00e8rement dans les v\u00eatements de travail et militaire vintages. Cette veste est teint en pi\u00e8ce, c&#8217;est-\u00e0-dire qu&#8217;elle est teint\u00e9 une fois assembl\u00e9e, ce qui lui donne cette couleur tr\u00e8s douce et unique qui se patinera dans le temps.<\/p>\n<ul>\n<li style=\"text-align:justify\">Veste droite en serg\u00e9 <em>herringbone<\/em> de coton biologique<\/li>\n<li style=\"text-align:justify\">Inspiration du version\u00a0<em>workwear<\/em><\/li>\n<li style=\"text-align:justify\">Col pointu<\/li>\n<li style=\"text-align:justify\">Deux poches devant, une poche int\u00e9rieure<\/li>\n<li style=\"text-align:justify\">Fermeture par boutonnage<\/li>\n<li>Ce produit a n\u00e9cessit\u00e9 l&#8217;usage de 320 L d&#8217;eau<\/li>\n<\/ul>\n<p><strong><em>Composition<\/em>:<\/strong><\/p>\n<ul>\n<li>100 % coton biologique certifi\u00e9 GOTS<\/li>\n<li>Le coton biologique certifi\u00e9 GOTS contribue \u00e0 \u00e9conomiser de l\u2019eau, \u00e0 pr\u00e9server la sant\u00e9 des travailleurs ainsi que la biodiversit\u00e9, pour les g\u00e9n\u00e9rations \u00e0 venir.<\/li>\n<\/ul>\n<p><em><strong>Fabrication<\/strong><\/em>:<\/p>\n<ul>\n<li>Fabriqu\u00e9e en Tunisie \u00e0 Ras Jebel par l&#8217;entreprise Denim Authority SA<\/li>\n<\/ul>\n<p><em><strong>Label(s)<\/strong><\/em>:\u00a0<\/p>\n<ul>\n<li style=\"text-align:left\"><strong>GOTS<\/strong>\u00a0(Global Organic Textile Standard) sur tout la cha\u00eene de production, de la culture du coton aux finitions.<\/li>\n<li style=\"text-align:left\"><strong>Fairtrade<\/strong><\/li>\n<\/ul>\n<p><em><strong>Conseil taille<\/strong><\/em>: ce mod\u00e8le taille normalement, prenez votre taille habituelle. Si vous h\u00e9sitez entre deux tailles, optez pour la taille du dessous. Le mannequin mesure 1m77 et porte la taille S.<\/p>\n<p><strong><em>Entretien<\/em><\/strong>: lavez \u00e0 30\u00b0C en machine uniquement quand c&#8217;est n\u00e9cessaire. Ce produit peut r\u00e9tr\u00e9cir de 3% lors du premier lavage.<\/p>\n","protected":false},"excerpt":{"rendered":"<p>Veste surchemise workwear en toile de coton biologique GOTS et Fairtrade. Coupe droite, \u00e0 porter et reporter chaque saison. Cette superbe veste inspir\u00e9e des v\u00eatements de travail \u00e0 la coupe droite nous s\u00e9duit par sa simplicit\u00e9 et la qualit\u00e9 de l&#8217;\u00e9toffe dans laquelle elle est confectionn\u00e9e: le serg\u00e9 chevron. En anglais ce type de serg\u00e9 [&hellip;]<\/p>\n","protected":false},"featured_media":2459797,"comment_status":"open","ping_status":"closed","template":"","meta":[],"product_brand":[],"product_cat":[1756,1762],"product_tag":[1810],"acf":[],"_links":{"self":[{"href":"https:\/\/streetmarkets.fr\/app\/wp-json\/wp\/v2\/product\/2459796"}],"collection":[{"href":"https:\/\/streetmarkets.fr\/app\/wp-json\/wp\/v2\/product"}],"about":[{"href":"https:\/\/streetmarkets.fr\/app\/wp-json\/wp\/v2\/types\/product"}],"replies":[{"embeddable":true,"href":"https:\/\/streetmarkets.fr\/app\/wp-json\/wp\/v2\/comments?post=2459796"}],"wp:featuredmedia":[{"embeddable":true,"href":"https:\/\/streetmarkets.fr\/app\/wp-json\/wp\/v2\/media\/2459797"}],"wp:attachment":[{"href":"https:\/\/streetmarkets.fr\/app\/wp-json\/wp\/v2\/media?parent=2459796"}],"wp:term":[{"taxonomy":"product_brand","embeddable":true,"href":"https:\/\/streetmarkets.fr\/app\/wp-json\/wp\/v2\/product_brand?post=2459796"},{"taxonomy":"product_cat","embeddable":true,"href":"https:\/\/streetmarkets.fr\/app\/wp-json\/wp\/v2\/product_cat?post=2459796"},{"taxonomy":"product_tag","embeddable":true,"href":"https:\/\/streetmarkets.fr\/app\/wp-json\/wp\/v2\/product_tag?post=2459796"}],"curies":[{"name":"wp","href":"https:\/\/api.w.org\/{rel}","templated":true}]}}