{"id":2459741,"date":"2025-08-15T01:52:12","date_gmt":"2025-08-14T23:52:12","guid":{"rendered":"https:\/\/streetmarkets.fr\/app\/produit\/jupe-jacquard-floral-coton\/"},"modified":"2025-08-17T01:47:18","modified_gmt":"2025-08-16T23:47:18","slug":"jupe-jacquard-floral-coton","status":"publish","type":"product","link":"https:\/\/streetmarkets.fr\/app\/produit\/jupe-jacquard-floral-coton\/","title":{"rendered":"Jupe Jacquard Floral Coton"},"content":{"rendered":"<p>Confort et fun assur\u00e9s avec cette mini-jupe canon! On aime le motif floral sur le tricot jacquart de coton biologique. La coupe moulante s&#8217;adapte \u00e0 toutes les morphologie.<\/p>\n<p>Id\u00e9e look: on l&#8217;associe volontiers avec le pull assorti pour un look fort mais pour un look plus quotidien, un long manteau, un pull color\u00e9 et une paire de jolies bottes viendront calmer le jeu !<\/p>\n<ul>\n<li><span style=\"text-align:justify\">Mini jupe en jacquard de coton biologique<\/span><\/li>\n<li><span style=\"text-align:justify\">Motif floral, couleur noir et blanc<\/span><\/li>\n<li style=\"text-align:justify\">Coupe moulante<\/li>\n<li>Ceinture c\u00f4tel\u00e9e noire<\/li>\n<\/ul>\n<p style=\"margin-bottom:0cm\">\n<p><strong><em>Composition<\/em>:<\/strong><\/p>\n<ul>\n<li>100 % coton biologique<\/li>\n<li>Le coton biologique certifi\u00e9 GOTS contribue \u00e0 \u00e9conomiser de l\u2019eau, \u00e0 pr\u00e9server la sant\u00e9 des travailleurs ainsi que la biodiversit\u00e9, pour les g\u00e9n\u00e9rations \u00e0 venir.<\/li>\n<\/ul>\n<p><em><strong>Fabrication<\/strong><\/em>:<\/p>\n<ul>\n<li>Fabriqu\u00e9 \u00e9thiquement en Inde<\/li>\n<\/ul>\n<p><em><strong>Label(s)<\/strong><\/em>:\u00a0<\/p>\n<ul>\n<li style=\"text-align:left\"><b>Fairtrade<\/b><\/li>\n<li style=\"text-align:left\"><b>GOTS\u00a0<\/b>(Global Organic Textile Standard) sur tout la cha\u00eene de production, de la culture du coton aux finitions.<\/li>\n<\/ul>\n<p><em><strong>Conseil taille<\/strong><\/em>: ce mod\u00e8le taille normalement, prenez votre taille habituelle.<\/p>\n<p><strong><em>Entretien<\/em><\/strong>: lavez \u00e0 30\u00b0C en machine.<\/p>\n","protected":false},"excerpt":{"rendered":"<p>Confort et fun assur\u00e9s avec cette mini-jupe canon! On aime le motif floral sur le tricot jacquart de coton biologique. La coupe moulante s&#8217;adapte \u00e0 toutes les morphologie. Id\u00e9e look: on l&#8217;associe volontiers avec le pull assorti pour un look fort mais pour un look plus quotidien, un long manteau, un pull color\u00e9 et une [&hellip;]<\/p>\n","protected":false},"featured_media":2459742,"comment_status":"open","ping_status":"closed","template":"","meta":[],"product_brand":[],"product_cat":[1756,1762],"product_tag":[1810],"acf":[],"_links":{"self":[{"href":"https:\/\/streetmarkets.fr\/app\/wp-json\/wp\/v2\/product\/2459741"}],"collection":[{"href":"https:\/\/streetmarkets.fr\/app\/wp-json\/wp\/v2\/product"}],"about":[{"href":"https:\/\/streetmarkets.fr\/app\/wp-json\/wp\/v2\/types\/product"}],"replies":[{"embeddable":true,"href":"https:\/\/streetmarkets.fr\/app\/wp-json\/wp\/v2\/comments?post=2459741"}],"wp:featuredmedia":[{"embeddable":true,"href":"https:\/\/streetmarkets.fr\/app\/wp-json\/wp\/v2\/media\/2459742"}],"wp:attachment":[{"href":"https:\/\/streetmarkets.fr\/app\/wp-json\/wp\/v2\/media?parent=2459741"}],"wp:term":[{"taxonomy":"product_brand","embeddable":true,"href":"https:\/\/streetmarkets.fr\/app\/wp-json\/wp\/v2\/product_brand?post=2459741"},{"taxonomy":"product_cat","embeddable":true,"href":"https:\/\/streetmarkets.fr\/app\/wp-json\/wp\/v2\/product_cat?post=2459741"},{"taxonomy":"product_tag","embeddable":true,"href":"https:\/\/streetmarkets.fr\/app\/wp-json\/wp\/v2\/product_tag?post=2459741"}],"curies":[{"name":"wp","href":"https:\/\/api.w.org\/{rel}","templated":true}]}}