{"id":2459646,"date":"2025-08-15T01:52:05","date_gmt":"2025-08-14T23:52:05","guid":{"rendered":"https:\/\/streetmarkets.fr\/app\/produit\/jupe-droite-noire-tencel\/"},"modified":"2025-08-17T01:47:17","modified_gmt":"2025-08-16T23:47:17","slug":"jupe-droite-noire-tencel","status":"publish","type":"product","link":"https:\/\/streetmarkets.fr\/app\/produit\/jupe-droite-noire-tencel\/","title":{"rendered":"Jupe Droite Noire Tencel"},"content":{"rendered":"<p>Jupe droite \u00e9l\u00e9gante et confortable en tricot extensible de Modal Tencel, couleur noire. Minimaliste, cette jupe sera cool avec n&#8217;importe quelle pi\u00e8ce de votre garde robe! On vous conseille de jouer sur les volumes pour une silhouette harmonieuse en portant plut\u00f4t du large avec cette pi\u00e8ce, comme un pull <em>oversize<\/em>, ou une chemise aux manches amples.<\/p>\n<ul>\n<li style=\"text-align:justify\">Jupe noire droite<\/li>\n<li style=\"text-align:justify\">Longueur au dessus du genou<\/li>\n<li style=\"text-align:justify\">Poches sur le devant<\/li>\n<li style=\"text-align:justify\">Zip c\u00f4t\u00e9<\/li>\n<\/ul>\n<p><strong><em>Composition<\/em>:<\/strong><\/p>\n<ul>\n<li>82 % Modal Tencel<\/li>\n<li>14 % nylon<\/li>\n<li>4 % \u00e9lasthanne<\/li>\n<li>Le Modal est un tissu issu de cellulose de bois de h\u00eatre qui a des propri\u00e9t\u00e9s respirantes et anti-bact\u00e9riennes. Sa fabrication en circuit ferm\u00e9 avec l\u2019utilisation de solvants \u00e9cologiques est \u00e9co-responsable.<\/li>\n<\/ul>\n<p><em><strong>Fabrication<\/strong><\/em>:<\/p>\n<ul>\n<li>Fabriqu\u00e9e \u00e9thiquement en Chine<\/li>\n<\/ul>\n<p><em><strong>Label(s)<\/strong><\/em>:\u00a0<\/p>\n<ul>\n<li><strong>Tencel\u2122 Modal<\/strong><\/li>\n<\/ul>\n<p><em><strong>Conseil taille<\/strong><\/em>: ce mod\u00e8le taille normalement, prenez votre taille habituelle.\u00a0<\/p>\n<p><strong><em>Entretien<\/em><\/strong>: lavez 30\u00b0C \u00e0 l&#8217;envers en machine.<\/p>\n","protected":false},"excerpt":{"rendered":"<p>Jupe droite \u00e9l\u00e9gante et confortable en tricot extensible de Modal Tencel, couleur noire. Minimaliste, cette jupe sera cool avec n&#8217;importe quelle pi\u00e8ce de votre garde robe! On vous conseille de jouer sur les volumes pour une silhouette harmonieuse en portant plut\u00f4t du large avec cette pi\u00e8ce, comme un pull oversize, ou une chemise aux manches [&hellip;]<\/p>\n","protected":false},"featured_media":2459647,"comment_status":"open","ping_status":"closed","template":"","meta":[],"product_brand":[],"product_cat":[1756,1762],"product_tag":[1810],"acf":[],"_links":{"self":[{"href":"https:\/\/streetmarkets.fr\/app\/wp-json\/wp\/v2\/product\/2459646"}],"collection":[{"href":"https:\/\/streetmarkets.fr\/app\/wp-json\/wp\/v2\/product"}],"about":[{"href":"https:\/\/streetmarkets.fr\/app\/wp-json\/wp\/v2\/types\/product"}],"replies":[{"embeddable":true,"href":"https:\/\/streetmarkets.fr\/app\/wp-json\/wp\/v2\/comments?post=2459646"}],"wp:featuredmedia":[{"embeddable":true,"href":"https:\/\/streetmarkets.fr\/app\/wp-json\/wp\/v2\/media\/2459647"}],"wp:attachment":[{"href":"https:\/\/streetmarkets.fr\/app\/wp-json\/wp\/v2\/media?parent=2459646"}],"wp:term":[{"taxonomy":"product_brand","embeddable":true,"href":"https:\/\/streetmarkets.fr\/app\/wp-json\/wp\/v2\/product_brand?post=2459646"},{"taxonomy":"product_cat","embeddable":true,"href":"https:\/\/streetmarkets.fr\/app\/wp-json\/wp\/v2\/product_cat?post=2459646"},{"taxonomy":"product_tag","embeddable":true,"href":"https:\/\/streetmarkets.fr\/app\/wp-json\/wp\/v2\/product_tag?post=2459646"}],"curies":[{"name":"wp","href":"https:\/\/api.w.org\/{rel}","templated":true}]}}