{"id":2459639,"date":"2025-08-15T01:52:04","date_gmt":"2025-08-14T23:52:04","guid":{"rendered":"https:\/\/streetmarkets.fr\/app\/produit\/robe-ample-maille-graphique\/"},"modified":"2025-08-17T01:47:17","modified_gmt":"2025-08-16T23:47:17","slug":"robe-ample-maille-graphique","status":"publish","type":"product","link":"https:\/\/streetmarkets.fr\/app\/produit\/robe-ample-maille-graphique\/","title":{"rendered":"Robe Ample Maille Graphique"},"content":{"rendered":"<p>Cette jolie robe aux imprim\u00e9s floraux, rouge et bleu sur fond noir, est tr\u00e8s confortable. Sa coupe ample, son col V et sa longueur en feront une pi\u00e8ce forte dans votre dressing.\u00a0<\/p>\n<p>Id\u00e9e look: cette robe + une paire de bottes noires, un beau manteau long et un b\u00e9ret ou un bonnet color\u00e9 !<\/p>\n<ul>\n<li><span style=\"text-align:justify\">Robe imprim\u00e9s floraux graphiques<\/span><\/li>\n<li><span style=\"text-align:justify\">Coupe ample<\/span><\/li>\n<li><span style=\"text-align:justify\">Col rond, manches amples et longues, \u00e9paule d\u00e9cal\u00e9e<\/span><\/li>\n<li>Epaisseur moyenne<\/li>\n<li>Longueur au dessus du genou<\/li>\n<li>Maille de coton biologique<\/li>\n<\/ul>\n<p><strong><em>Composition<\/em>:<\/strong><\/p>\n<ul>\n<li>100 % coton biologique<\/li>\n<li>Le coton biologique certifi\u00e9 GOTS contribue \u00e0 \u00e9conomiser de l\u2019eau, \u00e0 pr\u00e9server la sant\u00e9 des travailleurs ainsi que la biodiversit\u00e9, pour les g\u00e9n\u00e9rations \u00e0 venir.<\/li>\n<\/ul>\n<p><em><strong>Fabrication<\/strong><\/em>:<\/p>\n<ul>\n<li>Fabriqu\u00e9e \u00e9thiquement en Inde<\/li>\n<\/ul>\n<p><em><strong>Label(s)<\/strong><\/em>:\u00a0<\/p>\n<ul>\n<li style=\"text-align:left\"><b>Fairtrade<\/b><\/li>\n<li style=\"text-align:left\"><b>GOTS\u00a0<\/b>(Global Organic Textile Standard) sur tout la cha\u00eene de production, de la culture du coton aux finitions.<\/li>\n<\/ul>\n<p><em><strong>Conseil taille<\/strong><\/em>: ce mod\u00e8le taille normalement, prenez votre taille habituelle. Pour un effet un peu moins loose, vous pouvez prendre une taille en dessous.<\/p>\n<p><strong><em>Entretien<\/em><\/strong>: lavez \u00e0 30\u00b0C en machine.<\/p>\n","protected":false},"excerpt":{"rendered":"<p>Cette jolie robe aux imprim\u00e9s floraux, rouge et bleu sur fond noir, est tr\u00e8s confortable. Sa coupe ample, son col V et sa longueur en feront une pi\u00e8ce forte dans votre dressing.\u00a0 Id\u00e9e look: cette robe + une paire de bottes noires, un beau manteau long et un b\u00e9ret ou un bonnet color\u00e9 ! Robe [&hellip;]<\/p>\n","protected":false},"featured_media":2459640,"comment_status":"open","ping_status":"closed","template":"","meta":[],"product_brand":[],"product_cat":[1756,1762],"product_tag":[1810],"acf":[],"_links":{"self":[{"href":"https:\/\/streetmarkets.fr\/app\/wp-json\/wp\/v2\/product\/2459639"}],"collection":[{"href":"https:\/\/streetmarkets.fr\/app\/wp-json\/wp\/v2\/product"}],"about":[{"href":"https:\/\/streetmarkets.fr\/app\/wp-json\/wp\/v2\/types\/product"}],"replies":[{"embeddable":true,"href":"https:\/\/streetmarkets.fr\/app\/wp-json\/wp\/v2\/comments?post=2459639"}],"wp:featuredmedia":[{"embeddable":true,"href":"https:\/\/streetmarkets.fr\/app\/wp-json\/wp\/v2\/media\/2459640"}],"wp:attachment":[{"href":"https:\/\/streetmarkets.fr\/app\/wp-json\/wp\/v2\/media?parent=2459639"}],"wp:term":[{"taxonomy":"product_brand","embeddable":true,"href":"https:\/\/streetmarkets.fr\/app\/wp-json\/wp\/v2\/product_brand?post=2459639"},{"taxonomy":"product_cat","embeddable":true,"href":"https:\/\/streetmarkets.fr\/app\/wp-json\/wp\/v2\/product_cat?post=2459639"},{"taxonomy":"product_tag","embeddable":true,"href":"https:\/\/streetmarkets.fr\/app\/wp-json\/wp\/v2\/product_tag?post=2459639"}],"curies":[{"name":"wp","href":"https:\/\/api.w.org\/{rel}","templated":true}]}}