{"id":2459484,"date":"2025-08-15T01:51:19","date_gmt":"2025-08-14T23:51:19","guid":{"rendered":"https:\/\/streetmarkets.fr\/app\/produit\/jupe-en-jean-noire\/"},"modified":"2025-08-17T01:46:47","modified_gmt":"2025-08-16T23:46:47","slug":"jupe-en-jean-noire","status":"publish","type":"product","link":"https:\/\/streetmarkets.fr\/app\/produit\/jupe-en-jean-noire\/","title":{"rendered":"Jupe en Jean Noire"},"content":{"rendered":"<p>La jupe en jean noire id\u00e9ale dans une garde-robe minimaliste. Sa toile est r\u00e9sistante, sa coupe et sa couleur ind\u00e9modables. Si vous cherchez une jupe en jean, c&#8217;est incontestablement celle-ci qui fera votre bonheur !<\/p>\n<p>Sa composition est \u00e9co-responsable et sa teinture garantie sans produits toxiques. De plus, cette pi\u00e8ce est issue du commerce \u00e9quitable ; les labels montrent qu&#8217;un contr\u00f4le est effectu\u00e9 dans la fabrication sur toute la cha\u00eene.<\/p>\n<ul>\n<li><span style=\"text-align:justify\">Jupe noire<\/span><\/li>\n<li><span style=\"text-align:justify\">Taille haute<\/span><span style=\"text-align:justify\"><\/span><\/li>\n<li><span style=\"text-align:justify\">Coupe courte droite l\u00e9g\u00e8rement trap\u00e8ze<\/span><\/li>\n<li>Cinq poches, fermeture \u00e0 zip et bouton<\/li>\n<li style=\"border:0px;font-style:inherit;font-weight:inherit;margin:0px;padding:0px;vertical-align:baseline\">Le patch \u00e0 l\u2019arri\u00e8re du jean est principalement compos\u00e9 de d\u00e9chets de ma\u00efs, ce qui rend ce jean 100% vegan<\/li>\n<\/ul>\n<p><strong><em>Composition<\/em>:<\/strong><\/p>\n<ul>\n<li>100 % coton biologique certifi\u00e9 GOTS<\/li>\n<li>Le coton biologique certifi\u00e9 GOTS contribue \u00e0 \u00e9conomiser de l\u2019eau, \u00e0 pr\u00e9server la sant\u00e9 des travailleurs ainsi que la biodiversit\u00e9, pour les g\u00e9n\u00e9rations \u00e0 venir.<\/li>\n<\/ul>\n<p><em><strong>Fabrication<\/strong><\/em>:<\/p>\n<ul>\n<li>Fabriqu\u00e9e \u00e9thiquement en Turquie par l&#8217;entreprise SARP Jeans. Le tissu y est \u00e9galement fabriqu\u00e9 par l&#8217;entreprise Bossa<\/li>\n<\/ul>\n<p><em><strong>Label(s)<\/strong><\/em>:\u00a0<\/p>\n<ul>\n<li><strong>GOTS<\/strong>\u00a0(Global Organic Textile Standard) sur tout la cha\u00eene de production, de la culture du coton aux finitions.<em><strong><\/strong><\/em><\/li>\n<li>Vegan certifi\u00e9\u00a0<strong><a href=\"https:\/\/www.petafrance.com\/\" style=\"color:#333333\">PETA<\/a><\/strong><\/li>\n<\/ul>\n<p><em><strong>Conseil taille<\/strong><\/em>: ce mod\u00e8le taille normalement, optez pour votre taille habituelle. Par exemple si vous faites une taille 38 habituellement, optez ici pour du W28.\u00a0<\/p>\n<p><strong><em><\/em><\/strong><\/p>\n<p><strong><em>Entretien<\/em><\/strong>: lavez \u00e0 30\u00b0C en machine.<\/p>\n","protected":false},"excerpt":{"rendered":"<p>La jupe en jean noire id\u00e9ale dans une garde-robe minimaliste. Sa toile est r\u00e9sistante, sa coupe et sa couleur ind\u00e9modables. Si vous cherchez une jupe en jean, c&#8217;est incontestablement celle-ci qui fera votre bonheur ! Sa composition est \u00e9co-responsable et sa teinture garantie sans produits toxiques. De plus, cette pi\u00e8ce est issue du commerce \u00e9quitable [&hellip;]<\/p>\n","protected":false},"featured_media":2459485,"comment_status":"open","ping_status":"closed","template":"","meta":[],"product_brand":[],"product_cat":[1756,1762],"product_tag":[1810],"acf":[],"_links":{"self":[{"href":"https:\/\/streetmarkets.fr\/app\/wp-json\/wp\/v2\/product\/2459484"}],"collection":[{"href":"https:\/\/streetmarkets.fr\/app\/wp-json\/wp\/v2\/product"}],"about":[{"href":"https:\/\/streetmarkets.fr\/app\/wp-json\/wp\/v2\/types\/product"}],"replies":[{"embeddable":true,"href":"https:\/\/streetmarkets.fr\/app\/wp-json\/wp\/v2\/comments?post=2459484"}],"wp:featuredmedia":[{"embeddable":true,"href":"https:\/\/streetmarkets.fr\/app\/wp-json\/wp\/v2\/media\/2459485"}],"wp:attachment":[{"href":"https:\/\/streetmarkets.fr\/app\/wp-json\/wp\/v2\/media?parent=2459484"}],"wp:term":[{"taxonomy":"product_brand","embeddable":true,"href":"https:\/\/streetmarkets.fr\/app\/wp-json\/wp\/v2\/product_brand?post=2459484"},{"taxonomy":"product_cat","embeddable":true,"href":"https:\/\/streetmarkets.fr\/app\/wp-json\/wp\/v2\/product_cat?post=2459484"},{"taxonomy":"product_tag","embeddable":true,"href":"https:\/\/streetmarkets.fr\/app\/wp-json\/wp\/v2\/product_tag?post=2459484"}],"curies":[{"name":"wp","href":"https:\/\/api.w.org\/{rel}","templated":true}]}}