{"id":2459472,"date":"2025-08-15T01:51:18","date_gmt":"2025-08-14T23:51:18","guid":{"rendered":"https:\/\/streetmarkets.fr\/app\/produit\/short-seersucker-bleu\/"},"modified":"2025-08-17T01:46:47","modified_gmt":"2025-08-16T23:46:47","slug":"short-seersucker-bleu","status":"publish","type":"product","link":"https:\/\/streetmarkets.fr\/app\/produit\/short-seersucker-bleu\/","title":{"rendered":"Short Seersucker Bleu"},"content":{"rendered":"<p>Short id\u00e9al pour les beaux jours ensoleill\u00e9s !<\/p>\n<p>Short id\u00e9al pour les beaux jours. Sa couleur est p\u00e9tillante et totalement en ad\u00e9quation avec ce temps !<\/p>\n<ul>\n<li style=\"text-align:justify\">Short bleu Narciso<\/li>\n<li style=\"text-align:justify\">Coupe ample<\/li>\n<li style=\"text-align:justify\">Fermeture \u00e0 glissi\u00e8re et bouton sur le devant<\/li>\n<li style=\"text-align:justify\">Poches lat\u00e9rales<\/li>\n<\/ul>\n<p><strong><em>Composition<\/em>:<\/strong><\/p>\n<ul>\n<li>100% coton biologique certifi\u00e9 GOTS<\/li>\n<li>Le coton biologique certifi\u00e9 GOTS contribue \u00e0 \u00e9conomiser de l\u2019eau, \u00e0 pr\u00e9server la sant\u00e9 des travailleurs ainsi que la biodiversit\u00e9, pour les g\u00e9n\u00e9rations \u00e0 venir.<\/li>\n<\/ul>\n<p><em><strong>Fabrication<\/strong><\/em>:<\/p>\n<ul>\n<li>Fabriqu\u00e9 \u00e9thiquement en Inde<\/li>\n<\/ul>\n<p><em><strong>Label(s)<\/strong><\/em>:\u00a0<\/p>\n<ul>\n<li style=\"text-align:left\"><strong>GOTS<\/strong> (Global Organic Textile Standard) sur tout la cha\u00eene de production, de la culture du coton aux finitions.<\/li>\n<\/ul>\n<p><em><strong>Conseil taille<\/strong><\/em>: ce mod\u00e8le taille normalement. La mannequin mesure 1m78 et porte une taille 36.<\/p>\n<p><strong><em>Entretien<\/em><\/strong>: lavez \u00e0 30\u00b0C \u00e0 l&#8217;envers.<\/p>\n","protected":false},"excerpt":{"rendered":"<p>Short id\u00e9al pour les beaux jours ensoleill\u00e9s ! Short id\u00e9al pour les beaux jours. Sa couleur est p\u00e9tillante et totalement en ad\u00e9quation avec ce temps ! Short bleu Narciso Coupe ample Fermeture \u00e0 glissi\u00e8re et bouton sur le devant Poches lat\u00e9rales Composition: 100% coton biologique certifi\u00e9 GOTS Le coton biologique certifi\u00e9 GOTS contribue \u00e0 \u00e9conomiser [&hellip;]<\/p>\n","protected":false},"featured_media":2459473,"comment_status":"open","ping_status":"closed","template":"","meta":[],"product_brand":[],"product_cat":[1756,1762],"product_tag":[1810],"acf":[],"_links":{"self":[{"href":"https:\/\/streetmarkets.fr\/app\/wp-json\/wp\/v2\/product\/2459472"}],"collection":[{"href":"https:\/\/streetmarkets.fr\/app\/wp-json\/wp\/v2\/product"}],"about":[{"href":"https:\/\/streetmarkets.fr\/app\/wp-json\/wp\/v2\/types\/product"}],"replies":[{"embeddable":true,"href":"https:\/\/streetmarkets.fr\/app\/wp-json\/wp\/v2\/comments?post=2459472"}],"wp:featuredmedia":[{"embeddable":true,"href":"https:\/\/streetmarkets.fr\/app\/wp-json\/wp\/v2\/media\/2459473"}],"wp:attachment":[{"href":"https:\/\/streetmarkets.fr\/app\/wp-json\/wp\/v2\/media?parent=2459472"}],"wp:term":[{"taxonomy":"product_brand","embeddable":true,"href":"https:\/\/streetmarkets.fr\/app\/wp-json\/wp\/v2\/product_brand?post=2459472"},{"taxonomy":"product_cat","embeddable":true,"href":"https:\/\/streetmarkets.fr\/app\/wp-json\/wp\/v2\/product_cat?post=2459472"},{"taxonomy":"product_tag","embeddable":true,"href":"https:\/\/streetmarkets.fr\/app\/wp-json\/wp\/v2\/product_tag?post=2459472"}],"curies":[{"name":"wp","href":"https:\/\/api.w.org\/{rel}","templated":true}]}}