{"id":2459443,"date":"2025-08-15T01:51:15","date_gmt":"2025-08-14T23:51:15","guid":{"rendered":"https:\/\/streetmarkets.fr\/app\/produit\/robe-denim-tencel-cintree\/"},"modified":"2025-08-17T01:46:46","modified_gmt":"2025-08-16T23:46:46","slug":"robe-denim-tencel-cintree","status":"publish","type":"product","link":"https:\/\/streetmarkets.fr\/app\/produit\/robe-denim-tencel-cintree\/","title":{"rendered":"Robe Denim Tencel Cintr\u00e9e"},"content":{"rendered":"<p>Coup de c\u0153ur pour cette robe en jean! La coupe moderne et la mati\u00e8re toute douce compos\u00e9e de tencel et coton recycl\u00e9 en font une pi\u00e8ce de choix pour votre garde-robe.\u00a0<\/p>\n<p>Id\u00e9e look: une chemise en coton qui se tient + cette robe + des chaussettes styl\u00e9es + des babies aux pieds + une multitude de bijoux pour un style romantique urbain!<\/p>\n<ul>\n<li><span style=\"text-align:justify\">Robe en jean courte<\/span><\/li>\n<li><span style=\"text-align:justify\">Coupe<\/span> ajust\u00e9e<\/li>\n<li>Encolure ronde<\/li>\n<li>Sans manche<\/li>\n<li>Fermeture zipp\u00e9e dos<\/li>\n<\/ul>\n<p><strong><em>Composition<\/em>:<\/strong><\/p>\n<ul>\n<li>70 % Tencel Lyocell<\/li>\n<li>30 % coton recycl\u00e9<\/li>\n<li>Le Tencel Lyocell est une fibre v\u00e9g\u00e9tale artificielle issue de pulpe de bois de for\u00eats \u00e9co-g\u00e9r\u00e9es, g\u00e9n\u00e9ralement de l&#8217;eucalyptus. C&#8217;est une fibre biod\u00e9gradable, la production s&#8217;op\u00e8re en circuit ferm\u00e9 avec des solvants \u00e9cologiques r\u00e9utilis\u00e9s. Gr\u00e2ce \u00e0 cette fibre, les tissus en Tencel sont plus absorbants que le coton et plus doux que la soie.<\/li>\n<li>L&#8217;utilisation de coton recycl\u00e9 permet d&#8217;\u00e9conomiser l&#8217;\u00e9nergie et les ressources n\u00e9cessaires \u00e0 la fabrication de coton &#8220;neuf&#8221;.<\/li>\n<\/ul>\n<p><em><strong>Fabrication<\/strong><\/em>:<\/p>\n<ul>\n<li>Fabriqu\u00e9e \u00e9thiquement \u00e0 Istanbul en Turquie, par l&#8217;entreprise Komonteks Tekstil<span style=\"font-family:'Inconsolata Regular', sans-serif;font-size:14.9592px;background-color:#ffffff\"><\/span><\/li>\n<\/ul>\n<p><em><strong>Label(s)<\/strong><\/em>:\u00a0<\/p>\n<ul>\n<li style=\"text-align:left\"><b>PETA approved\u00a0<\/b><strong><\/strong><\/li>\n<\/ul>\n<p><em><strong>Conseil taille<\/strong><\/em>: ce mod\u00e8le taille normalement, optez pour votre taille habituelle. La mannequin mesure 1m80 et porte la taille S.\u00a0<\/p>\n<p><strong><em><\/em><\/strong><\/p>\n<p><strong><em>Entretien<\/em><\/strong>: lavez \u00e0 30\u00b0C en machine<\/p>\n<p><em><strong>Disponibilit\u00e9<\/strong>:<\/em> cette pi\u00e8ce est disponible dans notre boutique de Paris !<\/p>\n","protected":false},"excerpt":{"rendered":"<p>Coup de c\u0153ur pour cette robe en jean! La coupe moderne et la mati\u00e8re toute douce compos\u00e9e de tencel et coton recycl\u00e9 en font une pi\u00e8ce de choix pour votre garde-robe.\u00a0 Id\u00e9e look: une chemise en coton qui se tient + cette robe + des chaussettes styl\u00e9es + des babies aux pieds + une multitude [&hellip;]<\/p>\n","protected":false},"featured_media":2459444,"comment_status":"open","ping_status":"closed","template":"","meta":[],"product_brand":[],"product_cat":[1756,1762],"product_tag":[1810],"acf":[],"_links":{"self":[{"href":"https:\/\/streetmarkets.fr\/app\/wp-json\/wp\/v2\/product\/2459443"}],"collection":[{"href":"https:\/\/streetmarkets.fr\/app\/wp-json\/wp\/v2\/product"}],"about":[{"href":"https:\/\/streetmarkets.fr\/app\/wp-json\/wp\/v2\/types\/product"}],"replies":[{"embeddable":true,"href":"https:\/\/streetmarkets.fr\/app\/wp-json\/wp\/v2\/comments?post=2459443"}],"wp:featuredmedia":[{"embeddable":true,"href":"https:\/\/streetmarkets.fr\/app\/wp-json\/wp\/v2\/media\/2459444"}],"wp:attachment":[{"href":"https:\/\/streetmarkets.fr\/app\/wp-json\/wp\/v2\/media?parent=2459443"}],"wp:term":[{"taxonomy":"product_brand","embeddable":true,"href":"https:\/\/streetmarkets.fr\/app\/wp-json\/wp\/v2\/product_brand?post=2459443"},{"taxonomy":"product_cat","embeddable":true,"href":"https:\/\/streetmarkets.fr\/app\/wp-json\/wp\/v2\/product_cat?post=2459443"},{"taxonomy":"product_tag","embeddable":true,"href":"https:\/\/streetmarkets.fr\/app\/wp-json\/wp\/v2\/product_tag?post=2459443"}],"curies":[{"name":"wp","href":"https:\/\/api.w.org\/{rel}","templated":true}]}}