{"id":2459432,"date":"2025-08-15T01:51:14","date_gmt":"2025-08-14T23:51:14","guid":{"rendered":"https:\/\/streetmarkets.fr\/app\/produit\/jupe-jean-noire-longue\/"},"modified":"2025-08-17T01:46:46","modified_gmt":"2025-08-16T23:46:46","slug":"jupe-jean-noire-longue","status":"publish","type":"product","link":"https:\/\/streetmarkets.fr\/app\/produit\/jupe-jean-noire-longue\/","title":{"rendered":"Jupe Jean Noire Longue"},"content":{"rendered":"<p align=\"justify\">Superbe jupe en jean noire. Sa coupe droite, sa longueur et sa fente \u00e0 l&#8217;avant pr\u00e9sentent une silhouette flatteuse et tendance. La teinture noire brute a \u00e9t\u00e9 travaill\u00e9e pour r\u00e9v\u00e9ler tout le caract\u00e8re prononc\u00e9 de cette toile. Vous serez combl\u00e9e par ses finitions haut-de-gamme.<\/p>\n<ul>\n<li><span style=\"text-align:justify\">Jupe en jean longue, fente \u00e0 l&#8217;avant<\/span><\/li>\n<li><span style=\"text-align:justify\">Coupe droite<\/span><\/li>\n<li><span style=\"text-align:justify\">Taille haute<\/span><\/li>\n<li><span style=\"text-align:justify\">Cinq poches<\/span><\/li>\n<li><span style=\"text-align:justify\">Surpiqures noires<\/span><\/li>\n<li><span style=\"text-align:justify\">B<\/span>outons et rivets en cuivre<\/li>\n<li><span style=\"text-align:justify\">Fermeture zipp\u00e9e<\/span><\/li>\n<\/ul>\n<p align=\"justify\">\n<p><strong><em>Composition<\/em>:<\/strong><\/p>\n<ul>\n<li>100% coton biologique certifi\u00e9 GOTS<\/li>\n<li><em>Le coton biologique certifi\u00e9 GOTS contribue \u00e0 \u00e9conomiser de l\u2019eau, \u00e0 pr\u00e9server la sant\u00e9 des travailleurs ainsi que la biodiversit\u00e9, pour les g\u00e9n\u00e9rations \u00e0 venir.<\/em><\/li>\n<\/ul>\n<p><em><strong>Fabrication<\/strong><\/em>:<\/p>\n<ul>\n<li>Fabriqu\u00e9e en Tunisie \u00e0 Ras Jebel par Denim Authority S.A<\/li>\n<li><em>L&#8217;usine Denim Authority emploie des personnes en r\u00e9insertion et suit des processus rigoureux pour une fabrication plus \u00e9co-responsable, comme le recyclage des eaux us\u00e9es par exemple.<\/em><em><\/em><\/li>\n<\/ul>\n<p><em><\/em><\/p>\n<p><em><strong>Label(s)<\/strong><\/em>:\u00a0<\/p>\n<ul>\n<li style=\"text-align:left\"><strong>GOTS<\/strong>\u00a0(Global Organic Textile Standard) sur tout la cha\u00eene de production, de la culture du coton aux finitions.<\/li>\n<li style=\"text-align:left\"><strong>Fair Wear Foundation<\/strong><\/li>\n<\/ul>\n<p><em><strong>Conseil taille<\/strong><\/em>: ce mod\u00e8le taille normalement. Toutefois, si vous \u00eates entre deux tailles, optez pour la plus petite.<\/p>\n<p><strong><em>Entretien<\/em><\/strong>: lavez \u00e0 30\u00b0C en machine \u00e0 l&#8217;envers. Nous conseillons, comme pour les jeans, de porter cette pi\u00e8ce plusieurs semaines avant le premier lavage.<\/p>\n","protected":false},"excerpt":{"rendered":"<p>Superbe jupe en jean noire. Sa coupe droite, sa longueur et sa fente \u00e0 l&#8217;avant pr\u00e9sentent une silhouette flatteuse et tendance. La teinture noire brute a \u00e9t\u00e9 travaill\u00e9e pour r\u00e9v\u00e9ler tout le caract\u00e8re prononc\u00e9 de cette toile. Vous serez combl\u00e9e par ses finitions haut-de-gamme. Jupe en jean longue, fente \u00e0 l&#8217;avant Coupe droite Taille haute [&hellip;]<\/p>\n","protected":false},"featured_media":2459433,"comment_status":"open","ping_status":"closed","template":"","meta":[],"product_brand":[],"product_cat":[1756,1762],"product_tag":[1810],"acf":[],"_links":{"self":[{"href":"https:\/\/streetmarkets.fr\/app\/wp-json\/wp\/v2\/product\/2459432"}],"collection":[{"href":"https:\/\/streetmarkets.fr\/app\/wp-json\/wp\/v2\/product"}],"about":[{"href":"https:\/\/streetmarkets.fr\/app\/wp-json\/wp\/v2\/types\/product"}],"replies":[{"embeddable":true,"href":"https:\/\/streetmarkets.fr\/app\/wp-json\/wp\/v2\/comments?post=2459432"}],"wp:featuredmedia":[{"embeddable":true,"href":"https:\/\/streetmarkets.fr\/app\/wp-json\/wp\/v2\/media\/2459433"}],"wp:attachment":[{"href":"https:\/\/streetmarkets.fr\/app\/wp-json\/wp\/v2\/media?parent=2459432"}],"wp:term":[{"taxonomy":"product_brand","embeddable":true,"href":"https:\/\/streetmarkets.fr\/app\/wp-json\/wp\/v2\/product_brand?post=2459432"},{"taxonomy":"product_cat","embeddable":true,"href":"https:\/\/streetmarkets.fr\/app\/wp-json\/wp\/v2\/product_cat?post=2459432"},{"taxonomy":"product_tag","embeddable":true,"href":"https:\/\/streetmarkets.fr\/app\/wp-json\/wp\/v2\/product_tag?post=2459432"}],"curies":[{"name":"wp","href":"https:\/\/api.w.org\/{rel}","templated":true}]}}