{"id":2459409,"date":"2025-08-15T01:51:12","date_gmt":"2025-08-14T23:51:12","guid":{"rendered":"https:\/\/streetmarkets.fr\/app\/produit\/bague-hydre\/"},"modified":"2025-08-17T01:46:46","modified_gmt":"2025-08-16T23:46:46","slug":"bague-hydre","status":"publish","type":"product","link":"https:\/\/streetmarkets.fr\/app\/produit\/bague-hydre\/","title":{"rendered":"Bague Hydre"},"content":{"rendered":"<p>La bague Hydre a une surface irr\u00e9guli\u00e8re avec deux zircons, son nom fait r\u00e9f\u00e9rence au chaos de la nature. Bain d&#8217;or 24k 3 micron. Fabrication espagnole.<\/p>\n<p>La bague Hydre est un anneau \u00e0 la surface irr\u00e9guli\u00e8re avec deux petits zircons. Sa forme rappelle les tentacules de la cr\u00e9ature mythologique partageant son nom, surtout lorsque les bagues sont port\u00e9es en accumulation. Cette bague fait r\u00e9f\u00e9rence au chaos de la nature \u00e0 l&#8217;\u00e9tat sauvage.<\/p>\n<ul>\n<li style=\"text-align:justify\">Bague Hydre<\/li>\n<li style=\"border:0px;font-style:inherit;font-weight:inherit;margin:0px;padding:0px;vertical-align:baseline\">La surface est irr\u00e9guli\u00e8re<\/li>\n<li style=\"border:0px;font-style:inherit;font-weight:inherit;margin:0px;padding:0px;vertical-align:baseline\">Deux petits zircons<\/li>\n<\/ul>\n<p><strong><em>Composition<\/em>:<\/strong><\/p>\n<ul>\n<li>Laiton baign\u00e9 dans un bain (\u00e7a veut dire &#8220;plaqu\u00e9&#8221; mais un bain c&#8217;est plus po\u00e9tique) d&#8217;or 24k 3 microns<\/li>\n<li style=\"border:0px;font-style:inherit;font-weight:inherit;margin:0px;padding:0px;vertical-align:baseline\"><span style=\"color:#333333\">Mat\u00e9riaux r\u00e9sistants, \u00e9viter de les mettre au contact du chlore et du sel de mer<\/span><\/li>\n<\/ul>\n<p><span style=\"color:#333333\"><\/span><\/p>\n<p><em><strong>Fabrication<\/strong><\/em>:<\/p>\n<ul>\n<li>Ce bijoux est fabriqu\u00e9 en Espagne, dans une usine respectant les codes de conduites \u00e9thiques et certifi\u00e9e RJC<\/li>\n<\/ul>\n<p><em><strong>Label(s)<\/strong><\/em>:\u00a0<\/p>\n<\/p>\n<p><em><strong>Taille<\/strong><\/em>:\u00a0<\/p>\n<ul>\n<li>Taille S: diam\u00e8tre 1,66 cm<\/li>\n<li style=\"border:0px;font-style:inherit;font-weight:inherit;margin:0px;padding:0px;vertical-align:baseline\">Taille M: diam\u00e8tre 1,72 cm<\/li>\n<li style=\"border:0px;font-style:inherit;font-weight:inherit;margin:0px;padding:0px;vertical-align:baseline\">Taille L: diam\u00e8tre 1,78 cm<\/li>\n<\/ul>\n","protected":false},"excerpt":{"rendered":"<p>La bague Hydre a une surface irr\u00e9guli\u00e8re avec deux zircons, son nom fait r\u00e9f\u00e9rence au chaos de la nature. Bain d&#8217;or 24k 3 micron. Fabrication espagnole. La bague Hydre est un anneau \u00e0 la surface irr\u00e9guli\u00e8re avec deux petits zircons. Sa forme rappelle les tentacules de la cr\u00e9ature mythologique partageant son nom, surtout lorsque les [&hellip;]<\/p>\n","protected":false},"featured_media":2459410,"comment_status":"open","ping_status":"closed","template":"","meta":[],"product_brand":[],"product_cat":[1807,1756],"product_tag":[1810],"acf":[],"_links":{"self":[{"href":"https:\/\/streetmarkets.fr\/app\/wp-json\/wp\/v2\/product\/2459409"}],"collection":[{"href":"https:\/\/streetmarkets.fr\/app\/wp-json\/wp\/v2\/product"}],"about":[{"href":"https:\/\/streetmarkets.fr\/app\/wp-json\/wp\/v2\/types\/product"}],"replies":[{"embeddable":true,"href":"https:\/\/streetmarkets.fr\/app\/wp-json\/wp\/v2\/comments?post=2459409"}],"wp:featuredmedia":[{"embeddable":true,"href":"https:\/\/streetmarkets.fr\/app\/wp-json\/wp\/v2\/media\/2459410"}],"wp:attachment":[{"href":"https:\/\/streetmarkets.fr\/app\/wp-json\/wp\/v2\/media?parent=2459409"}],"wp:term":[{"taxonomy":"product_brand","embeddable":true,"href":"https:\/\/streetmarkets.fr\/app\/wp-json\/wp\/v2\/product_brand?post=2459409"},{"taxonomy":"product_cat","embeddable":true,"href":"https:\/\/streetmarkets.fr\/app\/wp-json\/wp\/v2\/product_cat?post=2459409"},{"taxonomy":"product_tag","embeddable":true,"href":"https:\/\/streetmarkets.fr\/app\/wp-json\/wp\/v2\/product_tag?post=2459409"}],"curies":[{"name":"wp","href":"https:\/\/api.w.org\/{rel}","templated":true}]}}