{"id":2459401,"date":"2025-08-15T01:51:11","date_gmt":"2025-08-14T23:51:11","guid":{"rendered":"https:\/\/streetmarkets.fr\/app\/produit\/short-marine-skfk\/"},"modified":"2025-08-17T01:46:46","modified_gmt":"2025-08-16T23:46:46","slug":"short-marine-skfk","status":"publish","type":"product","link":"https:\/\/streetmarkets.fr\/app\/produit\/short-marine-skfk\/","title":{"rendered":"Short marine SKFK"},"content":{"rendered":"<p>Un short bleu marine, tr\u00e8s chic, d\u00e9contract\u00e9 et facile \u00e0 porter : l\u2019essentiel de vos journ\u00e9es d\u2019\u00e9t\u00e9. Disponible chez Coco Friendly.<\/p>\n<p>Un short bleu marine, tr\u00e8s chic, d\u00e9contract\u00e9 et facile \u00e0 porter : l\u2019essentiel de vos journ\u00e9es d\u2019\u00e9t\u00e9. Disponible chez Coco Friendly.<\/p>\n<ul>\n<li>Bermuda\/short bleu marine<\/li>\n<li>Poches sur les c\u00f4t\u00e9s au niveau des coutures<\/li>\n<li>Fermeture par zip et bouton<\/li>\n<\/ul>\n<p><strong><em>Composition:<\/em><\/strong><strong><em><\/em><\/strong><\/p>\n<ul>\n<li>100% coton organique<\/li>\n<li>Le coton organique est cultiv\u00e9 sans engrais chimiques, ni pesticides en respectant les conditions des labels biologiques.<\/li>\n<\/ul>\n<p><em><strong>Fabrication:\u00a0<\/strong><\/em><\/p>\n<p>Fabriqu\u00e9 \u00e9thiquement en Inde<\/p>\n<\/p>\n<p><em><strong>Conseil taille:<\/strong>\u00a0<\/em>ce mod\u00e8le taille normalement.\u00a0<\/p>\n<\/p>\n<p><strong><em>Entretien:<\/em><\/strong>\u00a0lavez en machine (cycle d\u00e9licat)<\/p>\n","protected":false},"excerpt":{"rendered":"<p>Un short bleu marine, tr\u00e8s chic, d\u00e9contract\u00e9 et facile \u00e0 porter : l\u2019essentiel de vos journ\u00e9es d\u2019\u00e9t\u00e9. Disponible chez Coco Friendly. Un short bleu marine, tr\u00e8s chic, d\u00e9contract\u00e9 et facile \u00e0 porter : l\u2019essentiel de vos journ\u00e9es d\u2019\u00e9t\u00e9. Disponible chez Coco Friendly. Bermuda\/short bleu marine Poches sur les c\u00f4t\u00e9s au niveau des coutures Fermeture par [&hellip;]<\/p>\n","protected":false},"featured_media":2459402,"comment_status":"open","ping_status":"closed","template":"","meta":[],"product_brand":[],"product_cat":[1756,1762],"product_tag":[1810],"acf":[],"_links":{"self":[{"href":"https:\/\/streetmarkets.fr\/app\/wp-json\/wp\/v2\/product\/2459401"}],"collection":[{"href":"https:\/\/streetmarkets.fr\/app\/wp-json\/wp\/v2\/product"}],"about":[{"href":"https:\/\/streetmarkets.fr\/app\/wp-json\/wp\/v2\/types\/product"}],"replies":[{"embeddable":true,"href":"https:\/\/streetmarkets.fr\/app\/wp-json\/wp\/v2\/comments?post=2459401"}],"wp:featuredmedia":[{"embeddable":true,"href":"https:\/\/streetmarkets.fr\/app\/wp-json\/wp\/v2\/media\/2459402"}],"wp:attachment":[{"href":"https:\/\/streetmarkets.fr\/app\/wp-json\/wp\/v2\/media?parent=2459401"}],"wp:term":[{"taxonomy":"product_brand","embeddable":true,"href":"https:\/\/streetmarkets.fr\/app\/wp-json\/wp\/v2\/product_brand?post=2459401"},{"taxonomy":"product_cat","embeddable":true,"href":"https:\/\/streetmarkets.fr\/app\/wp-json\/wp\/v2\/product_cat?post=2459401"},{"taxonomy":"product_tag","embeddable":true,"href":"https:\/\/streetmarkets.fr\/app\/wp-json\/wp\/v2\/product_tag?post=2459401"}],"curies":[{"name":"wp","href":"https:\/\/api.w.org\/{rel}","templated":true}]}}