{"id":2459391,"date":"2025-08-15T01:51:10","date_gmt":"2025-08-14T23:51:10","guid":{"rendered":"https:\/\/streetmarkets.fr\/app\/produit\/robe-longue-noire-chanvre\/"},"modified":"2025-08-17T01:46:46","modified_gmt":"2025-08-16T23:46:46","slug":"robe-longue-noire-chanvre","status":"publish","type":"product","link":"https:\/\/streetmarkets.fr\/app\/produit\/robe-longue-noire-chanvre\/","title":{"rendered":"Robe Longue Noire Chanvre"},"content":{"rendered":"<p>Robe longue \u00e9vas\u00e9e noire en chanvre et coton biologique. Col rond et manche courte. Fabrication commerce \u00e9quitable.<\/p>\n<p>Ultra confort, cette robe longue noire allie minimalisme et coolitude. Fabriqu\u00e9e dans une \u00e9toffe de chanvre et coton, elle est l\u00e9g\u00e8re \u00e0 porter et parfaite en toute saison gr\u00e2ce aux propri\u00e9t\u00e9s thermor\u00e9gulatrices du chanvre.\u00a0<\/p>\n<p>Id\u00e9e style: portez cette robe ceintur\u00e9e, des grosses bottines et une tonne de bijoux ou cette robe avec une paire de sandales, une veste oversize et un maxi cabas. Pour les jours plus frais, un pull cropped sera parfait au dessus \ud83d\ude42<\/p>\n<ul>\n<li style=\"text-align:justify\">Robe longue noire<\/li>\n<li style=\"text-align:justify\">Coupe \u00e9vas\u00e9e<\/li>\n<li style=\"text-align:justify\">Col rond, manche courte<\/li>\n<li style=\"border:0px;font-style:inherit;font-weight:inherit;margin:0px;padding:0px;vertical-align:baseline\">Jersey de chanvre et coton<\/li>\n<\/ul>\n<p><strong><em>Composition<\/em><\/strong>:<\/p>\n<ul>\n<li>55% chanvre<\/li>\n<li>45 coton biologique certifi\u00e9 GOTS<\/li>\n<li>Le coton biologique certifi\u00e9 GOTS contribue \u00e0 \u00e9conomiser de l\u2019eau, \u00e0 pr\u00e9server la sant\u00e9 des travailleurs ainsi que la biodiversit\u00e9, pour les g\u00e9n\u00e9rations \u00e0 venir.<\/li>\n<li>Le chanvre est une plante qui pousse de 4 m\u00e8tres en seulement 4 mois \u2026 Sans besoin d\u2019\u00eatre irrigu\u00e9e. Elle draine les sols et favorise la biodiversit\u00e9. M\u00eame si la France est l\u2019un des leaders dans la production de chanvre, elle l\u2019utilise notamment dans l\u2019isolation et n\u2019a plus les machines pour la production textile\u2026 Tandis que la Chine, o\u00f9 le chanvre pousse beaucoup, est r\u00e9put\u00e9e pour la fabrication de ces tissus<\/li>\n<\/ul>\n<p><em><strong>Fabrication<\/strong><\/em>:<\/p>\n<ul>\n<li>Fabriqu\u00e9e \u00e9thiquement en Chine<\/li>\n<\/ul>\n<p><em><strong>Label(s)<\/strong><\/em>:\u00a0<\/p>\n<ul>\n<li style=\"text-align:left\"><b>OCS (organic blended content standard)<\/b><\/li>\n<\/ul>\n<p><em><strong>Conseil taille<\/strong><\/em>: ce mod\u00e8le taille normalement, optez pour votre taille habituelle. Le mannequin mesure 1m78 et porte une taille XS.<\/p>\n<\/p>\n<p><em><strong>Entretien<\/strong><\/em>: lavez \u00e0 30\u00b0C en machine<\/p>\n","protected":false},"excerpt":{"rendered":"<p>Robe longue \u00e9vas\u00e9e noire en chanvre et coton biologique. Col rond et manche courte. Fabrication commerce \u00e9quitable. Ultra confort, cette robe longue noire allie minimalisme et coolitude. Fabriqu\u00e9e dans une \u00e9toffe de chanvre et coton, elle est l\u00e9g\u00e8re \u00e0 porter et parfaite en toute saison gr\u00e2ce aux propri\u00e9t\u00e9s thermor\u00e9gulatrices du chanvre.\u00a0 Id\u00e9e style: portez cette [&hellip;]<\/p>\n","protected":false},"featured_media":2459392,"comment_status":"open","ping_status":"closed","template":"","meta":[],"product_brand":[],"product_cat":[1756,1762],"product_tag":[1810],"acf":[],"_links":{"self":[{"href":"https:\/\/streetmarkets.fr\/app\/wp-json\/wp\/v2\/product\/2459391"}],"collection":[{"href":"https:\/\/streetmarkets.fr\/app\/wp-json\/wp\/v2\/product"}],"about":[{"href":"https:\/\/streetmarkets.fr\/app\/wp-json\/wp\/v2\/types\/product"}],"replies":[{"embeddable":true,"href":"https:\/\/streetmarkets.fr\/app\/wp-json\/wp\/v2\/comments?post=2459391"}],"wp:featuredmedia":[{"embeddable":true,"href":"https:\/\/streetmarkets.fr\/app\/wp-json\/wp\/v2\/media\/2459392"}],"wp:attachment":[{"href":"https:\/\/streetmarkets.fr\/app\/wp-json\/wp\/v2\/media?parent=2459391"}],"wp:term":[{"taxonomy":"product_brand","embeddable":true,"href":"https:\/\/streetmarkets.fr\/app\/wp-json\/wp\/v2\/product_brand?post=2459391"},{"taxonomy":"product_cat","embeddable":true,"href":"https:\/\/streetmarkets.fr\/app\/wp-json\/wp\/v2\/product_cat?post=2459391"},{"taxonomy":"product_tag","embeddable":true,"href":"https:\/\/streetmarkets.fr\/app\/wp-json\/wp\/v2\/product_tag?post=2459391"}],"curies":[{"name":"wp","href":"https:\/\/api.w.org\/{rel}","templated":true}]}}